{"id":9981,"date":"2025-12-30T06:35:51","date_gmt":"2025-12-30T06:35:51","guid":{"rendered":"https:\/\/yonannlock.com\/?page_id=9981"},"modified":"2025-12-30T11:07:38","modified_gmt":"2025-12-30T11:07:38","slug":"khoa-tu-ky-thuat-so-2","status":"publish","type":"page","link":"https:\/\/yonannlock.com\/vi\/digital-locker-lock\/","title":{"rendered":"Kh\u00f3a t\u1ee7 \u0111i\u1ec7n t\u1eed"},"content":{"rendered":"<!-- AddThis Advanced Settings generic via filter on the_content --><!-- AddThis Share Buttons generic via filter on the_content -->","protected":false},"excerpt":{"rendered":"<p><!-- AddThis Advanced Settings generic via filter on get_the_excerpt --><!-- AddThis Share Buttons generic via filter on get_the_excerpt --><\/p>","protected":false},"author":1,"featured_media":0,"parent":0,"menu_order":0,"comment_status":"closed","ping_status":"closed","template":"product-category3.php","meta":{"_acf_changed":false,"site-sidebar-layout":"default","site-content-layout":"page-builder","ast-site-content-layout":"full-width-container","site-content-style":"unboxed","site-sidebar-style":"unboxed","ast-global-header-display":"","ast-banner-title-visibility":"","ast-main-header-display":"","ast-hfb-above-header-display":"","ast-hfb-below-header-display":"","ast-hfb-mobile-header-display":"","site-post-title":"","ast-breadcrumbs-content":"disabled","ast-featured-img":"","footer-sml-layout":"","ast-disable-related-posts":"","theme-transparent-header-meta":"default","adv-header-id-meta":"","stick-header-meta":"default","header-above-stick-meta":"","header-main-stick-meta":"","header-below-stick-meta":"","astra-migrate-meta-layouts":"set","ast-page-background-enabled":"default","ast-page-background-meta":{"desktop":{"background-color":"","background-image":"","background-repeat":"repeat","background-position":"center center","background-size":"auto","background-attachment":"scroll","background-type":"","background-media":"","overlay-type":"","overlay-color":"","overlay-opacity":"","overlay-gradient":""},"tablet":{"background-color":"","background-image":"","background-repeat":"repeat","background-position":"center center","background-size":"auto","background-attachment":"scroll","background-type":"","background-media":"","overlay-type":"","overlay-color":"","overlay-opacity":"","overlay-gradient":""},"mobile":{"background-color":"","background-image":"","background-repeat":"repeat","background-position":"center center","background-size":"auto","background-attachment":"scroll","background-type":"","background-media":"","overlay-type":"","overlay-color":"","overlay-opacity":"","overlay-gradient":""}},"ast-content-background-meta":{"desktop":{"background-color":"var(--ast-global-color-5)","background-image":"","background-repeat":"repeat","background-position":"center center","background-size":"auto","background-attachment":"scroll","background-type":"","background-media":"","overlay-type":"","overlay-color":"","overlay-opacity":"","overlay-gradient":""},"tablet":{"background-color":"var(--ast-global-color-5)","background-image":"","background-repeat":"repeat","background-position":"center center","background-size":"auto","background-attachment":"scroll","background-type":"","background-media":"","overlay-type":"","overlay-color":"","overlay-opacity":"","overlay-gradient":""},"mobile":{"background-color":"var(--ast-global-color-5)","background-image":"","background-repeat":"repeat","background-position":"center center","background-size":"auto","background-attachment":"scroll","background-type":"","background-media":"","overlay-type":"","overlay-color":"","overlay-opacity":"","overlay-gradient":""}},"footnotes":""},"class_list":["post-9981","page","type-page","status-publish","hentry"],"acf":[],"yoast_head":"<!-- This site is optimized with the Yoast SEO plugin v27.3 - https:\/\/yoast.com\/product\/yoast-seo-wordpress\/ -->\n<title>Digital Locker Lock for Manufacturers &amp; Projects | YonAnn<\/title>\n<meta name=\"description\" content=\"OEM-ready digital locker locks for cabinet manufacturers, furniture factories, and commercial projects. RFID, fingerprint, Bluetooth options\" \/>\n<meta name=\"robots\" content=\"index, follow, max-snippet:-1, max-image-preview:large, max-video-preview:-1\" \/>\n<link rel=\"canonical\" href=\"https:\/\/yonannlock.com\/vi\/khoa-tu-ky-thuat-so-2\/\" \/>\n<meta property=\"og:locale\" content=\"vi_VN\" \/>\n<meta property=\"og:type\" content=\"article\" \/>\n<meta property=\"og:title\" content=\"Digital Locker Lock for Manufacturers &amp; Projects | YonAnn\" \/>\n<meta property=\"og:description\" content=\"OEM-ready digital locker locks for cabinet manufacturers, furniture factories, and commercial projects. RFID, fingerprint, Bluetooth options\" \/>\n<meta property=\"og:url\" content=\"https:\/\/yonannlock.com\/vi\/khoa-tu-ky-thuat-so-2\/\" \/>\n<meta property=\"og:site_name\" content=\"Smart Lock Manufacturer And Supplier in China\" \/>\n<meta property=\"article:modified_time\" content=\"2025-12-30T11:07:38+00:00\" \/>\n<meta name=\"twitter:card\" content=\"summary_large_image\" \/>\n<script type=\"application\/ld+json\" class=\"yoast-schema-graph\">{\"@context\":\"https:\\\/\\\/schema.org\",\"@graph\":[{\"@type\":\"WebPage\",\"@id\":\"https:\\\/\\\/yonannlock.com\\\/digital-locker-lock\\\/\",\"url\":\"https:\\\/\\\/yonannlock.com\\\/digital-locker-lock\\\/\",\"name\":\"Digital Locker Lock for Manufacturers & Projects | YonAnn\",\"isPartOf\":{\"@id\":\"https:\\\/\\\/yonannlock.com\\\/vi\\\/#website\"},\"datePublished\":\"2025-12-30T06:35:51+00:00\",\"dateModified\":\"2025-12-30T11:07:38+00:00\",\"description\":\"OEM-ready digital locker locks for cabinet manufacturers, furniture factories, and commercial projects. RFID, fingerprint, Bluetooth options\",\"breadcrumb\":{\"@id\":\"https:\\\/\\\/yonannlock.com\\\/digital-locker-lock\\\/#breadcrumb\"},\"inLanguage\":\"vi\",\"potentialAction\":[{\"@type\":\"ReadAction\",\"target\":[\"https:\\\/\\\/yonannlock.com\\\/digital-locker-lock\\\/\"]}]},{\"@type\":\"BreadcrumbList\",\"@id\":\"https:\\\/\\\/yonannlock.com\\\/digital-locker-lock\\\/#breadcrumb\",\"itemListElement\":[{\"@type\":\"ListItem\",\"position\":1,\"name\":\"Home\",\"item\":\"https:\\\/\\\/yonannlock.com\\\/vi\\\/\"},{\"@type\":\"ListItem\",\"position\":2,\"name\":\"Digital Locker Lock\"}]},{\"@type\":\"WebSite\",\"@id\":\"https:\\\/\\\/yonannlock.com\\\/vi\\\/#website\",\"url\":\"https:\\\/\\\/yonannlock.com\\\/vi\\\/\",\"name\":\"Smart Lock Manufacturer And Supplier in China\",\"description\":\"\",\"publisher\":{\"@id\":\"https:\\\/\\\/yonannlock.com\\\/vi\\\/#organization\"},\"potentialAction\":[{\"@type\":\"SearchAction\",\"target\":{\"@type\":\"EntryPoint\",\"urlTemplate\":\"https:\\\/\\\/yonannlock.com\\\/vi\\\/?s={search_term_string}\"},\"query-input\":{\"@type\":\"PropertyValueSpecification\",\"valueRequired\":true,\"valueName\":\"search_term_string\"}}],\"inLanguage\":\"vi\"},{\"@type\":\"Organization\",\"@id\":\"https:\\\/\\\/yonannlock.com\\\/vi\\\/#organization\",\"name\":\"Smart Lock Manufacturer And Supplier in China\",\"url\":\"https:\\\/\\\/yonannlock.com\\\/vi\\\/\",\"logo\":{\"@type\":\"ImageObject\",\"inLanguage\":\"vi\",\"@id\":\"https:\\\/\\\/yonannlock.com\\\/vi\\\/#\\\/schema\\\/logo\\\/image\\\/\",\"url\":\"https:\\\/\\\/yonannlock.com\\\/wp-content\\\/uploads\\\/2026\\\/03\\\/cropped-LOGO-1.png\",\"contentUrl\":\"https:\\\/\\\/yonannlock.com\\\/wp-content\\\/uploads\\\/2026\\\/03\\\/cropped-LOGO-1.png\",\"width\":482,\"height\":167,\"caption\":\"Smart Lock Manufacturer And Supplier in China\"},\"image\":{\"@id\":\"https:\\\/\\\/yonannlock.com\\\/vi\\\/#\\\/schema\\\/logo\\\/image\\\/\"}}]}<\/script>\n<!-- \/ Yoast SEO plugin. -->","yoast_head_json":{"title":"Kh\u00f3a t\u1ee7 \u0111i\u1ec7n t\u1eed d\u00e0nh cho nh\u00e0 s\u1ea3n xu\u1ea5t v\u00e0 d\u1ef1 \u00e1n | YonAnn","description":"Kh\u00f3a t\u1ee7 \u0111i\u1ec7n t\u1eed OEM d\u00e0nh cho c\u00e1c nh\u00e0 s\u1ea3n xu\u1ea5t t\u1ee7, nh\u00e0 m\u00e1y s\u1ea3n xu\u1ea5t \u0111\u1ed3 n\u1ed9i th\u1ea5t v\u00e0 c\u00e1c d\u1ef1 \u00e1n th\u01b0\u01a1ng m\u1ea1i. C\u00f3 c\u00e1c t\u00f9y ch\u1ecdn RFID, v\u00e2n tay, Bluetooth.","robots":{"index":"index","follow":"follow","max-snippet":"max-snippet:-1","max-image-preview":"max-image-preview:large","max-video-preview":"max-video-preview:-1"},"canonical":"https:\/\/yonannlock.com\/vi\/khoa-tu-ky-thuat-so-2\/","og_locale":"vi_VN","og_type":"article","og_title":"Digital Locker Lock for Manufacturers & Projects | YonAnn","og_description":"OEM-ready digital locker locks for cabinet manufacturers, furniture factories, and commercial projects. RFID, fingerprint, Bluetooth options","og_url":"https:\/\/yonannlock.com\/vi\/khoa-tu-ky-thuat-so-2\/","og_site_name":"Smart Lock Manufacturer And Supplier in China","article_modified_time":"2025-12-30T11:07:38+00:00","twitter_card":"summary_large_image","schema":{"@context":"https:\/\/schema.org","@graph":[{"@type":"WebPage","@id":"https:\/\/yonannlock.com\/digital-locker-lock\/","url":"https:\/\/yonannlock.com\/digital-locker-lock\/","name":"Kh\u00f3a t\u1ee7 \u0111i\u1ec7n t\u1eed d\u00e0nh cho nh\u00e0 s\u1ea3n xu\u1ea5t v\u00e0 d\u1ef1 \u00e1n | YonAnn","isPartOf":{"@id":"https:\/\/yonannlock.com\/vi\/#website"},"datePublished":"2025-12-30T06:35:51+00:00","dateModified":"2025-12-30T11:07:38+00:00","description":"Kh\u00f3a t\u1ee7 \u0111i\u1ec7n t\u1eed OEM d\u00e0nh cho c\u00e1c nh\u00e0 s\u1ea3n xu\u1ea5t t\u1ee7, nh\u00e0 m\u00e1y s\u1ea3n xu\u1ea5t \u0111\u1ed3 n\u1ed9i th\u1ea5t v\u00e0 c\u00e1c d\u1ef1 \u00e1n th\u01b0\u01a1ng m\u1ea1i. C\u00f3 c\u00e1c t\u00f9y ch\u1ecdn RFID, v\u00e2n tay, Bluetooth.","breadcrumb":{"@id":"https:\/\/yonannlock.com\/digital-locker-lock\/#breadcrumb"},"inLanguage":"vi","potentialAction":[{"@type":"ReadAction","target":["https:\/\/yonannlock.com\/digital-locker-lock\/"]}]},{"@type":"BreadcrumbList","@id":"https:\/\/yonannlock.com\/digital-locker-lock\/#breadcrumb","itemListElement":[{"@type":"ListItem","position":1,"name":"Home","item":"https:\/\/yonannlock.com\/vi\/"},{"@type":"ListItem","position":2,"name":"Digital Locker Lock"}]},{"@type":"WebSite","@id":"https:\/\/yonannlock.com\/vi\/#website","url":"https:\/\/yonannlock.com\/vi\/","name":"Nh\u00e0 s\u1ea3n xu\u1ea5t v\u00e0 cung c\u1ea5p kh\u00f3a th\u00f4ng minh t\u1ea1i Trung Qu\u1ed1c","description":"","publisher":{"@id":"https:\/\/yonannlock.com\/vi\/#organization"},"potentialAction":[{"@type":"SearchAction","target":{"@type":"EntryPoint","urlTemplate":"https:\/\/yonannlock.com\/vi\/?s={search_term_string}"},"query-input":{"@type":"PropertyValueSpecification","valueRequired":true,"valueName":"search_term_string"}}],"inLanguage":"vi"},{"@type":"Organization","@id":"https:\/\/yonannlock.com\/vi\/#organization","name":"Nh\u00e0 s\u1ea3n xu\u1ea5t v\u00e0 cung c\u1ea5p kh\u00f3a th\u00f4ng minh t\u1ea1i Trung Qu\u1ed1c","url":"https:\/\/yonannlock.com\/vi\/","logo":{"@type":"ImageObject","inLanguage":"vi","@id":"https:\/\/yonannlock.com\/vi\/#\/schema\/logo\/image\/","url":"https:\/\/yonannlock.com\/wp-content\/uploads\/2026\/03\/cropped-LOGO-1.png","contentUrl":"https:\/\/yonannlock.com\/wp-content\/uploads\/2026\/03\/cropped-LOGO-1.png","width":482,"height":167,"caption":"Smart Lock Manufacturer And Supplier in China"},"image":{"@id":"https:\/\/yonannlock.com\/vi\/#\/schema\/logo\/image\/"}}]}},"_links":{"self":[{"href":"https:\/\/yonannlock.com\/vi\/wp-json\/wp\/v2\/pages\/9981","targetHints":{"allow":["GET"]}}],"collection":[{"href":"https:\/\/yonannlock.com\/vi\/wp-json\/wp\/v2\/pages"}],"about":[{"href":"https:\/\/yonannlock.com\/vi\/wp-json\/wp\/v2\/types\/page"}],"author":[{"embeddable":true,"href":"https:\/\/yonannlock.com\/vi\/wp-json\/wp\/v2\/users\/1"}],"replies":[{"embeddable":true,"href":"https:\/\/yonannlock.com\/vi\/wp-json\/wp\/v2\/comments?post=9981"}],"version-history":[{"count":18,"href":"https:\/\/yonannlock.com\/vi\/wp-json\/wp\/v2\/pages\/9981\/revisions"}],"predecessor-version":[{"id":10013,"href":"https:\/\/yonannlock.com\/vi\/wp-json\/wp\/v2\/pages\/9981\/revisions\/10013"}],"wp:attachment":[{"href":"https:\/\/yonannlock.com\/vi\/wp-json\/wp\/v2\/media?parent=9981"}],"curies":[{"name":"wp","href":"https:\/\/api.w.org\/{rel}","templated":true}]}}