{"id":8072,"date":"2025-04-23T14:19:28","date_gmt":"2025-04-23T14:19:28","guid":{"rendered":"https:\/\/yonannlock.com\/?page_id=8072"},"modified":"2025-05-21T08:33:59","modified_gmt":"2025-05-21T08:33:59","slug":"tuya-lock-matter-apple-google-alexa","status":"publish","type":"page","link":"https:\/\/yonannlock.com\/vi\/tuya-smart-lock-with-matter-works-with-apple-google-and-alexa\/","title":{"rendered":"Kh\u00f3a th\u00f4ng minh Tuya v\u1edbi Matter \u2013 T\u01b0\u01a1ng th\u00edch v\u1edbi Apple, Google v\u00e0 Alexa"},"content":{"rendered":"<!-- AddThis Advanced Settings generic via filter on the_content --><!-- AddThis Share Buttons generic via filter on the_content -->","protected":false},"excerpt":{"rendered":"<p><!-- AddThis Advanced Settings generic via filter on get_the_excerpt --><!-- AddThis Share Buttons generic via filter on get_the_excerpt --><\/p>","protected":false},"author":1,"featured_media":0,"parent":0,"menu_order":0,"comment_status":"closed","ping_status":"closed","template":"product-details3.php","meta":{"_acf_changed":false,"site-sidebar-layout":"default","site-content-layout":"page-builder","ast-site-content-layout":"full-width-container","site-content-style":"unboxed","site-sidebar-style":"unboxed","ast-global-header-display":"","ast-banner-title-visibility":"","ast-main-header-display":"","ast-hfb-above-header-display":"","ast-hfb-below-header-display":"","ast-hfb-mobile-header-display":"","site-post-title":"","ast-breadcrumbs-content":"disabled","ast-featured-img":"","footer-sml-layout":"","ast-disable-related-posts":"","theme-transparent-header-meta":"default","adv-header-id-meta":"","stick-header-meta":"default","header-above-stick-meta":"","header-main-stick-meta":"","header-below-stick-meta":"","astra-migrate-meta-layouts":"set","ast-page-background-enabled":"default","ast-page-background-meta":{"desktop":{"background-color":"","background-image":"","background-repeat":"repeat","background-position":"center center","background-size":"auto","background-attachment":"scroll","background-type":"","background-media":"","overlay-type":"","overlay-color":"","overlay-opacity":"","overlay-gradient":""},"tablet":{"background-color":"","background-image":"","background-repeat":"repeat","background-position":"center center","background-size":"auto","background-attachment":"scroll","background-type":"","background-media":"","overlay-type":"","overlay-color":"","overlay-opacity":"","overlay-gradient":""},"mobile":{"background-color":"","background-image":"","background-repeat":"repeat","background-position":"center center","background-size":"auto","background-attachment":"scroll","background-type":"","background-media":"","overlay-type":"","overlay-color":"","overlay-opacity":"","overlay-gradient":""}},"ast-content-background-meta":{"desktop":{"background-color":"var(--ast-global-color-5)","background-image":"","background-repeat":"repeat","background-position":"center center","background-size":"auto","background-attachment":"scroll","background-type":"","background-media":"","overlay-type":"","overlay-color":"","overlay-opacity":"","overlay-gradient":""},"tablet":{"background-color":"var(--ast-global-color-5)","background-image":"","background-repeat":"repeat","background-position":"center center","background-size":"auto","background-attachment":"scroll","background-type":"","background-media":"","overlay-type":"","overlay-color":"","overlay-opacity":"","overlay-gradient":""},"mobile":{"background-color":"var(--ast-global-color-5)","background-image":"","background-repeat":"repeat","background-position":"center center","background-size":"auto","background-attachment":"scroll","background-type":"","background-media":"","overlay-type":"","overlay-color":"","overlay-opacity":"","overlay-gradient":""}},"footnotes":""},"class_list":["post-8072","page","type-page","status-publish","hentry"],"acf":[],"yoast_head":"<!-- This site is optimized with the Yoast SEO plugin v27.4 - https:\/\/yoast.com\/product\/yoast-seo-wordpress\/ -->\n<title>Tuya Lock with Matter | Tuya smart lock Apple Google Alexa<\/title>\n<meta name=\"description\" content=\"Enjoy seamless smart home control. Work with Tuya smart lock, Apple Siri, Google Alexa, and related smart home systems.\" \/>\n<meta name=\"robots\" content=\"index, follow, max-snippet:-1, max-image-preview:large, max-video-preview:-1\" \/>\n<link rel=\"canonical\" href=\"https:\/\/yonannlock.com\/vi\/khoa-thong-minh-tuya-voi-matter-hoat-dong-voi-apple-google-va-alexa\/\" \/>\n<meta property=\"og:locale\" content=\"vi_VN\" \/>\n<meta property=\"og:type\" content=\"article\" \/>\n<meta property=\"og:title\" content=\"Tuya Lock with Matter | Tuya smart lock Apple Google Alexa\" \/>\n<meta property=\"og:description\" content=\"Enjoy seamless smart home control. Work with Tuya smart lock, Apple Siri, Google Alexa, and related smart home systems.\" \/>\n<meta property=\"og:url\" content=\"https:\/\/yonannlock.com\/vi\/khoa-thong-minh-tuya-voi-matter-hoat-dong-voi-apple-google-va-alexa\/\" \/>\n<meta property=\"og:site_name\" content=\"Smart Lock Manufacturer And Supplier in China\" \/>\n<meta property=\"article:modified_time\" content=\"2025-05-21T08:33:59+00:00\" \/>\n<meta name=\"twitter:card\" content=\"summary_large_image\" \/>\n<script type=\"application\/ld+json\" class=\"yoast-schema-graph\">{\"@context\":\"https:\\\/\\\/schema.org\",\"@graph\":[{\"@type\":\"WebPage\",\"@id\":\"https:\\\/\\\/yonannlock.com\\\/tuya-smart-lock-with-matter-works-with-apple-google-and-alexa\\\/\",\"url\":\"https:\\\/\\\/yonannlock.com\\\/tuya-smart-lock-with-matter-works-with-apple-google-and-alexa\\\/\",\"name\":\"Tuya Lock with Matter | Tuya smart lock Apple Google Alexa\",\"isPartOf\":{\"@id\":\"https:\\\/\\\/yonannlock.com\\\/vi\\\/#website\"},\"datePublished\":\"2025-04-23T14:19:28+00:00\",\"dateModified\":\"2025-05-21T08:33:59+00:00\",\"description\":\"Enjoy seamless smart home control. Work with Tuya smart lock, Apple Siri, Google Alexa, and related smart home systems.\",\"breadcrumb\":{\"@id\":\"https:\\\/\\\/yonannlock.com\\\/tuya-smart-lock-with-matter-works-with-apple-google-and-alexa\\\/#breadcrumb\"},\"inLanguage\":\"vi\",\"potentialAction\":[{\"@type\":\"ReadAction\",\"target\":[\"https:\\\/\\\/yonannlock.com\\\/tuya-smart-lock-with-matter-works-with-apple-google-and-alexa\\\/\"]}]},{\"@type\":\"BreadcrumbList\",\"@id\":\"https:\\\/\\\/yonannlock.com\\\/tuya-smart-lock-with-matter-works-with-apple-google-and-alexa\\\/#breadcrumb\",\"itemListElement\":[{\"@type\":\"ListItem\",\"position\":1,\"name\":\"Home\",\"item\":\"https:\\\/\\\/yonannlock.com\\\/vi\\\/\"},{\"@type\":\"ListItem\",\"position\":2,\"name\":\"Tuya Smart Lock with Matter \u2013 Works with Apple, Google, and Alexa\"}]},{\"@type\":\"WebSite\",\"@id\":\"https:\\\/\\\/yonannlock.com\\\/vi\\\/#website\",\"url\":\"https:\\\/\\\/yonannlock.com\\\/vi\\\/\",\"name\":\"Smart Lock Manufacturer And Supplier in China\",\"description\":\"\",\"publisher\":{\"@id\":\"https:\\\/\\\/yonannlock.com\\\/vi\\\/#organization\"},\"potentialAction\":[{\"@type\":\"SearchAction\",\"target\":{\"@type\":\"EntryPoint\",\"urlTemplate\":\"https:\\\/\\\/yonannlock.com\\\/vi\\\/?s={search_term_string}\"},\"query-input\":{\"@type\":\"PropertyValueSpecification\",\"valueRequired\":true,\"valueName\":\"search_term_string\"}}],\"inLanguage\":\"vi\"},{\"@type\":\"Organization\",\"@id\":\"https:\\\/\\\/yonannlock.com\\\/vi\\\/#organization\",\"name\":\"Smart Lock Manufacturer And Supplier in China\",\"url\":\"https:\\\/\\\/yonannlock.com\\\/vi\\\/\",\"logo\":{\"@type\":\"ImageObject\",\"inLanguage\":\"vi\",\"@id\":\"https:\\\/\\\/yonannlock.com\\\/vi\\\/#\\\/schema\\\/logo\\\/image\\\/\",\"url\":\"https:\\\/\\\/yonannlock.com\\\/wp-content\\\/uploads\\\/2026\\\/03\\\/cropped-LOGO-1.png\",\"contentUrl\":\"https:\\\/\\\/yonannlock.com\\\/wp-content\\\/uploads\\\/2026\\\/03\\\/cropped-LOGO-1.png\",\"width\":482,\"height\":167,\"caption\":\"Smart Lock Manufacturer And Supplier in China\"},\"image\":{\"@id\":\"https:\\\/\\\/yonannlock.com\\\/vi\\\/#\\\/schema\\\/logo\\\/image\\\/\"}}]}<\/script>\n<!-- \/ Yoast SEO plugin. -->","yoast_head_json":{"title":"Kh\u00f3a Tuya v\u1edbi Matter | Kh\u00f3a th\u00f4ng minh Tuya Apple Google Alexa","description":"T\u1eadn h\u01b0\u1edfng kh\u1ea3 n\u0103ng \u0111i\u1ec1u khi\u1ec3n nh\u00e0 th\u00f4ng minh li\u1ec1n m\u1ea1ch. T\u01b0\u01a1ng th\u00edch v\u1edbi kh\u00f3a th\u00f4ng minh Tuya, Apple Siri, Google Alexa v\u00e0 c\u00e1c h\u1ec7 th\u1ed1ng nh\u00e0 th\u00f4ng minh li\u00ean quan.","robots":{"index":"index","follow":"follow","max-snippet":"max-snippet:-1","max-image-preview":"max-image-preview:large","max-video-preview":"max-video-preview:-1"},"canonical":"https:\/\/yonannlock.com\/vi\/khoa-thong-minh-tuya-voi-matter-hoat-dong-voi-apple-google-va-alexa\/","og_locale":"vi_VN","og_type":"article","og_title":"Tuya Lock with Matter | Tuya smart lock Apple Google Alexa","og_description":"Enjoy seamless smart home control. Work with Tuya smart lock, Apple Siri, Google Alexa, and related smart home systems.","og_url":"https:\/\/yonannlock.com\/vi\/khoa-thong-minh-tuya-voi-matter-hoat-dong-voi-apple-google-va-alexa\/","og_site_name":"Smart Lock Manufacturer And Supplier in China","article_modified_time":"2025-05-21T08:33:59+00:00","twitter_card":"summary_large_image","schema":{"@context":"https:\/\/schema.org","@graph":[{"@type":"WebPage","@id":"https:\/\/yonannlock.com\/tuya-smart-lock-with-matter-works-with-apple-google-and-alexa\/","url":"https:\/\/yonannlock.com\/tuya-smart-lock-with-matter-works-with-apple-google-and-alexa\/","name":"Kh\u00f3a Tuya v\u1edbi Matter | Kh\u00f3a th\u00f4ng minh Tuya Apple Google Alexa","isPartOf":{"@id":"https:\/\/yonannlock.com\/vi\/#website"},"datePublished":"2025-04-23T14:19:28+00:00","dateModified":"2025-05-21T08:33:59+00:00","description":"T\u1eadn h\u01b0\u1edfng kh\u1ea3 n\u0103ng \u0111i\u1ec1u khi\u1ec3n nh\u00e0 th\u00f4ng minh li\u1ec1n m\u1ea1ch. T\u01b0\u01a1ng th\u00edch v\u1edbi kh\u00f3a th\u00f4ng minh Tuya, Apple Siri, Google Alexa v\u00e0 c\u00e1c h\u1ec7 th\u1ed1ng nh\u00e0 th\u00f4ng minh li\u00ean quan.","breadcrumb":{"@id":"https:\/\/yonannlock.com\/tuya-smart-lock-with-matter-works-with-apple-google-and-alexa\/#breadcrumb"},"inLanguage":"vi","potentialAction":[{"@type":"ReadAction","target":["https:\/\/yonannlock.com\/tuya-smart-lock-with-matter-works-with-apple-google-and-alexa\/"]}]},{"@type":"BreadcrumbList","@id":"https:\/\/yonannlock.com\/tuya-smart-lock-with-matter-works-with-apple-google-and-alexa\/#breadcrumb","itemListElement":[{"@type":"ListItem","position":1,"name":"Home","item":"https:\/\/yonannlock.com\/vi\/"},{"@type":"ListItem","position":2,"name":"Tuya Smart Lock with Matter \u2013 Works with Apple, Google, and Alexa"}]},{"@type":"WebSite","@id":"https:\/\/yonannlock.com\/vi\/#website","url":"https:\/\/yonannlock.com\/vi\/","name":"Nh\u00e0 s\u1ea3n xu\u1ea5t v\u00e0 cung c\u1ea5p kh\u00f3a th\u00f4ng minh t\u1ea1i Trung Qu\u1ed1c","description":"","publisher":{"@id":"https:\/\/yonannlock.com\/vi\/#organization"},"potentialAction":[{"@type":"SearchAction","target":{"@type":"EntryPoint","urlTemplate":"https:\/\/yonannlock.com\/vi\/?s={search_term_string}"},"query-input":{"@type":"PropertyValueSpecification","valueRequired":true,"valueName":"search_term_string"}}],"inLanguage":"vi"},{"@type":"Organization","@id":"https:\/\/yonannlock.com\/vi\/#organization","name":"Nh\u00e0 s\u1ea3n xu\u1ea5t v\u00e0 cung c\u1ea5p kh\u00f3a th\u00f4ng minh t\u1ea1i Trung Qu\u1ed1c","url":"https:\/\/yonannlock.com\/vi\/","logo":{"@type":"ImageObject","inLanguage":"vi","@id":"https:\/\/yonannlock.com\/vi\/#\/schema\/logo\/image\/","url":"https:\/\/yonannlock.com\/wp-content\/uploads\/2026\/03\/cropped-LOGO-1.png","contentUrl":"https:\/\/yonannlock.com\/wp-content\/uploads\/2026\/03\/cropped-LOGO-1.png","width":482,"height":167,"caption":"Smart Lock Manufacturer And Supplier in China"},"image":{"@id":"https:\/\/yonannlock.com\/vi\/#\/schema\/logo\/image\/"}}]}},"_links":{"self":[{"href":"https:\/\/yonannlock.com\/vi\/wp-json\/wp\/v2\/pages\/8072","targetHints":{"allow":["GET"]}}],"collection":[{"href":"https:\/\/yonannlock.com\/vi\/wp-json\/wp\/v2\/pages"}],"about":[{"href":"https:\/\/yonannlock.com\/vi\/wp-json\/wp\/v2\/types\/page"}],"author":[{"embeddable":true,"href":"https:\/\/yonannlock.com\/vi\/wp-json\/wp\/v2\/users\/1"}],"replies":[{"embeddable":true,"href":"https:\/\/yonannlock.com\/vi\/wp-json\/wp\/v2\/comments?post=8072"}],"version-history":[{"count":3,"href":"https:\/\/yonannlock.com\/vi\/wp-json\/wp\/v2\/pages\/8072\/revisions"}],"predecessor-version":[{"id":8782,"href":"https:\/\/yonannlock.com\/vi\/wp-json\/wp\/v2\/pages\/8072\/revisions\/8782"}],"wp:attachment":[{"href":"https:\/\/yonannlock.com\/vi\/wp-json\/wp\/v2\/media?parent=8072"}],"curies":[{"name":"wp","href":"https:\/\/api.w.org\/{rel}","templated":true}]}}