{"id":8065,"date":"2025-04-23T13:51:12","date_gmt":"2025-04-23T13:51:12","guid":{"rendered":"https:\/\/yonannlock.com\/?page_id=8065"},"modified":"2025-05-21T07:11:25","modified_gmt":"2025-05-21T07:11:25","slug":"2025-tuya-lock-matter-top-choice","status":"publish","type":"page","link":"https:\/\/yonannlock.com\/vi\/2025-top-pick-matter-compatible-tuya-smart-lock-for-full-smart-home-control\/","title":{"rendered":"L\u1ef1a ch\u1ecdn h\u00e0ng \u0111\u1ea7u n\u0103m 2025: Kh\u00f3a th\u00f4ng minh Tuya t\u01b0\u01a1ng th\u00edch v\u1edbi Matter \u0111\u1ec3 \u0111i\u1ec1u khi\u1ec3n to\u00e0n b\u1ed9 ng\u00f4i nh\u00e0 th\u00f4ng minh"},"content":{"rendered":"<!-- AddThis Advanced Settings generic via filter on the_content --><!-- AddThis Share Buttons generic via filter on the_content -->","protected":false},"excerpt":{"rendered":"<p><!-- AddThis Advanced Settings generic via filter on get_the_excerpt --><!-- AddThis Share Buttons generic via filter on get_the_excerpt --><\/p>","protected":false},"author":1,"featured_media":0,"parent":0,"menu_order":0,"comment_status":"closed","ping_status":"closed","template":"product-details3.php","meta":{"_acf_changed":false,"site-sidebar-layout":"default","site-content-layout":"page-builder","ast-site-content-layout":"full-width-container","site-content-style":"unboxed","site-sidebar-style":"unboxed","ast-global-header-display":"","ast-banner-title-visibility":"","ast-main-header-display":"","ast-hfb-above-header-display":"","ast-hfb-below-header-display":"","ast-hfb-mobile-header-display":"","site-post-title":"","ast-breadcrumbs-content":"disabled","ast-featured-img":"","footer-sml-layout":"","ast-disable-related-posts":"","theme-transparent-header-meta":"default","adv-header-id-meta":"","stick-header-meta":"default","header-above-stick-meta":"","header-main-stick-meta":"","header-below-stick-meta":"","astra-migrate-meta-layouts":"set","ast-page-background-enabled":"default","ast-page-background-meta":{"desktop":{"background-color":"","background-image":"","background-repeat":"repeat","background-position":"center center","background-size":"auto","background-attachment":"scroll","background-type":"","background-media":"","overlay-type":"","overlay-color":"","overlay-opacity":"","overlay-gradient":""},"tablet":{"background-color":"","background-image":"","background-repeat":"repeat","background-position":"center center","background-size":"auto","background-attachment":"scroll","background-type":"","background-media":"","overlay-type":"","overlay-color":"","overlay-opacity":"","overlay-gradient":""},"mobile":{"background-color":"","background-image":"","background-repeat":"repeat","background-position":"center center","background-size":"auto","background-attachment":"scroll","background-type":"","background-media":"","overlay-type":"","overlay-color":"","overlay-opacity":"","overlay-gradient":""}},"ast-content-background-meta":{"desktop":{"background-color":"var(--ast-global-color-5)","background-image":"","background-repeat":"repeat","background-position":"center center","background-size":"auto","background-attachment":"scroll","background-type":"","background-media":"","overlay-type":"","overlay-color":"","overlay-opacity":"","overlay-gradient":""},"tablet":{"background-color":"var(--ast-global-color-5)","background-image":"","background-repeat":"repeat","background-position":"center center","background-size":"auto","background-attachment":"scroll","background-type":"","background-media":"","overlay-type":"","overlay-color":"","overlay-opacity":"","overlay-gradient":""},"mobile":{"background-color":"var(--ast-global-color-5)","background-image":"","background-repeat":"repeat","background-position":"center center","background-size":"auto","background-attachment":"scroll","background-type":"","background-media":"","overlay-type":"","overlay-color":"","overlay-opacity":"","overlay-gradient":""}},"footnotes":""},"class_list":["post-8065","page","type-page","status-publish","hentry"],"acf":[],"yoast_head":"<!-- This site is optimized with the Yoast SEO plugin v27.4 - https:\/\/yoast.com\/product\/yoast-seo-wordpress\/ -->\n<title>2025 Tuya smart lock Matter | Compatible with Matter<\/title>\n<meta name=\"description\" content=\"See why Tuya smart locks with Matter are the top smart lock pick for 2025. Unify your smart home easily to Google, Samsung, Amazon and Apple.\" \/>\n<meta name=\"robots\" content=\"index, follow, max-snippet:-1, max-image-preview:large, max-video-preview:-1\" \/>\n<link rel=\"canonical\" href=\"https:\/\/yonannlock.com\/vi\/lua-chon-hang-dau-nam-2025-ve-khoa-thong-minh-tuya-tuong-thich-de-dieu-khien-toan-bo-ngoi-nha-thong-minh\/\" \/>\n<meta property=\"og:locale\" content=\"vi_VN\" \/>\n<meta property=\"og:type\" content=\"article\" \/>\n<meta property=\"og:title\" content=\"2025 Tuya smart lock Matter | Compatible with Matter\" \/>\n<meta property=\"og:description\" content=\"See why Tuya smart locks with Matter are the top smart lock pick for 2025. Unify your smart home easily to Google, Samsung, Amazon and Apple.\" \/>\n<meta property=\"og:url\" content=\"https:\/\/yonannlock.com\/vi\/lua-chon-hang-dau-nam-2025-ve-khoa-thong-minh-tuya-tuong-thich-de-dieu-khien-toan-bo-ngoi-nha-thong-minh\/\" \/>\n<meta property=\"og:site_name\" content=\"Smart Lock Manufacturer And Supplier in China\" \/>\n<meta property=\"article:modified_time\" content=\"2025-05-21T07:11:25+00:00\" \/>\n<meta name=\"twitter:card\" content=\"summary_large_image\" \/>\n<script type=\"application\/ld+json\" class=\"yoast-schema-graph\">{\"@context\":\"https:\\\/\\\/schema.org\",\"@graph\":[{\"@type\":\"WebPage\",\"@id\":\"https:\\\/\\\/yonannlock.com\\\/2025-top-pick-matter-compatible-tuya-smart-lock-for-full-smart-home-control\\\/\",\"url\":\"https:\\\/\\\/yonannlock.com\\\/2025-top-pick-matter-compatible-tuya-smart-lock-for-full-smart-home-control\\\/\",\"name\":\"2025 Tuya smart lock Matter | Compatible with Matter\",\"isPartOf\":{\"@id\":\"https:\\\/\\\/yonannlock.com\\\/vi\\\/#website\"},\"datePublished\":\"2025-04-23T13:51:12+00:00\",\"dateModified\":\"2025-05-21T07:11:25+00:00\",\"description\":\"See why Tuya smart locks with Matter are the top smart lock pick for 2025. Unify your smart home easily to Google, Samsung, Amazon and Apple.\",\"breadcrumb\":{\"@id\":\"https:\\\/\\\/yonannlock.com\\\/2025-top-pick-matter-compatible-tuya-smart-lock-for-full-smart-home-control\\\/#breadcrumb\"},\"inLanguage\":\"vi\",\"potentialAction\":[{\"@type\":\"ReadAction\",\"target\":[\"https:\\\/\\\/yonannlock.com\\\/2025-top-pick-matter-compatible-tuya-smart-lock-for-full-smart-home-control\\\/\"]}]},{\"@type\":\"BreadcrumbList\",\"@id\":\"https:\\\/\\\/yonannlock.com\\\/2025-top-pick-matter-compatible-tuya-smart-lock-for-full-smart-home-control\\\/#breadcrumb\",\"itemListElement\":[{\"@type\":\"ListItem\",\"position\":1,\"name\":\"Home\",\"item\":\"https:\\\/\\\/yonannlock.com\\\/vi\\\/\"},{\"@type\":\"ListItem\",\"position\":2,\"name\":\"2025 Top Pick: Matter-Compatible Tuya Smart Lock for Full Smart Home Control\"}]},{\"@type\":\"WebSite\",\"@id\":\"https:\\\/\\\/yonannlock.com\\\/vi\\\/#website\",\"url\":\"https:\\\/\\\/yonannlock.com\\\/vi\\\/\",\"name\":\"Smart Lock Manufacturer And Supplier in China\",\"description\":\"\",\"publisher\":{\"@id\":\"https:\\\/\\\/yonannlock.com\\\/vi\\\/#organization\"},\"potentialAction\":[{\"@type\":\"SearchAction\",\"target\":{\"@type\":\"EntryPoint\",\"urlTemplate\":\"https:\\\/\\\/yonannlock.com\\\/vi\\\/?s={search_term_string}\"},\"query-input\":{\"@type\":\"PropertyValueSpecification\",\"valueRequired\":true,\"valueName\":\"search_term_string\"}}],\"inLanguage\":\"vi\"},{\"@type\":\"Organization\",\"@id\":\"https:\\\/\\\/yonannlock.com\\\/vi\\\/#organization\",\"name\":\"Smart Lock Manufacturer And Supplier in China\",\"url\":\"https:\\\/\\\/yonannlock.com\\\/vi\\\/\",\"logo\":{\"@type\":\"ImageObject\",\"inLanguage\":\"vi\",\"@id\":\"https:\\\/\\\/yonannlock.com\\\/vi\\\/#\\\/schema\\\/logo\\\/image\\\/\",\"url\":\"https:\\\/\\\/yonannlock.com\\\/wp-content\\\/uploads\\\/2026\\\/03\\\/cropped-LOGO-1.png\",\"contentUrl\":\"https:\\\/\\\/yonannlock.com\\\/wp-content\\\/uploads\\\/2026\\\/03\\\/cropped-LOGO-1.png\",\"width\":482,\"height\":167,\"caption\":\"Smart Lock Manufacturer And Supplier in China\"},\"image\":{\"@id\":\"https:\\\/\\\/yonannlock.com\\\/vi\\\/#\\\/schema\\\/logo\\\/image\\\/\"}}]}<\/script>\n<!-- \/ Yoast SEO plugin. -->","yoast_head_json":{"title":"Kh\u00f3a th\u00f4ng minh Tuya 2025 Matter | T\u01b0\u01a1ng th\u00edch v\u1edbi Matter","description":"T\u00ecm hi\u1ec3u l\u00fd do t\u1ea1i sao kh\u00f3a th\u00f4ng minh Tuya v\u1edbi Matter l\u00e0 l\u1ef1a ch\u1ecdn kh\u00f3a th\u00f4ng minh h\u00e0ng \u0111\u1ea7u n\u0103m 2025. K\u1ebft n\u1ed1i ng\u00f4i nh\u00e0 th\u00f4ng minh c\u1ee7a b\u1ea1n d\u1ec5 d\u00e0ng v\u1edbi Google, Samsung, Amazon v\u00e0 Apple.","robots":{"index":"index","follow":"follow","max-snippet":"max-snippet:-1","max-image-preview":"max-image-preview:large","max-video-preview":"max-video-preview:-1"},"canonical":"https:\/\/yonannlock.com\/vi\/lua-chon-hang-dau-nam-2025-ve-khoa-thong-minh-tuya-tuong-thich-de-dieu-khien-toan-bo-ngoi-nha-thong-minh\/","og_locale":"vi_VN","og_type":"article","og_title":"2025 Tuya smart lock Matter | Compatible with Matter","og_description":"See why Tuya smart locks with Matter are the top smart lock pick for 2025. Unify your smart home easily to Google, Samsung, Amazon and Apple.","og_url":"https:\/\/yonannlock.com\/vi\/lua-chon-hang-dau-nam-2025-ve-khoa-thong-minh-tuya-tuong-thich-de-dieu-khien-toan-bo-ngoi-nha-thong-minh\/","og_site_name":"Smart Lock Manufacturer And Supplier in China","article_modified_time":"2025-05-21T07:11:25+00:00","twitter_card":"summary_large_image","schema":{"@context":"https:\/\/schema.org","@graph":[{"@type":"WebPage","@id":"https:\/\/yonannlock.com\/2025-top-pick-matter-compatible-tuya-smart-lock-for-full-smart-home-control\/","url":"https:\/\/yonannlock.com\/2025-top-pick-matter-compatible-tuya-smart-lock-for-full-smart-home-control\/","name":"Kh\u00f3a th\u00f4ng minh Tuya 2025 Matter | T\u01b0\u01a1ng th\u00edch v\u1edbi Matter","isPartOf":{"@id":"https:\/\/yonannlock.com\/vi\/#website"},"datePublished":"2025-04-23T13:51:12+00:00","dateModified":"2025-05-21T07:11:25+00:00","description":"T\u00ecm hi\u1ec3u l\u00fd do t\u1ea1i sao kh\u00f3a th\u00f4ng minh Tuya v\u1edbi Matter l\u00e0 l\u1ef1a ch\u1ecdn kh\u00f3a th\u00f4ng minh h\u00e0ng \u0111\u1ea7u n\u0103m 2025. K\u1ebft n\u1ed1i ng\u00f4i nh\u00e0 th\u00f4ng minh c\u1ee7a b\u1ea1n d\u1ec5 d\u00e0ng v\u1edbi Google, Samsung, Amazon v\u00e0 Apple.","breadcrumb":{"@id":"https:\/\/yonannlock.com\/2025-top-pick-matter-compatible-tuya-smart-lock-for-full-smart-home-control\/#breadcrumb"},"inLanguage":"vi","potentialAction":[{"@type":"ReadAction","target":["https:\/\/yonannlock.com\/2025-top-pick-matter-compatible-tuya-smart-lock-for-full-smart-home-control\/"]}]},{"@type":"BreadcrumbList","@id":"https:\/\/yonannlock.com\/2025-top-pick-matter-compatible-tuya-smart-lock-for-full-smart-home-control\/#breadcrumb","itemListElement":[{"@type":"ListItem","position":1,"name":"Home","item":"https:\/\/yonannlock.com\/vi\/"},{"@type":"ListItem","position":2,"name":"2025 Top Pick: Matter-Compatible Tuya Smart Lock for Full Smart Home Control"}]},{"@type":"WebSite","@id":"https:\/\/yonannlock.com\/vi\/#website","url":"https:\/\/yonannlock.com\/vi\/","name":"Nh\u00e0 s\u1ea3n xu\u1ea5t v\u00e0 cung c\u1ea5p kh\u00f3a th\u00f4ng minh t\u1ea1i Trung Qu\u1ed1c","description":"","publisher":{"@id":"https:\/\/yonannlock.com\/vi\/#organization"},"potentialAction":[{"@type":"SearchAction","target":{"@type":"EntryPoint","urlTemplate":"https:\/\/yonannlock.com\/vi\/?s={search_term_string}"},"query-input":{"@type":"PropertyValueSpecification","valueRequired":true,"valueName":"search_term_string"}}],"inLanguage":"vi"},{"@type":"Organization","@id":"https:\/\/yonannlock.com\/vi\/#organization","name":"Nh\u00e0 s\u1ea3n xu\u1ea5t v\u00e0 cung c\u1ea5p kh\u00f3a th\u00f4ng minh t\u1ea1i Trung Qu\u1ed1c","url":"https:\/\/yonannlock.com\/vi\/","logo":{"@type":"ImageObject","inLanguage":"vi","@id":"https:\/\/yonannlock.com\/vi\/#\/schema\/logo\/image\/","url":"https:\/\/yonannlock.com\/wp-content\/uploads\/2026\/03\/cropped-LOGO-1.png","contentUrl":"https:\/\/yonannlock.com\/wp-content\/uploads\/2026\/03\/cropped-LOGO-1.png","width":482,"height":167,"caption":"Smart Lock Manufacturer And Supplier in China"},"image":{"@id":"https:\/\/yonannlock.com\/vi\/#\/schema\/logo\/image\/"}}]}},"_links":{"self":[{"href":"https:\/\/yonannlock.com\/vi\/wp-json\/wp\/v2\/pages\/8065","targetHints":{"allow":["GET"]}}],"collection":[{"href":"https:\/\/yonannlock.com\/vi\/wp-json\/wp\/v2\/pages"}],"about":[{"href":"https:\/\/yonannlock.com\/vi\/wp-json\/wp\/v2\/types\/page"}],"author":[{"embeddable":true,"href":"https:\/\/yonannlock.com\/vi\/wp-json\/wp\/v2\/users\/1"}],"replies":[{"embeddable":true,"href":"https:\/\/yonannlock.com\/vi\/wp-json\/wp\/v2\/comments?post=8065"}],"version-history":[{"count":3,"href":"https:\/\/yonannlock.com\/vi\/wp-json\/wp\/v2\/pages\/8065\/revisions"}],"predecessor-version":[{"id":8738,"href":"https:\/\/yonannlock.com\/vi\/wp-json\/wp\/v2\/pages\/8065\/revisions\/8738"}],"wp:attachment":[{"href":"https:\/\/yonannlock.com\/vi\/wp-json\/wp\/v2\/media?parent=8065"}],"curies":[{"name":"wp","href":"https:\/\/api.w.org\/{rel}","templated":true}]}}