{"id":8058,"date":"2025-04-23T13:58:37","date_gmt":"2025-04-23T13:58:37","guid":{"rendered":"https:\/\/yonannlock.com\/?page_id=8058"},"modified":"2025-05-21T08:35:31","modified_gmt":"2025-05-21T08:35:31","slug":"tuya-lock-matter-multi-device","status":"publish","type":"page","link":"https:\/\/yonannlock.com\/vi\/tuya-smart-locks-with-matter-perfect-for-multi-device-smart-homes\/","title":{"rendered":"Kh\u00f3a th\u00f4ng minh Tuya v\u1edbi Matter \u2013 Ho\u00e0n h\u1ea3o cho nh\u00e0 th\u00f4ng minh nhi\u1ec1u thi\u1ebft b\u1ecb"},"content":{"rendered":"<!-- AddThis Advanced Settings generic via filter on the_content --><!-- AddThis Share Buttons generic via filter on the_content -->","protected":false},"excerpt":{"rendered":"<p><!-- AddThis Advanced Settings generic via filter on get_the_excerpt --><!-- AddThis Share Buttons generic via filter on get_the_excerpt --><\/p>","protected":false},"author":1,"featured_media":0,"parent":0,"menu_order":0,"comment_status":"closed","ping_status":"closed","template":"product-details3.php","meta":{"_acf_changed":false,"site-sidebar-layout":"default","site-content-layout":"page-builder","ast-site-content-layout":"full-width-container","site-content-style":"unboxed","site-sidebar-style":"unboxed","ast-global-header-display":"","ast-banner-title-visibility":"","ast-main-header-display":"","ast-hfb-above-header-display":"","ast-hfb-below-header-display":"","ast-hfb-mobile-header-display":"","site-post-title":"","ast-breadcrumbs-content":"disabled","ast-featured-img":"","footer-sml-layout":"","ast-disable-related-posts":"","theme-transparent-header-meta":"default","adv-header-id-meta":"","stick-header-meta":"default","header-above-stick-meta":"","header-main-stick-meta":"","header-below-stick-meta":"","astra-migrate-meta-layouts":"set","ast-page-background-enabled":"default","ast-page-background-meta":{"desktop":{"background-color":"","background-image":"","background-repeat":"repeat","background-position":"center center","background-size":"auto","background-attachment":"scroll","background-type":"","background-media":"","overlay-type":"","overlay-color":"","overlay-opacity":"","overlay-gradient":""},"tablet":{"background-color":"","background-image":"","background-repeat":"repeat","background-position":"center center","background-size":"auto","background-attachment":"scroll","background-type":"","background-media":"","overlay-type":"","overlay-color":"","overlay-opacity":"","overlay-gradient":""},"mobile":{"background-color":"","background-image":"","background-repeat":"repeat","background-position":"center center","background-size":"auto","background-attachment":"scroll","background-type":"","background-media":"","overlay-type":"","overlay-color":"","overlay-opacity":"","overlay-gradient":""}},"ast-content-background-meta":{"desktop":{"background-color":"var(--ast-global-color-5)","background-image":"","background-repeat":"repeat","background-position":"center center","background-size":"auto","background-attachment":"scroll","background-type":"","background-media":"","overlay-type":"","overlay-color":"","overlay-opacity":"","overlay-gradient":""},"tablet":{"background-color":"var(--ast-global-color-5)","background-image":"","background-repeat":"repeat","background-position":"center center","background-size":"auto","background-attachment":"scroll","background-type":"","background-media":"","overlay-type":"","overlay-color":"","overlay-opacity":"","overlay-gradient":""},"mobile":{"background-color":"var(--ast-global-color-5)","background-image":"","background-repeat":"repeat","background-position":"center center","background-size":"auto","background-attachment":"scroll","background-type":"","background-media":"","overlay-type":"","overlay-color":"","overlay-opacity":"","overlay-gradient":""}},"footnotes":""},"class_list":["post-8058","page","type-page","status-publish","hentry"],"acf":[],"yoast_head":"<!-- This site is optimized with the Yoast SEO plugin v27.4 - https:\/\/yoast.com\/product\/yoast-seo-wordpress\/ -->\n<title>Tuya Smart Lock with Matter | Multi-Device Integration<\/title>\n<meta name=\"description\" content=\"Looking for device interoperability? Tuya smart lock multi-device Matter is ideal for complex smart home setups.\" \/>\n<meta name=\"robots\" content=\"index, follow, max-snippet:-1, max-image-preview:large, max-video-preview:-1\" \/>\n<link rel=\"canonical\" href=\"https:\/\/yonannlock.com\/vi\/khoa-thong-minh-tuya-voi-vat-lieu-hoan-hao-cho-ngoi-nha-thong-minh-nhieu-thiet-bi\/\" \/>\n<meta property=\"og:locale\" content=\"vi_VN\" \/>\n<meta property=\"og:type\" content=\"article\" \/>\n<meta property=\"og:title\" content=\"Tuya Smart Lock with Matter | Multi-Device Integration\" \/>\n<meta property=\"og:description\" content=\"Looking for device interoperability? Tuya smart lock multi-device Matter is ideal for complex smart home setups.\" \/>\n<meta property=\"og:url\" content=\"https:\/\/yonannlock.com\/vi\/khoa-thong-minh-tuya-voi-vat-lieu-hoan-hao-cho-ngoi-nha-thong-minh-nhieu-thiet-bi\/\" \/>\n<meta property=\"og:site_name\" content=\"Smart Lock Manufacturer And Supplier in China\" \/>\n<meta property=\"article:modified_time\" content=\"2025-05-21T08:35:31+00:00\" \/>\n<meta name=\"twitter:card\" content=\"summary_large_image\" \/>\n<script type=\"application\/ld+json\" class=\"yoast-schema-graph\">{\"@context\":\"https:\\\/\\\/schema.org\",\"@graph\":[{\"@type\":\"WebPage\",\"@id\":\"https:\\\/\\\/yonannlock.com\\\/tuya-smart-locks-with-matter-perfect-for-multi-device-smart-homes\\\/\",\"url\":\"https:\\\/\\\/yonannlock.com\\\/tuya-smart-locks-with-matter-perfect-for-multi-device-smart-homes\\\/\",\"name\":\"Tuya Smart Lock with Matter | Multi-Device Integration\",\"isPartOf\":{\"@id\":\"https:\\\/\\\/yonannlock.com\\\/vi\\\/#website\"},\"datePublished\":\"2025-04-23T13:58:37+00:00\",\"dateModified\":\"2025-05-21T08:35:31+00:00\",\"description\":\"Looking for device interoperability? Tuya smart lock multi-device Matter is ideal for complex smart home setups.\",\"breadcrumb\":{\"@id\":\"https:\\\/\\\/yonannlock.com\\\/tuya-smart-locks-with-matter-perfect-for-multi-device-smart-homes\\\/#breadcrumb\"},\"inLanguage\":\"vi\",\"potentialAction\":[{\"@type\":\"ReadAction\",\"target\":[\"https:\\\/\\\/yonannlock.com\\\/tuya-smart-locks-with-matter-perfect-for-multi-device-smart-homes\\\/\"]}]},{\"@type\":\"BreadcrumbList\",\"@id\":\"https:\\\/\\\/yonannlock.com\\\/tuya-smart-locks-with-matter-perfect-for-multi-device-smart-homes\\\/#breadcrumb\",\"itemListElement\":[{\"@type\":\"ListItem\",\"position\":1,\"name\":\"Home\",\"item\":\"https:\\\/\\\/yonannlock.com\\\/vi\\\/\"},{\"@type\":\"ListItem\",\"position\":2,\"name\":\"Tuya Smart Locks with Matter \u2013 Perfect for Multi-Device Smart Homes\"}]},{\"@type\":\"WebSite\",\"@id\":\"https:\\\/\\\/yonannlock.com\\\/vi\\\/#website\",\"url\":\"https:\\\/\\\/yonannlock.com\\\/vi\\\/\",\"name\":\"Smart Lock Manufacturer And Supplier in China\",\"description\":\"\",\"publisher\":{\"@id\":\"https:\\\/\\\/yonannlock.com\\\/vi\\\/#organization\"},\"potentialAction\":[{\"@type\":\"SearchAction\",\"target\":{\"@type\":\"EntryPoint\",\"urlTemplate\":\"https:\\\/\\\/yonannlock.com\\\/vi\\\/?s={search_term_string}\"},\"query-input\":{\"@type\":\"PropertyValueSpecification\",\"valueRequired\":true,\"valueName\":\"search_term_string\"}}],\"inLanguage\":\"vi\"},{\"@type\":\"Organization\",\"@id\":\"https:\\\/\\\/yonannlock.com\\\/vi\\\/#organization\",\"name\":\"Smart Lock Manufacturer And Supplier in China\",\"url\":\"https:\\\/\\\/yonannlock.com\\\/vi\\\/\",\"logo\":{\"@type\":\"ImageObject\",\"inLanguage\":\"vi\",\"@id\":\"https:\\\/\\\/yonannlock.com\\\/vi\\\/#\\\/schema\\\/logo\\\/image\\\/\",\"url\":\"https:\\\/\\\/yonannlock.com\\\/wp-content\\\/uploads\\\/2026\\\/03\\\/cropped-LOGO-1.png\",\"contentUrl\":\"https:\\\/\\\/yonannlock.com\\\/wp-content\\\/uploads\\\/2026\\\/03\\\/cropped-LOGO-1.png\",\"width\":482,\"height\":167,\"caption\":\"Smart Lock Manufacturer And Supplier in China\"},\"image\":{\"@id\":\"https:\\\/\\\/yonannlock.com\\\/vi\\\/#\\\/schema\\\/logo\\\/image\\\/\"}}]}<\/script>\n<!-- \/ Yoast SEO plugin. -->","yoast_head_json":{"title":"Kh\u00f3a th\u00f4ng minh Tuya v\u1edbi Matter | T\u00edch h\u1ee3p nhi\u1ec1u thi\u1ebft b\u1ecb","description":"B\u1ea1n \u0111ang t\u00ecm ki\u1ebfm kh\u1ea3 n\u0103ng t\u01b0\u01a1ng th\u00edch gi\u1eefa c\u00e1c thi\u1ebft b\u1ecb? Kh\u00f3a th\u00f4ng minh \u0111a thi\u1ebft b\u1ecb Tuya Matter l\u00e0 l\u1ef1a ch\u1ecdn l\u00fd t\u01b0\u1edfng cho c\u00e1c h\u1ec7 th\u1ed1ng nh\u00e0 th\u00f4ng minh ph\u1ee9c t\u1ea1p.","robots":{"index":"index","follow":"follow","max-snippet":"max-snippet:-1","max-image-preview":"max-image-preview:large","max-video-preview":"max-video-preview:-1"},"canonical":"https:\/\/yonannlock.com\/vi\/khoa-thong-minh-tuya-voi-vat-lieu-hoan-hao-cho-ngoi-nha-thong-minh-nhieu-thiet-bi\/","og_locale":"vi_VN","og_type":"article","og_title":"Tuya Smart Lock with Matter | Multi-Device Integration","og_description":"Looking for device interoperability? Tuya smart lock multi-device Matter is ideal for complex smart home setups.","og_url":"https:\/\/yonannlock.com\/vi\/khoa-thong-minh-tuya-voi-vat-lieu-hoan-hao-cho-ngoi-nha-thong-minh-nhieu-thiet-bi\/","og_site_name":"Smart Lock Manufacturer And Supplier in China","article_modified_time":"2025-05-21T08:35:31+00:00","twitter_card":"summary_large_image","schema":{"@context":"https:\/\/schema.org","@graph":[{"@type":"WebPage","@id":"https:\/\/yonannlock.com\/tuya-smart-locks-with-matter-perfect-for-multi-device-smart-homes\/","url":"https:\/\/yonannlock.com\/tuya-smart-locks-with-matter-perfect-for-multi-device-smart-homes\/","name":"Kh\u00f3a th\u00f4ng minh Tuya v\u1edbi Matter | T\u00edch h\u1ee3p nhi\u1ec1u thi\u1ebft b\u1ecb","isPartOf":{"@id":"https:\/\/yonannlock.com\/vi\/#website"},"datePublished":"2025-04-23T13:58:37+00:00","dateModified":"2025-05-21T08:35:31+00:00","description":"B\u1ea1n \u0111ang t\u00ecm ki\u1ebfm kh\u1ea3 n\u0103ng t\u01b0\u01a1ng th\u00edch gi\u1eefa c\u00e1c thi\u1ebft b\u1ecb? Kh\u00f3a th\u00f4ng minh \u0111a thi\u1ebft b\u1ecb Tuya Matter l\u00e0 l\u1ef1a ch\u1ecdn l\u00fd t\u01b0\u1edfng cho c\u00e1c h\u1ec7 th\u1ed1ng nh\u00e0 th\u00f4ng minh ph\u1ee9c t\u1ea1p.","breadcrumb":{"@id":"https:\/\/yonannlock.com\/tuya-smart-locks-with-matter-perfect-for-multi-device-smart-homes\/#breadcrumb"},"inLanguage":"vi","potentialAction":[{"@type":"ReadAction","target":["https:\/\/yonannlock.com\/tuya-smart-locks-with-matter-perfect-for-multi-device-smart-homes\/"]}]},{"@type":"BreadcrumbList","@id":"https:\/\/yonannlock.com\/tuya-smart-locks-with-matter-perfect-for-multi-device-smart-homes\/#breadcrumb","itemListElement":[{"@type":"ListItem","position":1,"name":"Home","item":"https:\/\/yonannlock.com\/vi\/"},{"@type":"ListItem","position":2,"name":"Tuya Smart Locks with Matter \u2013 Perfect for Multi-Device Smart Homes"}]},{"@type":"WebSite","@id":"https:\/\/yonannlock.com\/vi\/#website","url":"https:\/\/yonannlock.com\/vi\/","name":"Nh\u00e0 s\u1ea3n xu\u1ea5t v\u00e0 cung c\u1ea5p kh\u00f3a th\u00f4ng minh t\u1ea1i Trung Qu\u1ed1c","description":"","publisher":{"@id":"https:\/\/yonannlock.com\/vi\/#organization"},"potentialAction":[{"@type":"SearchAction","target":{"@type":"EntryPoint","urlTemplate":"https:\/\/yonannlock.com\/vi\/?s={search_term_string}"},"query-input":{"@type":"PropertyValueSpecification","valueRequired":true,"valueName":"search_term_string"}}],"inLanguage":"vi"},{"@type":"Organization","@id":"https:\/\/yonannlock.com\/vi\/#organization","name":"Nh\u00e0 s\u1ea3n xu\u1ea5t v\u00e0 cung c\u1ea5p kh\u00f3a th\u00f4ng minh t\u1ea1i Trung Qu\u1ed1c","url":"https:\/\/yonannlock.com\/vi\/","logo":{"@type":"ImageObject","inLanguage":"vi","@id":"https:\/\/yonannlock.com\/vi\/#\/schema\/logo\/image\/","url":"https:\/\/yonannlock.com\/wp-content\/uploads\/2026\/03\/cropped-LOGO-1.png","contentUrl":"https:\/\/yonannlock.com\/wp-content\/uploads\/2026\/03\/cropped-LOGO-1.png","width":482,"height":167,"caption":"Smart Lock Manufacturer And Supplier in China"},"image":{"@id":"https:\/\/yonannlock.com\/vi\/#\/schema\/logo\/image\/"}}]}},"_links":{"self":[{"href":"https:\/\/yonannlock.com\/vi\/wp-json\/wp\/v2\/pages\/8058","targetHints":{"allow":["GET"]}}],"collection":[{"href":"https:\/\/yonannlock.com\/vi\/wp-json\/wp\/v2\/pages"}],"about":[{"href":"https:\/\/yonannlock.com\/vi\/wp-json\/wp\/v2\/types\/page"}],"author":[{"embeddable":true,"href":"https:\/\/yonannlock.com\/vi\/wp-json\/wp\/v2\/users\/1"}],"replies":[{"embeddable":true,"href":"https:\/\/yonannlock.com\/vi\/wp-json\/wp\/v2\/comments?post=8058"}],"version-history":[{"count":3,"href":"https:\/\/yonannlock.com\/vi\/wp-json\/wp\/v2\/pages\/8058\/revisions"}],"predecessor-version":[{"id":8784,"href":"https:\/\/yonannlock.com\/vi\/wp-json\/wp\/v2\/pages\/8058\/revisions\/8784"}],"wp:attachment":[{"href":"https:\/\/yonannlock.com\/vi\/wp-json\/wp\/v2\/media?parent=8058"}],"curies":[{"name":"wp","href":"https:\/\/api.w.org\/{rel}","templated":true}]}}