{"id":7778,"date":"2025-04-10T09:03:26","date_gmt":"2025-04-10T09:03:26","guid":{"rendered":"https:\/\/yonannlock.com\/?page_id=7778"},"modified":"2025-05-21T08:10:00","modified_gmt":"2025-05-21T08:10:00","slug":"tuya-facial-recognition-camera-lock","status":"publish","type":"page","link":"https:\/\/yonannlock.com\/vi\/smart-home-security-tuya-smart-lock-with-face-recognition-built-in-camera\/","title":{"rendered":"An ninh nh\u00e0 th\u00f4ng minh: Kh\u00f3a th\u00f4ng minh Tuya v\u1edbi t\u00ednh n\u0103ng nh\u1eadn di\u1ec7n khu\u00f4n m\u1eb7t v\u00e0 camera t\u00edch h\u1ee3p"},"content":{"rendered":"<!-- AddThis Advanced Settings generic via filter on the_content --><!-- AddThis Share Buttons generic via filter on the_content -->","protected":false},"excerpt":{"rendered":"<p><!-- AddThis Advanced Settings generic via filter on get_the_excerpt --><!-- AddThis Share Buttons generic via filter on get_the_excerpt --><\/p>","protected":false},"author":1,"featured_media":0,"parent":0,"menu_order":0,"comment_status":"closed","ping_status":"closed","template":"product-details3.php","meta":{"_acf_changed":false,"site-sidebar-layout":"default","site-content-layout":"page-builder","ast-site-content-layout":"full-width-container","site-content-style":"unboxed","site-sidebar-style":"unboxed","ast-global-header-display":"","ast-banner-title-visibility":"","ast-main-header-display":"","ast-hfb-above-header-display":"","ast-hfb-below-header-display":"","ast-hfb-mobile-header-display":"","site-post-title":"","ast-breadcrumbs-content":"disabled","ast-featured-img":"","footer-sml-layout":"","ast-disable-related-posts":"","theme-transparent-header-meta":"default","adv-header-id-meta":"","stick-header-meta":"default","header-above-stick-meta":"","header-main-stick-meta":"","header-below-stick-meta":"","astra-migrate-meta-layouts":"set","ast-page-background-enabled":"default","ast-page-background-meta":{"desktop":{"background-color":"","background-image":"","background-repeat":"repeat","background-position":"center center","background-size":"auto","background-attachment":"scroll","background-type":"","background-media":"","overlay-type":"","overlay-color":"","overlay-opacity":"","overlay-gradient":""},"tablet":{"background-color":"","background-image":"","background-repeat":"repeat","background-position":"center center","background-size":"auto","background-attachment":"scroll","background-type":"","background-media":"","overlay-type":"","overlay-color":"","overlay-opacity":"","overlay-gradient":""},"mobile":{"background-color":"","background-image":"","background-repeat":"repeat","background-position":"center center","background-size":"auto","background-attachment":"scroll","background-type":"","background-media":"","overlay-type":"","overlay-color":"","overlay-opacity":"","overlay-gradient":""}},"ast-content-background-meta":{"desktop":{"background-color":"var(--ast-global-color-5)","background-image":"","background-repeat":"repeat","background-position":"center center","background-size":"auto","background-attachment":"scroll","background-type":"","background-media":"","overlay-type":"","overlay-color":"","overlay-opacity":"","overlay-gradient":""},"tablet":{"background-color":"var(--ast-global-color-5)","background-image":"","background-repeat":"repeat","background-position":"center center","background-size":"auto","background-attachment":"scroll","background-type":"","background-media":"","overlay-type":"","overlay-color":"","overlay-opacity":"","overlay-gradient":""},"mobile":{"background-color":"var(--ast-global-color-5)","background-image":"","background-repeat":"repeat","background-position":"center center","background-size":"auto","background-attachment":"scroll","background-type":"","background-media":"","overlay-type":"","overlay-color":"","overlay-opacity":"","overlay-gradient":""}},"footnotes":""},"class_list":["post-7778","page","type-page","status-publish","hentry"],"acf":[],"yoast_head":"<!-- This site is optimized with the Yoast SEO plugin v27.4 - https:\/\/yoast.com\/product\/yoast-seo-wordpress\/ -->\n<title>Tuya Smart Lock with Facial Recognition &amp; Camera: The Future of Home Protection<\/title>\n<meta name=\"description\" content=\"Future-proof your home with Tuya smart locks featuring facial recognition and camera monitoring. Safe, reliable, and smart.\" \/>\n<meta name=\"robots\" content=\"index, follow, max-snippet:-1, max-image-preview:large, max-video-preview:-1\" \/>\n<link rel=\"canonical\" href=\"https:\/\/yonannlock.com\/vi\/khoa-thong-minh-an-ninh-nha-thong-minh-tuya-voi-chuc-nang-nhan-dien-khuon-mat-tich-hop-camera\/\" \/>\n<meta property=\"og:locale\" content=\"vi_VN\" \/>\n<meta property=\"og:type\" content=\"article\" \/>\n<meta property=\"og:title\" content=\"Tuya Smart Lock with Facial Recognition &amp; Camera: The Future of Home Protection\" \/>\n<meta property=\"og:description\" content=\"Future-proof your home with Tuya smart locks featuring facial recognition and camera monitoring. Safe, reliable, and smart.\" \/>\n<meta property=\"og:url\" content=\"https:\/\/yonannlock.com\/vi\/khoa-thong-minh-an-ninh-nha-thong-minh-tuya-voi-chuc-nang-nhan-dien-khuon-mat-tich-hop-camera\/\" \/>\n<meta property=\"og:site_name\" content=\"Smart Lock Manufacturer And Supplier in China\" \/>\n<meta property=\"article:modified_time\" content=\"2025-05-21T08:10:00+00:00\" \/>\n<meta name=\"twitter:card\" content=\"summary_large_image\" \/>\n<script type=\"application\/ld+json\" class=\"yoast-schema-graph\">{\"@context\":\"https:\\\/\\\/schema.org\",\"@graph\":[{\"@type\":\"WebPage\",\"@id\":\"https:\\\/\\\/yonannlock.com\\\/vi\\\/khoa-thong-minh-an-ninh-nha-thong-minh-tuya-voi-chuc-nang-nhan-dien-khuon-mat-tich-hop-camera\\\/\",\"url\":\"https:\\\/\\\/yonannlock.com\\\/vi\\\/khoa-thong-minh-an-ninh-nha-thong-minh-tuya-voi-chuc-nang-nhan-dien-khuon-mat-tich-hop-camera\\\/\",\"name\":\"Tuya Smart Lock with Facial Recognition & Camera: The Future of Home Protection\",\"isPartOf\":{\"@id\":\"https:\\\/\\\/yonannlock.com\\\/vi\\\/#website\"},\"datePublished\":\"2025-04-10T09:03:26+00:00\",\"dateModified\":\"2025-05-21T08:10:00+00:00\",\"description\":\"Future-proof your home with Tuya smart locks featuring facial recognition and camera monitoring. Safe, reliable, and smart.\",\"breadcrumb\":{\"@id\":\"https:\\\/\\\/yonannlock.com\\\/vi\\\/khoa-thong-minh-an-ninh-nha-thong-minh-tuya-voi-chuc-nang-nhan-dien-khuon-mat-tich-hop-camera\\\/#breadcrumb\"},\"inLanguage\":\"vi\",\"potentialAction\":[{\"@type\":\"ReadAction\",\"target\":[\"https:\\\/\\\/yonannlock.com\\\/vi\\\/khoa-thong-minh-an-ninh-nha-thong-minh-tuya-voi-chuc-nang-nhan-dien-khuon-mat-tich-hop-camera\\\/\"]}]},{\"@type\":\"BreadcrumbList\",\"@id\":\"https:\\\/\\\/yonannlock.com\\\/vi\\\/khoa-thong-minh-an-ninh-nha-thong-minh-tuya-voi-chuc-nang-nhan-dien-khuon-mat-tich-hop-camera\\\/#breadcrumb\",\"itemListElement\":[{\"@type\":\"ListItem\",\"position\":1,\"name\":\"Home\",\"item\":\"https:\\\/\\\/yonannlock.com\\\/vi\\\/\"},{\"@type\":\"ListItem\",\"position\":2,\"name\":\"Smart Home Security: Tuya Smart Lock with Face Recognition &#038; Built-in Camera\"}]},{\"@type\":\"WebSite\",\"@id\":\"https:\\\/\\\/yonannlock.com\\\/vi\\\/#website\",\"url\":\"https:\\\/\\\/yonannlock.com\\\/vi\\\/\",\"name\":\"Smart Lock Manufacturer And Supplier in China\",\"description\":\"\",\"publisher\":{\"@id\":\"https:\\\/\\\/yonannlock.com\\\/vi\\\/#organization\"},\"potentialAction\":[{\"@type\":\"SearchAction\",\"target\":{\"@type\":\"EntryPoint\",\"urlTemplate\":\"https:\\\/\\\/yonannlock.com\\\/vi\\\/?s={search_term_string}\"},\"query-input\":{\"@type\":\"PropertyValueSpecification\",\"valueRequired\":true,\"valueName\":\"search_term_string\"}}],\"inLanguage\":\"vi\"},{\"@type\":\"Organization\",\"@id\":\"https:\\\/\\\/yonannlock.com\\\/vi\\\/#organization\",\"name\":\"Smart Lock Manufacturer And Supplier in China\",\"url\":\"https:\\\/\\\/yonannlock.com\\\/vi\\\/\",\"logo\":{\"@type\":\"ImageObject\",\"inLanguage\":\"vi\",\"@id\":\"https:\\\/\\\/yonannlock.com\\\/vi\\\/#\\\/schema\\\/logo\\\/image\\\/\",\"url\":\"https:\\\/\\\/yonannlock.com\\\/wp-content\\\/uploads\\\/2026\\\/03\\\/cropped-LOGO-1.png\",\"contentUrl\":\"https:\\\/\\\/yonannlock.com\\\/wp-content\\\/uploads\\\/2026\\\/03\\\/cropped-LOGO-1.png\",\"width\":482,\"height\":167,\"caption\":\"Smart Lock Manufacturer And Supplier in China\"},\"image\":{\"@id\":\"https:\\\/\\\/yonannlock.com\\\/vi\\\/#\\\/schema\\\/logo\\\/image\\\/\"}}]}<\/script>\n<!-- \/ Yoast SEO plugin. -->","yoast_head_json":{"title":"Kh\u00f3a th\u00f4ng minh Tuya v\u1edbi nh\u1eadn d\u1ea1ng khu\u00f4n m\u1eb7t v\u00e0 camera: T\u01b0\u01a1ng lai c\u1ee7a b\u1ea3o v\u1ec7 nh\u00e0 \u1edf","description":"Chu\u1ea9n b\u1ecb cho ng\u00f4i nh\u00e0 t\u01b0\u01a1ng lai c\u1ee7a b\u1ea1n v\u1edbi kh\u00f3a th\u00f4ng minh Tuya c\u00f3 t\u00ednh n\u0103ng nh\u1eadn di\u1ec7n khu\u00f4n m\u1eb7t v\u00e0 camera gi\u00e1m s\u00e1t. An to\u00e0n, \u0111\u00e1ng tin c\u1eady v\u00e0 th\u00f4ng minh.","robots":{"index":"index","follow":"follow","max-snippet":"max-snippet:-1","max-image-preview":"max-image-preview:large","max-video-preview":"max-video-preview:-1"},"canonical":"https:\/\/yonannlock.com\/vi\/khoa-thong-minh-an-ninh-nha-thong-minh-tuya-voi-chuc-nang-nhan-dien-khuon-mat-tich-hop-camera\/","og_locale":"vi_VN","og_type":"article","og_title":"Tuya Smart Lock with Facial Recognition & Camera: The Future of Home Protection","og_description":"Future-proof your home with Tuya smart locks featuring facial recognition and camera monitoring. Safe, reliable, and smart.","og_url":"https:\/\/yonannlock.com\/vi\/khoa-thong-minh-an-ninh-nha-thong-minh-tuya-voi-chuc-nang-nhan-dien-khuon-mat-tich-hop-camera\/","og_site_name":"Smart Lock Manufacturer And Supplier in China","article_modified_time":"2025-05-21T08:10:00+00:00","twitter_card":"summary_large_image","schema":{"@context":"https:\/\/schema.org","@graph":[{"@type":"WebPage","@id":"https:\/\/yonannlock.com\/vi\/khoa-thong-minh-an-ninh-nha-thong-minh-tuya-voi-chuc-nang-nhan-dien-khuon-mat-tich-hop-camera\/","url":"https:\/\/yonannlock.com\/vi\/khoa-thong-minh-an-ninh-nha-thong-minh-tuya-voi-chuc-nang-nhan-dien-khuon-mat-tich-hop-camera\/","name":"Kh\u00f3a th\u00f4ng minh Tuya v\u1edbi nh\u1eadn d\u1ea1ng khu\u00f4n m\u1eb7t v\u00e0 camera: T\u01b0\u01a1ng lai c\u1ee7a b\u1ea3o v\u1ec7 nh\u00e0 \u1edf","isPartOf":{"@id":"https:\/\/yonannlock.com\/vi\/#website"},"datePublished":"2025-04-10T09:03:26+00:00","dateModified":"2025-05-21T08:10:00+00:00","description":"Chu\u1ea9n b\u1ecb cho ng\u00f4i nh\u00e0 t\u01b0\u01a1ng lai c\u1ee7a b\u1ea1n v\u1edbi kh\u00f3a th\u00f4ng minh Tuya c\u00f3 t\u00ednh n\u0103ng nh\u1eadn di\u1ec7n khu\u00f4n m\u1eb7t v\u00e0 camera gi\u00e1m s\u00e1t. An to\u00e0n, \u0111\u00e1ng tin c\u1eady v\u00e0 th\u00f4ng minh.","breadcrumb":{"@id":"https:\/\/yonannlock.com\/vi\/khoa-thong-minh-an-ninh-nha-thong-minh-tuya-voi-chuc-nang-nhan-dien-khuon-mat-tich-hop-camera\/#breadcrumb"},"inLanguage":"vi","potentialAction":[{"@type":"ReadAction","target":["https:\/\/yonannlock.com\/vi\/khoa-thong-minh-an-ninh-nha-thong-minh-tuya-voi-chuc-nang-nhan-dien-khuon-mat-tich-hop-camera\/"]}]},{"@type":"BreadcrumbList","@id":"https:\/\/yonannlock.com\/vi\/khoa-thong-minh-an-ninh-nha-thong-minh-tuya-voi-chuc-nang-nhan-dien-khuon-mat-tich-hop-camera\/#breadcrumb","itemListElement":[{"@type":"ListItem","position":1,"name":"Home","item":"https:\/\/yonannlock.com\/vi\/"},{"@type":"ListItem","position":2,"name":"Smart Home Security: Tuya Smart Lock with Face Recognition &#038; Built-in Camera"}]},{"@type":"WebSite","@id":"https:\/\/yonannlock.com\/vi\/#website","url":"https:\/\/yonannlock.com\/vi\/","name":"Nh\u00e0 s\u1ea3n xu\u1ea5t v\u00e0 cung c\u1ea5p kh\u00f3a th\u00f4ng minh t\u1ea1i Trung Qu\u1ed1c","description":"","publisher":{"@id":"https:\/\/yonannlock.com\/vi\/#organization"},"potentialAction":[{"@type":"SearchAction","target":{"@type":"EntryPoint","urlTemplate":"https:\/\/yonannlock.com\/vi\/?s={search_term_string}"},"query-input":{"@type":"PropertyValueSpecification","valueRequired":true,"valueName":"search_term_string"}}],"inLanguage":"vi"},{"@type":"Organization","@id":"https:\/\/yonannlock.com\/vi\/#organization","name":"Nh\u00e0 s\u1ea3n xu\u1ea5t v\u00e0 cung c\u1ea5p kh\u00f3a th\u00f4ng minh t\u1ea1i Trung Qu\u1ed1c","url":"https:\/\/yonannlock.com\/vi\/","logo":{"@type":"ImageObject","inLanguage":"vi","@id":"https:\/\/yonannlock.com\/vi\/#\/schema\/logo\/image\/","url":"https:\/\/yonannlock.com\/wp-content\/uploads\/2026\/03\/cropped-LOGO-1.png","contentUrl":"https:\/\/yonannlock.com\/wp-content\/uploads\/2026\/03\/cropped-LOGO-1.png","width":482,"height":167,"caption":"Smart Lock Manufacturer And Supplier in China"},"image":{"@id":"https:\/\/yonannlock.com\/vi\/#\/schema\/logo\/image\/"}}]}},"_links":{"self":[{"href":"https:\/\/yonannlock.com\/vi\/wp-json\/wp\/v2\/pages\/7778","targetHints":{"allow":["GET"]}}],"collection":[{"href":"https:\/\/yonannlock.com\/vi\/wp-json\/wp\/v2\/pages"}],"about":[{"href":"https:\/\/yonannlock.com\/vi\/wp-json\/wp\/v2\/types\/page"}],"author":[{"embeddable":true,"href":"https:\/\/yonannlock.com\/vi\/wp-json\/wp\/v2\/users\/1"}],"replies":[{"embeddable":true,"href":"https:\/\/yonannlock.com\/vi\/wp-json\/wp\/v2\/comments?post=7778"}],"version-history":[{"count":2,"href":"https:\/\/yonannlock.com\/vi\/wp-json\/wp\/v2\/pages\/7778\/revisions"}],"predecessor-version":[{"id":8767,"href":"https:\/\/yonannlock.com\/vi\/wp-json\/wp\/v2\/pages\/7778\/revisions\/8767"}],"wp:attachment":[{"href":"https:\/\/yonannlock.com\/vi\/wp-json\/wp\/v2\/media?parent=7778"}],"curies":[{"name":"wp","href":"https:\/\/api.w.org\/{rel}","templated":true}]}}