{"id":7776,"date":"2025-04-10T08:50:37","date_gmt":"2025-04-10T08:50:37","guid":{"rendered":"https:\/\/yonannlock.com\/?page_id=7776"},"modified":"2025-05-22T08:42:55","modified_gmt":"2025-05-22T08:42:55","slug":"upgrade-tuya-lock-camera-face-detection","status":"publish","type":"page","link":"https:\/\/yonannlock.com\/vi\/upgrade-to-tuya-smart-lock-with-camera\/face-detection\/plam-vain-for-complete-home-security\/","title":{"rendered":"N\u00e2ng c\u1ea5p l\u00ean Kh\u00f3a th\u00f4ng minh Tuya c\u00f3 Camera \/ Nh\u1eadn di\u1ec7n khu\u00f4n m\u1eb7t \/ Plam vain \u0111\u1ec3 \u0111\u1ea3m b\u1ea3o an ninh to\u00e0n di\u1ec7n cho ng\u00f4i nh\u00e0"},"content":{"rendered":"<!-- AddThis Advanced Settings generic via filter on the_content --><!-- AddThis Share Buttons generic via filter on the_content -->","protected":false},"excerpt":{"rendered":"<p><!-- AddThis Advanced Settings generic via filter on get_the_excerpt --><!-- AddThis Share Buttons generic via filter on get_the_excerpt --><\/p>","protected":false},"author":1,"featured_media":0,"parent":0,"menu_order":0,"comment_status":"closed","ping_status":"closed","template":"product-details3.php","meta":{"_acf_changed":false,"site-sidebar-layout":"default","site-content-layout":"page-builder","ast-site-content-layout":"full-width-container","site-content-style":"unboxed","site-sidebar-style":"unboxed","ast-global-header-display":"","ast-banner-title-visibility":"","ast-main-header-display":"","ast-hfb-above-header-display":"","ast-hfb-below-header-display":"","ast-hfb-mobile-header-display":"","site-post-title":"","ast-breadcrumbs-content":"disabled","ast-featured-img":"","footer-sml-layout":"","ast-disable-related-posts":"","theme-transparent-header-meta":"default","adv-header-id-meta":"","stick-header-meta":"default","header-above-stick-meta":"","header-main-stick-meta":"","header-below-stick-meta":"","astra-migrate-meta-layouts":"set","ast-page-background-enabled":"default","ast-page-background-meta":{"desktop":{"background-color":"","background-image":"","background-repeat":"repeat","background-position":"center center","background-size":"auto","background-attachment":"scroll","background-type":"","background-media":"","overlay-type":"","overlay-color":"","overlay-opacity":"","overlay-gradient":""},"tablet":{"background-color":"","background-image":"","background-repeat":"repeat","background-position":"center center","background-size":"auto","background-attachment":"scroll","background-type":"","background-media":"","overlay-type":"","overlay-color":"","overlay-opacity":"","overlay-gradient":""},"mobile":{"background-color":"","background-image":"","background-repeat":"repeat","background-position":"center center","background-size":"auto","background-attachment":"scroll","background-type":"","background-media":"","overlay-type":"","overlay-color":"","overlay-opacity":"","overlay-gradient":""}},"ast-content-background-meta":{"desktop":{"background-color":"var(--ast-global-color-5)","background-image":"","background-repeat":"repeat","background-position":"center center","background-size":"auto","background-attachment":"scroll","background-type":"","background-media":"","overlay-type":"","overlay-color":"","overlay-opacity":"","overlay-gradient":""},"tablet":{"background-color":"var(--ast-global-color-5)","background-image":"","background-repeat":"repeat","background-position":"center center","background-size":"auto","background-attachment":"scroll","background-type":"","background-media":"","overlay-type":"","overlay-color":"","overlay-opacity":"","overlay-gradient":""},"mobile":{"background-color":"var(--ast-global-color-5)","background-image":"","background-repeat":"repeat","background-position":"center center","background-size":"auto","background-attachment":"scroll","background-type":"","background-media":"","overlay-type":"","overlay-color":"","overlay-opacity":"","overlay-gradient":""}},"footnotes":""},"class_list":["post-7776","page","type-page","status-publish","hentry"],"acf":[],"yoast_head":"<!-- This site is optimized with the Yoast SEO plugin v27.3 - https:\/\/yoast.com\/product\/yoast-seo-wordpress\/ -->\n<title>Upgrade to Tuya Smart Lock with Camera \/ Face Detection \/ Plam vain for Complete Home Security<\/title>\n<meta name=\"description\" content=\"Upgrade your home with Tuya\u2019s latest smart lock. Built-in face detection, HD camera, and remote control keep your family protected.\" \/>\n<meta name=\"robots\" content=\"index, follow, max-snippet:-1, max-image-preview:large, max-video-preview:-1\" \/>\n<link rel=\"canonical\" href=\"https:\/\/yonannlock.com\/vi\/nang-cap-len-khoa-thong-minh-tuya-co-camera\/phat-hien-khuon-mat\/plam-vain-cho-an-ninh-nha-hoan-toan\/\" \/>\n<meta property=\"og:locale\" content=\"vi_VN\" \/>\n<meta property=\"og:type\" content=\"article\" \/>\n<meta property=\"og:title\" content=\"Upgrade to Tuya Smart Lock with Camera \/ Face Detection \/ Plam vain for Complete Home Security\" \/>\n<meta property=\"og:description\" content=\"Upgrade your home with Tuya\u2019s latest smart lock. Built-in face detection, HD camera, and remote control keep your family protected.\" \/>\n<meta property=\"og:url\" content=\"https:\/\/yonannlock.com\/vi\/nang-cap-len-khoa-thong-minh-tuya-co-camera\/phat-hien-khuon-mat\/plam-vain-cho-an-ninh-nha-hoan-toan\/\" \/>\n<meta property=\"og:site_name\" content=\"Smart Lock Manufacturer And Supplier in China\" \/>\n<meta property=\"article:modified_time\" content=\"2025-05-22T08:42:55+00:00\" \/>\n<meta name=\"twitter:card\" content=\"summary_large_image\" \/>\n<script type=\"application\/ld+json\" class=\"yoast-schema-graph\">{\"@context\":\"https:\\\/\\\/schema.org\",\"@graph\":[{\"@type\":\"WebPage\",\"@id\":\"https:\\\/\\\/yonannlock.com\\\/upgrade-to-tuya-smart-lock-with-camera\\\/face-detection\\\/plam-vain-for-complete-home-security\\\/\",\"url\":\"https:\\\/\\\/yonannlock.com\\\/upgrade-to-tuya-smart-lock-with-camera\\\/face-detection\\\/plam-vain-for-complete-home-security\\\/\",\"name\":\"Upgrade to Tuya Smart Lock with Camera \\\/ Face Detection \\\/ Plam vain for Complete Home Security\",\"isPartOf\":{\"@id\":\"https:\\\/\\\/yonannlock.com\\\/vi\\\/#website\"},\"datePublished\":\"2025-04-10T08:50:37+00:00\",\"dateModified\":\"2025-05-22T08:42:55+00:00\",\"description\":\"Upgrade your home with Tuya\u2019s latest smart lock. Built-in face detection, HD camera, and remote control keep your family protected.\",\"breadcrumb\":{\"@id\":\"https:\\\/\\\/yonannlock.com\\\/upgrade-to-tuya-smart-lock-with-camera\\\/face-detection\\\/plam-vain-for-complete-home-security\\\/#breadcrumb\"},\"inLanguage\":\"vi\",\"potentialAction\":[{\"@type\":\"ReadAction\",\"target\":[\"https:\\\/\\\/yonannlock.com\\\/upgrade-to-tuya-smart-lock-with-camera\\\/face-detection\\\/plam-vain-for-complete-home-security\\\/\"]}]},{\"@type\":\"BreadcrumbList\",\"@id\":\"https:\\\/\\\/yonannlock.com\\\/upgrade-to-tuya-smart-lock-with-camera\\\/face-detection\\\/plam-vain-for-complete-home-security\\\/#breadcrumb\",\"itemListElement\":[{\"@type\":\"ListItem\",\"position\":1,\"name\":\"Home\",\"item\":\"https:\\\/\\\/yonannlock.com\\\/vi\\\/\"},{\"@type\":\"ListItem\",\"position\":2,\"name\":\"Upgrade to Tuya Smart Lock with Camera \\\/ Face Detection \\\/ Plam vain for Complete Home Security\"}]},{\"@type\":\"WebSite\",\"@id\":\"https:\\\/\\\/yonannlock.com\\\/vi\\\/#website\",\"url\":\"https:\\\/\\\/yonannlock.com\\\/vi\\\/\",\"name\":\"Smart Lock Manufacturer And Supplier in China\",\"description\":\"\",\"publisher\":{\"@id\":\"https:\\\/\\\/yonannlock.com\\\/vi\\\/#organization\"},\"potentialAction\":[{\"@type\":\"SearchAction\",\"target\":{\"@type\":\"EntryPoint\",\"urlTemplate\":\"https:\\\/\\\/yonannlock.com\\\/vi\\\/?s={search_term_string}\"},\"query-input\":{\"@type\":\"PropertyValueSpecification\",\"valueRequired\":true,\"valueName\":\"search_term_string\"}}],\"inLanguage\":\"vi\"},{\"@type\":\"Organization\",\"@id\":\"https:\\\/\\\/yonannlock.com\\\/vi\\\/#organization\",\"name\":\"Smart Lock Manufacturer And Supplier in China\",\"url\":\"https:\\\/\\\/yonannlock.com\\\/vi\\\/\",\"logo\":{\"@type\":\"ImageObject\",\"inLanguage\":\"vi\",\"@id\":\"https:\\\/\\\/yonannlock.com\\\/vi\\\/#\\\/schema\\\/logo\\\/image\\\/\",\"url\":\"https:\\\/\\\/yonannlock.com\\\/wp-content\\\/uploads\\\/2026\\\/03\\\/cropped-LOGO-1.png\",\"contentUrl\":\"https:\\\/\\\/yonannlock.com\\\/wp-content\\\/uploads\\\/2026\\\/03\\\/cropped-LOGO-1.png\",\"width\":482,\"height\":167,\"caption\":\"Smart Lock Manufacturer And Supplier in China\"},\"image\":{\"@id\":\"https:\\\/\\\/yonannlock.com\\\/vi\\\/#\\\/schema\\\/logo\\\/image\\\/\"}}]}<\/script>\n<!-- \/ Yoast SEO plugin. -->","yoast_head_json":{"title":"N\u00e2ng c\u1ea5p l\u00ean Kh\u00f3a th\u00f4ng minh Tuya c\u00f3 Camera \/ Nh\u1eadn di\u1ec7n khu\u00f4n m\u1eb7t \/ Plam vain \u0111\u1ec3 \u0111\u1ea3m b\u1ea3o an ninh to\u00e0n di\u1ec7n cho ng\u00f4i nh\u00e0","description":"N\u00e2ng c\u1ea5p ng\u00f4i nh\u00e0 c\u1ee7a b\u1ea1n v\u1edbi kh\u00f3a th\u00f4ng minh m\u1edbi nh\u1ea5t c\u1ee7a Tuya. T\u00ednh n\u0103ng nh\u1eadn di\u1ec7n khu\u00f4n m\u1eb7t, camera HD v\u00e0 \u0111i\u1ec1u khi\u1ec3n t\u1eeb xa t\u00edch h\u1ee3p gi\u00fap b\u1ea3o v\u1ec7 gia \u0111\u00ecnh b\u1ea1n.","robots":{"index":"index","follow":"follow","max-snippet":"max-snippet:-1","max-image-preview":"max-image-preview:large","max-video-preview":"max-video-preview:-1"},"canonical":"https:\/\/yonannlock.com\/vi\/nang-cap-len-khoa-thong-minh-tuya-co-camera\/phat-hien-khuon-mat\/plam-vain-cho-an-ninh-nha-hoan-toan\/","og_locale":"vi_VN","og_type":"article","og_title":"Upgrade to Tuya Smart Lock with Camera \/ Face Detection \/ Plam vain for Complete Home Security","og_description":"Upgrade your home with Tuya\u2019s latest smart lock. Built-in face detection, HD camera, and remote control keep your family protected.","og_url":"https:\/\/yonannlock.com\/vi\/nang-cap-len-khoa-thong-minh-tuya-co-camera\/phat-hien-khuon-mat\/plam-vain-cho-an-ninh-nha-hoan-toan\/","og_site_name":"Smart Lock Manufacturer And Supplier in China","article_modified_time":"2025-05-22T08:42:55+00:00","twitter_card":"summary_large_image","schema":{"@context":"https:\/\/schema.org","@graph":[{"@type":"WebPage","@id":"https:\/\/yonannlock.com\/upgrade-to-tuya-smart-lock-with-camera\/face-detection\/plam-vain-for-complete-home-security\/","url":"https:\/\/yonannlock.com\/upgrade-to-tuya-smart-lock-with-camera\/face-detection\/plam-vain-for-complete-home-security\/","name":"N\u00e2ng c\u1ea5p l\u00ean Kh\u00f3a th\u00f4ng minh Tuya c\u00f3 Camera \/ Nh\u1eadn di\u1ec7n khu\u00f4n m\u1eb7t \/ Plam vain \u0111\u1ec3 \u0111\u1ea3m b\u1ea3o an ninh to\u00e0n di\u1ec7n cho ng\u00f4i nh\u00e0","isPartOf":{"@id":"https:\/\/yonannlock.com\/vi\/#website"},"datePublished":"2025-04-10T08:50:37+00:00","dateModified":"2025-05-22T08:42:55+00:00","description":"N\u00e2ng c\u1ea5p ng\u00f4i nh\u00e0 c\u1ee7a b\u1ea1n v\u1edbi kh\u00f3a th\u00f4ng minh m\u1edbi nh\u1ea5t c\u1ee7a Tuya. T\u00ednh n\u0103ng nh\u1eadn di\u1ec7n khu\u00f4n m\u1eb7t, camera HD v\u00e0 \u0111i\u1ec1u khi\u1ec3n t\u1eeb xa t\u00edch h\u1ee3p gi\u00fap b\u1ea3o v\u1ec7 gia \u0111\u00ecnh b\u1ea1n.","breadcrumb":{"@id":"https:\/\/yonannlock.com\/upgrade-to-tuya-smart-lock-with-camera\/face-detection\/plam-vain-for-complete-home-security\/#breadcrumb"},"inLanguage":"vi","potentialAction":[{"@type":"ReadAction","target":["https:\/\/yonannlock.com\/upgrade-to-tuya-smart-lock-with-camera\/face-detection\/plam-vain-for-complete-home-security\/"]}]},{"@type":"BreadcrumbList","@id":"https:\/\/yonannlock.com\/upgrade-to-tuya-smart-lock-with-camera\/face-detection\/plam-vain-for-complete-home-security\/#breadcrumb","itemListElement":[{"@type":"ListItem","position":1,"name":"Home","item":"https:\/\/yonannlock.com\/vi\/"},{"@type":"ListItem","position":2,"name":"Upgrade to Tuya Smart Lock with Camera \/ Face Detection \/ Plam vain for Complete Home Security"}]},{"@type":"WebSite","@id":"https:\/\/yonannlock.com\/vi\/#website","url":"https:\/\/yonannlock.com\/vi\/","name":"Nh\u00e0 s\u1ea3n xu\u1ea5t v\u00e0 cung c\u1ea5p kh\u00f3a th\u00f4ng minh t\u1ea1i Trung Qu\u1ed1c","description":"","publisher":{"@id":"https:\/\/yonannlock.com\/vi\/#organization"},"potentialAction":[{"@type":"SearchAction","target":{"@type":"EntryPoint","urlTemplate":"https:\/\/yonannlock.com\/vi\/?s={search_term_string}"},"query-input":{"@type":"PropertyValueSpecification","valueRequired":true,"valueName":"search_term_string"}}],"inLanguage":"vi"},{"@type":"Organization","@id":"https:\/\/yonannlock.com\/vi\/#organization","name":"Nh\u00e0 s\u1ea3n xu\u1ea5t v\u00e0 cung c\u1ea5p kh\u00f3a th\u00f4ng minh t\u1ea1i Trung Qu\u1ed1c","url":"https:\/\/yonannlock.com\/vi\/","logo":{"@type":"ImageObject","inLanguage":"vi","@id":"https:\/\/yonannlock.com\/vi\/#\/schema\/logo\/image\/","url":"https:\/\/yonannlock.com\/wp-content\/uploads\/2026\/03\/cropped-LOGO-1.png","contentUrl":"https:\/\/yonannlock.com\/wp-content\/uploads\/2026\/03\/cropped-LOGO-1.png","width":482,"height":167,"caption":"Smart Lock Manufacturer And Supplier in China"},"image":{"@id":"https:\/\/yonannlock.com\/vi\/#\/schema\/logo\/image\/"}}]}},"_links":{"self":[{"href":"https:\/\/yonannlock.com\/vi\/wp-json\/wp\/v2\/pages\/7776","targetHints":{"allow":["GET"]}}],"collection":[{"href":"https:\/\/yonannlock.com\/vi\/wp-json\/wp\/v2\/pages"}],"about":[{"href":"https:\/\/yonannlock.com\/vi\/wp-json\/wp\/v2\/types\/page"}],"author":[{"embeddable":true,"href":"https:\/\/yonannlock.com\/vi\/wp-json\/wp\/v2\/users\/1"}],"replies":[{"embeddable":true,"href":"https:\/\/yonannlock.com\/vi\/wp-json\/wp\/v2\/comments?post=7776"}],"version-history":[{"count":2,"href":"https:\/\/yonannlock.com\/vi\/wp-json\/wp\/v2\/pages\/7776\/revisions"}],"predecessor-version":[{"id":8786,"href":"https:\/\/yonannlock.com\/vi\/wp-json\/wp\/v2\/pages\/7776\/revisions\/8786"}],"wp:attachment":[{"href":"https:\/\/yonannlock.com\/vi\/wp-json\/wp\/v2\/media?parent=7776"}],"curies":[{"name":"wp","href":"https:\/\/api.w.org\/{rel}","templated":true}]}}