{"id":7773,"date":"2025-04-10T08:27:02","date_gmt":"2025-04-10T08:27:02","guid":{"rendered":"https:\/\/yonannlock.com\/?page_id=7773"},"modified":"2025-05-21T07:29:18","modified_gmt":"2025-05-21T07:29:18","slug":"tuya-lock-camera-face-detection","status":"publish","type":"page","link":"https:\/\/yonannlock.com\/vi\/revolutionize-your-entry-system-with-tuya-smart-locks-camera-and-face-detection\/","title":{"rendered":"C\u00e1ch m\u1ea1ng h\u00f3a h\u1ec7 th\u1ed1ng ra v\u00e0o c\u1ee7a b\u1ea1n v\u1edbi kh\u00f3a th\u00f4ng minh Tuya, camera v\u00e0 nh\u1eadn di\u1ec7n khu\u00f4n m\u1eb7t"},"content":{"rendered":"<!-- AddThis Advanced Settings generic via filter on the_content --><!-- AddThis Share Buttons generic via filter on the_content -->","protected":false},"excerpt":{"rendered":"<p><!-- AddThis Advanced Settings generic via filter on get_the_excerpt --><!-- AddThis Share Buttons generic via filter on get_the_excerpt --><\/p>","protected":false},"author":1,"featured_media":0,"parent":0,"menu_order":0,"comment_status":"closed","ping_status":"closed","template":"product-details3.php","meta":{"_acf_changed":false,"site-sidebar-layout":"default","site-content-layout":"page-builder","ast-site-content-layout":"full-width-container","site-content-style":"unboxed","site-sidebar-style":"unboxed","ast-global-header-display":"","ast-banner-title-visibility":"","ast-main-header-display":"","ast-hfb-above-header-display":"","ast-hfb-below-header-display":"","ast-hfb-mobile-header-display":"","site-post-title":"","ast-breadcrumbs-content":"disabled","ast-featured-img":"","footer-sml-layout":"","ast-disable-related-posts":"","theme-transparent-header-meta":"default","adv-header-id-meta":"","stick-header-meta":"default","header-above-stick-meta":"","header-main-stick-meta":"","header-below-stick-meta":"","astra-migrate-meta-layouts":"set","ast-page-background-enabled":"default","ast-page-background-meta":{"desktop":{"background-color":"","background-image":"","background-repeat":"repeat","background-position":"center center","background-size":"auto","background-attachment":"scroll","background-type":"","background-media":"","overlay-type":"","overlay-color":"","overlay-opacity":"","overlay-gradient":""},"tablet":{"background-color":"","background-image":"","background-repeat":"repeat","background-position":"center center","background-size":"auto","background-attachment":"scroll","background-type":"","background-media":"","overlay-type":"","overlay-color":"","overlay-opacity":"","overlay-gradient":""},"mobile":{"background-color":"","background-image":"","background-repeat":"repeat","background-position":"center center","background-size":"auto","background-attachment":"scroll","background-type":"","background-media":"","overlay-type":"","overlay-color":"","overlay-opacity":"","overlay-gradient":""}},"ast-content-background-meta":{"desktop":{"background-color":"var(--ast-global-color-5)","background-image":"","background-repeat":"repeat","background-position":"center center","background-size":"auto","background-attachment":"scroll","background-type":"","background-media":"","overlay-type":"","overlay-color":"","overlay-opacity":"","overlay-gradient":""},"tablet":{"background-color":"var(--ast-global-color-5)","background-image":"","background-repeat":"repeat","background-position":"center center","background-size":"auto","background-attachment":"scroll","background-type":"","background-media":"","overlay-type":"","overlay-color":"","overlay-opacity":"","overlay-gradient":""},"mobile":{"background-color":"var(--ast-global-color-5)","background-image":"","background-repeat":"repeat","background-position":"center center","background-size":"auto","background-attachment":"scroll","background-type":"","background-media":"","overlay-type":"","overlay-color":"","overlay-opacity":"","overlay-gradient":""}},"footnotes":""},"class_list":["post-7773","page","type-page","status-publish","hentry"],"acf":[],"yoast_head":"<!-- This site is optimized with the Yoast SEO plugin v27.3 - https:\/\/yoast.com\/product\/yoast-seo-wordpress\/ -->\n<title>Revolutionize Your Entry System with Tuya Smart Locks, Camera, and Face Detection<\/title>\n<meta name=\"description\" content=\"Reinvent home security with Tuya smart locks featuring high-speed face detection and HD camera. Ideal for smart homes and rental properties.\" \/>\n<meta name=\"robots\" content=\"index, follow, max-snippet:-1, max-image-preview:large, max-video-preview:-1\" \/>\n<link rel=\"canonical\" href=\"https:\/\/yonannlock.com\/vi\/cach-mang-hoa-he-thong-ra-vao-cua-ban-voi-camera-khoa-thong-minh-tuya-va-nhan-dien-khuon-mat\/\" \/>\n<meta property=\"og:locale\" content=\"vi_VN\" \/>\n<meta property=\"og:type\" content=\"article\" \/>\n<meta property=\"og:title\" content=\"Revolutionize Your Entry System with Tuya Smart Locks, Camera, and Face Detection\" \/>\n<meta property=\"og:description\" content=\"Reinvent home security with Tuya smart locks featuring high-speed face detection and HD camera. Ideal for smart homes and rental properties.\" \/>\n<meta property=\"og:url\" content=\"https:\/\/yonannlock.com\/vi\/cach-mang-hoa-he-thong-ra-vao-cua-ban-voi-camera-khoa-thong-minh-tuya-va-nhan-dien-khuon-mat\/\" \/>\n<meta property=\"og:site_name\" content=\"Smart Lock Manufacturer And Supplier in China\" \/>\n<meta property=\"article:modified_time\" content=\"2025-05-21T07:29:18+00:00\" \/>\n<meta name=\"twitter:card\" content=\"summary_large_image\" \/>\n<script type=\"application\/ld+json\" class=\"yoast-schema-graph\">{\"@context\":\"https:\\\/\\\/schema.org\",\"@graph\":[{\"@type\":\"WebPage\",\"@id\":\"https:\\\/\\\/yonannlock.com\\\/revolutionize-your-entry-system-with-tuya-smart-locks-camera-and-face-detection\\\/\",\"url\":\"https:\\\/\\\/yonannlock.com\\\/revolutionize-your-entry-system-with-tuya-smart-locks-camera-and-face-detection\\\/\",\"name\":\"Revolutionize Your Entry System with Tuya Smart Locks, Camera, and Face Detection\",\"isPartOf\":{\"@id\":\"https:\\\/\\\/yonannlock.com\\\/vi\\\/#website\"},\"datePublished\":\"2025-04-10T08:27:02+00:00\",\"dateModified\":\"2025-05-21T07:29:18+00:00\",\"description\":\"Reinvent home security with Tuya smart locks featuring high-speed face detection and HD camera. Ideal for smart homes and rental properties.\",\"breadcrumb\":{\"@id\":\"https:\\\/\\\/yonannlock.com\\\/revolutionize-your-entry-system-with-tuya-smart-locks-camera-and-face-detection\\\/#breadcrumb\"},\"inLanguage\":\"vi\",\"potentialAction\":[{\"@type\":\"ReadAction\",\"target\":[\"https:\\\/\\\/yonannlock.com\\\/revolutionize-your-entry-system-with-tuya-smart-locks-camera-and-face-detection\\\/\"]}]},{\"@type\":\"BreadcrumbList\",\"@id\":\"https:\\\/\\\/yonannlock.com\\\/revolutionize-your-entry-system-with-tuya-smart-locks-camera-and-face-detection\\\/#breadcrumb\",\"itemListElement\":[{\"@type\":\"ListItem\",\"position\":1,\"name\":\"Home\",\"item\":\"https:\\\/\\\/yonannlock.com\\\/vi\\\/\"},{\"@type\":\"ListItem\",\"position\":2,\"name\":\"Revolutionize Your Entry System with Tuya Smart Locks, Camera, and Face Detection\"}]},{\"@type\":\"WebSite\",\"@id\":\"https:\\\/\\\/yonannlock.com\\\/vi\\\/#website\",\"url\":\"https:\\\/\\\/yonannlock.com\\\/vi\\\/\",\"name\":\"Smart Lock Manufacturer And Supplier in China\",\"description\":\"\",\"publisher\":{\"@id\":\"https:\\\/\\\/yonannlock.com\\\/vi\\\/#organization\"},\"potentialAction\":[{\"@type\":\"SearchAction\",\"target\":{\"@type\":\"EntryPoint\",\"urlTemplate\":\"https:\\\/\\\/yonannlock.com\\\/vi\\\/?s={search_term_string}\"},\"query-input\":{\"@type\":\"PropertyValueSpecification\",\"valueRequired\":true,\"valueName\":\"search_term_string\"}}],\"inLanguage\":\"vi\"},{\"@type\":\"Organization\",\"@id\":\"https:\\\/\\\/yonannlock.com\\\/vi\\\/#organization\",\"name\":\"Smart Lock Manufacturer And Supplier in China\",\"url\":\"https:\\\/\\\/yonannlock.com\\\/vi\\\/\",\"logo\":{\"@type\":\"ImageObject\",\"inLanguage\":\"vi\",\"@id\":\"https:\\\/\\\/yonannlock.com\\\/vi\\\/#\\\/schema\\\/logo\\\/image\\\/\",\"url\":\"https:\\\/\\\/yonannlock.com\\\/wp-content\\\/uploads\\\/2026\\\/03\\\/cropped-LOGO-1.png\",\"contentUrl\":\"https:\\\/\\\/yonannlock.com\\\/wp-content\\\/uploads\\\/2026\\\/03\\\/cropped-LOGO-1.png\",\"width\":482,\"height\":167,\"caption\":\"Smart Lock Manufacturer And Supplier in China\"},\"image\":{\"@id\":\"https:\\\/\\\/yonannlock.com\\\/vi\\\/#\\\/schema\\\/logo\\\/image\\\/\"}}]}<\/script>\n<!-- \/ Yoast SEO plugin. -->","yoast_head_json":{"title":"C\u00e1ch m\u1ea1ng h\u00f3a h\u1ec7 th\u1ed1ng ra v\u00e0o c\u1ee7a b\u1ea1n v\u1edbi kh\u00f3a th\u00f4ng minh Tuya, camera v\u00e0 nh\u1eadn di\u1ec7n khu\u00f4n m\u1eb7t","description":"N\u00e2ng t\u1ea7m an ninh nh\u00e0 \u1edf v\u1edbi kh\u00f3a th\u00f4ng minh Tuya v\u1edbi t\u00ednh n\u0103ng nh\u1eadn di\u1ec7n khu\u00f4n m\u1eb7t t\u1ed1c \u0111\u1ed9 cao v\u00e0 camera HD. L\u00fd t\u01b0\u1edfng cho nh\u00e0 th\u00f4ng minh v\u00e0 b\u1ea5t \u0111\u1ed9ng s\u1ea3n cho thu\u00ea.","robots":{"index":"index","follow":"follow","max-snippet":"max-snippet:-1","max-image-preview":"max-image-preview:large","max-video-preview":"max-video-preview:-1"},"canonical":"https:\/\/yonannlock.com\/vi\/cach-mang-hoa-he-thong-ra-vao-cua-ban-voi-camera-khoa-thong-minh-tuya-va-nhan-dien-khuon-mat\/","og_locale":"vi_VN","og_type":"article","og_title":"Revolutionize Your Entry System with Tuya Smart Locks, Camera, and Face Detection","og_description":"Reinvent home security with Tuya smart locks featuring high-speed face detection and HD camera. Ideal for smart homes and rental properties.","og_url":"https:\/\/yonannlock.com\/vi\/cach-mang-hoa-he-thong-ra-vao-cua-ban-voi-camera-khoa-thong-minh-tuya-va-nhan-dien-khuon-mat\/","og_site_name":"Smart Lock Manufacturer And Supplier in China","article_modified_time":"2025-05-21T07:29:18+00:00","twitter_card":"summary_large_image","schema":{"@context":"https:\/\/schema.org","@graph":[{"@type":"WebPage","@id":"https:\/\/yonannlock.com\/revolutionize-your-entry-system-with-tuya-smart-locks-camera-and-face-detection\/","url":"https:\/\/yonannlock.com\/revolutionize-your-entry-system-with-tuya-smart-locks-camera-and-face-detection\/","name":"C\u00e1ch m\u1ea1ng h\u00f3a h\u1ec7 th\u1ed1ng ra v\u00e0o c\u1ee7a b\u1ea1n v\u1edbi kh\u00f3a th\u00f4ng minh Tuya, camera v\u00e0 nh\u1eadn di\u1ec7n khu\u00f4n m\u1eb7t","isPartOf":{"@id":"https:\/\/yonannlock.com\/vi\/#website"},"datePublished":"2025-04-10T08:27:02+00:00","dateModified":"2025-05-21T07:29:18+00:00","description":"N\u00e2ng t\u1ea7m an ninh nh\u00e0 \u1edf v\u1edbi kh\u00f3a th\u00f4ng minh Tuya v\u1edbi t\u00ednh n\u0103ng nh\u1eadn di\u1ec7n khu\u00f4n m\u1eb7t t\u1ed1c \u0111\u1ed9 cao v\u00e0 camera HD. L\u00fd t\u01b0\u1edfng cho nh\u00e0 th\u00f4ng minh v\u00e0 b\u1ea5t \u0111\u1ed9ng s\u1ea3n cho thu\u00ea.","breadcrumb":{"@id":"https:\/\/yonannlock.com\/revolutionize-your-entry-system-with-tuya-smart-locks-camera-and-face-detection\/#breadcrumb"},"inLanguage":"vi","potentialAction":[{"@type":"ReadAction","target":["https:\/\/yonannlock.com\/revolutionize-your-entry-system-with-tuya-smart-locks-camera-and-face-detection\/"]}]},{"@type":"BreadcrumbList","@id":"https:\/\/yonannlock.com\/revolutionize-your-entry-system-with-tuya-smart-locks-camera-and-face-detection\/#breadcrumb","itemListElement":[{"@type":"ListItem","position":1,"name":"Home","item":"https:\/\/yonannlock.com\/vi\/"},{"@type":"ListItem","position":2,"name":"Revolutionize Your Entry System with Tuya Smart Locks, Camera, and Face Detection"}]},{"@type":"WebSite","@id":"https:\/\/yonannlock.com\/vi\/#website","url":"https:\/\/yonannlock.com\/vi\/","name":"Nh\u00e0 s\u1ea3n xu\u1ea5t v\u00e0 cung c\u1ea5p kh\u00f3a th\u00f4ng minh t\u1ea1i Trung Qu\u1ed1c","description":"","publisher":{"@id":"https:\/\/yonannlock.com\/vi\/#organization"},"potentialAction":[{"@type":"SearchAction","target":{"@type":"EntryPoint","urlTemplate":"https:\/\/yonannlock.com\/vi\/?s={search_term_string}"},"query-input":{"@type":"PropertyValueSpecification","valueRequired":true,"valueName":"search_term_string"}}],"inLanguage":"vi"},{"@type":"Organization","@id":"https:\/\/yonannlock.com\/vi\/#organization","name":"Nh\u00e0 s\u1ea3n xu\u1ea5t v\u00e0 cung c\u1ea5p kh\u00f3a th\u00f4ng minh t\u1ea1i Trung Qu\u1ed1c","url":"https:\/\/yonannlock.com\/vi\/","logo":{"@type":"ImageObject","inLanguage":"vi","@id":"https:\/\/yonannlock.com\/vi\/#\/schema\/logo\/image\/","url":"https:\/\/yonannlock.com\/wp-content\/uploads\/2026\/03\/cropped-LOGO-1.png","contentUrl":"https:\/\/yonannlock.com\/wp-content\/uploads\/2026\/03\/cropped-LOGO-1.png","width":482,"height":167,"caption":"Smart Lock Manufacturer And Supplier in China"},"image":{"@id":"https:\/\/yonannlock.com\/vi\/#\/schema\/logo\/image\/"}}]}},"_links":{"self":[{"href":"https:\/\/yonannlock.com\/vi\/wp-json\/wp\/v2\/pages\/7773","targetHints":{"allow":["GET"]}}],"collection":[{"href":"https:\/\/yonannlock.com\/vi\/wp-json\/wp\/v2\/pages"}],"about":[{"href":"https:\/\/yonannlock.com\/vi\/wp-json\/wp\/v2\/types\/page"}],"author":[{"embeddable":true,"href":"https:\/\/yonannlock.com\/vi\/wp-json\/wp\/v2\/users\/1"}],"replies":[{"embeddable":true,"href":"https:\/\/yonannlock.com\/vi\/wp-json\/wp\/v2\/comments?post=7773"}],"version-history":[{"count":2,"href":"https:\/\/yonannlock.com\/vi\/wp-json\/wp\/v2\/pages\/7773\/revisions"}],"predecessor-version":[{"id":8754,"href":"https:\/\/yonannlock.com\/vi\/wp-json\/wp\/v2\/pages\/7773\/revisions\/8754"}],"wp:attachment":[{"href":"https:\/\/yonannlock.com\/vi\/wp-json\/wp\/v2\/media?parent=7773"}],"curies":[{"name":"wp","href":"https:\/\/api.w.org\/{rel}","templated":true}]}}