{"id":7771,"date":"2025-04-10T08:21:52","date_gmt":"2025-04-10T08:21:52","guid":{"rendered":"https:\/\/yonannlock.com\/?page_id=7771"},"modified":"2025-05-21T08:11:36","modified_gmt":"2025-05-21T08:11:36","slug":"tuya-camera-smart-locks","status":"publish","type":"page","link":"https:\/\/yonannlock.com\/vi\/tuya-smart-lock\/ttlock-the-future-of-home-protection\/","title":{"rendered":"Kh\u00f3a th\u00f4ng minh Tuya \/ TTlock: T\u01b0\u01a1ng lai c\u1ee7a vi\u1ec7c b\u1ea3o v\u1ec7 ng\u00f4i nh\u00e0"},"content":{"rendered":"<!-- AddThis Advanced Settings generic via filter on the_content --><!-- AddThis Share Buttons generic via filter on the_content -->","protected":false},"excerpt":{"rendered":"<p><!-- AddThis Advanced Settings generic via filter on get_the_excerpt --><!-- AddThis Share Buttons generic via filter on get_the_excerpt --><\/p>","protected":false},"author":1,"featured_media":0,"parent":0,"menu_order":0,"comment_status":"closed","ping_status":"closed","template":"product-details3.php","meta":{"_acf_changed":false,"site-sidebar-layout":"default","site-content-layout":"page-builder","ast-site-content-layout":"full-width-container","site-content-style":"unboxed","site-sidebar-style":"unboxed","ast-global-header-display":"","ast-banner-title-visibility":"","ast-main-header-display":"","ast-hfb-above-header-display":"","ast-hfb-below-header-display":"","ast-hfb-mobile-header-display":"","site-post-title":"","ast-breadcrumbs-content":"disabled","ast-featured-img":"","footer-sml-layout":"","ast-disable-related-posts":"","theme-transparent-header-meta":"default","adv-header-id-meta":"","stick-header-meta":"default","header-above-stick-meta":"","header-main-stick-meta":"","header-below-stick-meta":"","astra-migrate-meta-layouts":"set","ast-page-background-enabled":"default","ast-page-background-meta":{"desktop":{"background-color":"","background-image":"","background-repeat":"repeat","background-position":"center center","background-size":"auto","background-attachment":"scroll","background-type":"","background-media":"","overlay-type":"","overlay-color":"","overlay-opacity":"","overlay-gradient":""},"tablet":{"background-color":"","background-image":"","background-repeat":"repeat","background-position":"center center","background-size":"auto","background-attachment":"scroll","background-type":"","background-media":"","overlay-type":"","overlay-color":"","overlay-opacity":"","overlay-gradient":""},"mobile":{"background-color":"","background-image":"","background-repeat":"repeat","background-position":"center center","background-size":"auto","background-attachment":"scroll","background-type":"","background-media":"","overlay-type":"","overlay-color":"","overlay-opacity":"","overlay-gradient":""}},"ast-content-background-meta":{"desktop":{"background-color":"var(--ast-global-color-5)","background-image":"","background-repeat":"repeat","background-position":"center center","background-size":"auto","background-attachment":"scroll","background-type":"","background-media":"","overlay-type":"","overlay-color":"","overlay-opacity":"","overlay-gradient":""},"tablet":{"background-color":"var(--ast-global-color-5)","background-image":"","background-repeat":"repeat","background-position":"center center","background-size":"auto","background-attachment":"scroll","background-type":"","background-media":"","overlay-type":"","overlay-color":"","overlay-opacity":"","overlay-gradient":""},"mobile":{"background-color":"var(--ast-global-color-5)","background-image":"","background-repeat":"repeat","background-position":"center center","background-size":"auto","background-attachment":"scroll","background-type":"","background-media":"","overlay-type":"","overlay-color":"","overlay-opacity":"","overlay-gradient":""}},"footnotes":""},"class_list":["post-7771","page","type-page","status-publish","hentry"],"acf":[],"yoast_head":"<!-- This site is optimized with the Yoast SEO plugin v27.3 - https:\/\/yoast.com\/product\/yoast-seo-wordpress\/ -->\n<title>Tuya Smart Lock with Camera: The Future of Home ProtectionEnhance Your Security with Tuya Smart Locks Featuring Face Recognition and Camera Integration<\/title>\n<meta name=\"description\" content=\"Get top-level protection with Tuya smart locks featuring an HD camera. Control remotely and keep your family safe. Find the best-rated Tuya smart locks with face recognition and a camera. Advanced AI, remote control, and multiple unlocking methods.\" \/>\n<meta name=\"robots\" content=\"index, follow, max-snippet:-1, max-image-preview:large, max-video-preview:-1\" \/>\n<link rel=\"canonical\" href=\"https:\/\/yonannlock.com\/vi\/khoa-thong-minh-tuya\/ttlock-tuong-lai-cua-bao-ve-nha\/\" \/>\n<meta property=\"og:locale\" content=\"vi_VN\" \/>\n<meta property=\"og:type\" content=\"article\" \/>\n<meta property=\"og:title\" content=\"Tuya Smart Lock with Camera: The Future of Home ProtectionEnhance Your Security with Tuya Smart Locks Featuring Face Recognition and Camera Integration\" \/>\n<meta property=\"og:description\" content=\"Get top-level protection with Tuya smart locks featuring an HD camera. Control remotely and keep your family safe. Find the best-rated Tuya smart locks with face recognition and a camera. Advanced AI, remote control, and multiple unlocking methods.\" \/>\n<meta property=\"og:url\" content=\"https:\/\/yonannlock.com\/vi\/khoa-thong-minh-tuya\/ttlock-tuong-lai-cua-bao-ve-nha\/\" \/>\n<meta property=\"og:site_name\" content=\"Smart Lock Manufacturer And Supplier in China\" \/>\n<meta property=\"article:modified_time\" content=\"2025-05-21T08:11:36+00:00\" \/>\n<meta name=\"twitter:card\" content=\"summary_large_image\" \/>\n<script type=\"application\/ld+json\" class=\"yoast-schema-graph\">{\"@context\":\"https:\\\/\\\/schema.org\",\"@graph\":[{\"@type\":\"WebPage\",\"@id\":\"https:\\\/\\\/yonannlock.com\\\/ru\\\/%d1%83%d0%bc%d0%bd%d1%8b%d0%b9-%d0%b7%d0%b0%d0%bc%d0%be%d0%ba-tuya\\\/ttlock-%d0%b1%d1%83%d0%b4%d1%83%d1%89%d0%b5%d0%b5-%d0%b7%d0%b0%d1%89%d0%b8%d1%82%d1%8b-%d0%b4%d0%be%d0%bc%d0%b0\\\/\",\"url\":\"https:\\\/\\\/yonannlock.com\\\/ru\\\/%d1%83%d0%bc%d0%bd%d1%8b%d0%b9-%d0%b7%d0%b0%d0%bc%d0%be%d0%ba-tuya\\\/ttlock-%d0%b1%d1%83%d0%b4%d1%83%d1%89%d0%b5%d0%b5-%d0%b7%d0%b0%d1%89%d0%b8%d1%82%d1%8b-%d0%b4%d0%be%d0%bc%d0%b0\\\/\",\"name\":\"Tuya Smart Lock with Camera: The Future of Home ProtectionEnhance Your Security with Tuya Smart Locks Featuring Face Recognition and Camera Integration\",\"isPartOf\":{\"@id\":\"https:\\\/\\\/yonannlock.com\\\/vi\\\/#website\"},\"datePublished\":\"2025-04-10T08:21:52+00:00\",\"dateModified\":\"2025-05-21T08:11:36+00:00\",\"description\":\"Get top-level protection with Tuya smart locks featuring an HD camera. Control remotely and keep your family safe. Find the best-rated Tuya smart locks with face recognition and a camera. Advanced AI, remote control, and multiple unlocking methods.\",\"breadcrumb\":{\"@id\":\"https:\\\/\\\/yonannlock.com\\\/ru\\\/%d1%83%d0%bc%d0%bd%d1%8b%d0%b9-%d0%b7%d0%b0%d0%bc%d0%be%d0%ba-tuya\\\/ttlock-%d0%b1%d1%83%d0%b4%d1%83%d1%89%d0%b5%d0%b5-%d0%b7%d0%b0%d1%89%d0%b8%d1%82%d1%8b-%d0%b4%d0%be%d0%bc%d0%b0\\\/#breadcrumb\"},\"inLanguage\":\"vi\",\"potentialAction\":[{\"@type\":\"ReadAction\",\"target\":[\"https:\\\/\\\/yonannlock.com\\\/ru\\\/%d1%83%d0%bc%d0%bd%d1%8b%d0%b9-%d0%b7%d0%b0%d0%bc%d0%be%d0%ba-tuya\\\/ttlock-%d0%b1%d1%83%d0%b4%d1%83%d1%89%d0%b5%d0%b5-%d0%b7%d0%b0%d1%89%d0%b8%d1%82%d1%8b-%d0%b4%d0%be%d0%bc%d0%b0\\\/\"]}]},{\"@type\":\"BreadcrumbList\",\"@id\":\"https:\\\/\\\/yonannlock.com\\\/ru\\\/%d1%83%d0%bc%d0%bd%d1%8b%d0%b9-%d0%b7%d0%b0%d0%bc%d0%be%d0%ba-tuya\\\/ttlock-%d0%b1%d1%83%d0%b4%d1%83%d1%89%d0%b5%d0%b5-%d0%b7%d0%b0%d1%89%d0%b8%d1%82%d1%8b-%d0%b4%d0%be%d0%bc%d0%b0\\\/#breadcrumb\",\"itemListElement\":[{\"@type\":\"ListItem\",\"position\":1,\"name\":\"Home\",\"item\":\"https:\\\/\\\/yonannlock.com\\\/vi\\\/\"},{\"@type\":\"ListItem\",\"position\":2,\"name\":\"Tuya Smart Lock \\\/TTlock : The Future of Home Protection\"}]},{\"@type\":\"WebSite\",\"@id\":\"https:\\\/\\\/yonannlock.com\\\/vi\\\/#website\",\"url\":\"https:\\\/\\\/yonannlock.com\\\/vi\\\/\",\"name\":\"Smart Lock Manufacturer And Supplier in China\",\"description\":\"\",\"publisher\":{\"@id\":\"https:\\\/\\\/yonannlock.com\\\/vi\\\/#organization\"},\"potentialAction\":[{\"@type\":\"SearchAction\",\"target\":{\"@type\":\"EntryPoint\",\"urlTemplate\":\"https:\\\/\\\/yonannlock.com\\\/vi\\\/?s={search_term_string}\"},\"query-input\":{\"@type\":\"PropertyValueSpecification\",\"valueRequired\":true,\"valueName\":\"search_term_string\"}}],\"inLanguage\":\"vi\"},{\"@type\":\"Organization\",\"@id\":\"https:\\\/\\\/yonannlock.com\\\/vi\\\/#organization\",\"name\":\"Smart Lock Manufacturer And Supplier in China\",\"url\":\"https:\\\/\\\/yonannlock.com\\\/vi\\\/\",\"logo\":{\"@type\":\"ImageObject\",\"inLanguage\":\"vi\",\"@id\":\"https:\\\/\\\/yonannlock.com\\\/vi\\\/#\\\/schema\\\/logo\\\/image\\\/\",\"url\":\"https:\\\/\\\/yonannlock.com\\\/wp-content\\\/uploads\\\/2026\\\/03\\\/cropped-LOGO-1.png\",\"contentUrl\":\"https:\\\/\\\/yonannlock.com\\\/wp-content\\\/uploads\\\/2026\\\/03\\\/cropped-LOGO-1.png\",\"width\":482,\"height\":167,\"caption\":\"Smart Lock Manufacturer And Supplier in China\"},\"image\":{\"@id\":\"https:\\\/\\\/yonannlock.com\\\/vi\\\/#\\\/schema\\\/logo\\\/image\\\/\"}}]}<\/script>\n<!-- \/ Yoast SEO plugin. -->","yoast_head_json":{"title":"Kh\u00f3a th\u00f4ng minh Tuya c\u00f3 camera: T\u01b0\u01a1ng lai c\u1ee7a b\u1ea3o v\u1ec7 nh\u00e0 c\u1eedaN\u00e2ng cao an ninh c\u1ee7a b\u1ea1n v\u1edbi kh\u00f3a th\u00f4ng minh Tuya c\u00f3 t\u00ednh n\u0103ng nh\u1eadn d\u1ea1ng khu\u00f4n m\u1eb7t v\u00e0 t\u00edch h\u1ee3p camera","description":"T\u1eadn h\u01b0\u1edfng s\u1ef1 b\u1ea3o v\u1ec7 t\u1ed1i \u01b0u v\u1edbi kh\u00f3a th\u00f4ng minh Tuya t\u00edch h\u1ee3p camera HD. \u0110i\u1ec1u khi\u1ec3n t\u1eeb xa v\u00e0 gi\u1eef an to\u00e0n cho gia \u0111\u00ecnh b\u1ea1n. Kh\u00e1m ph\u00e1 nh\u1eefng kh\u00f3a th\u00f4ng minh Tuya \u0111\u01b0\u1ee3c \u0111\u00e1nh gi\u00e1 cao nh\u1ea5t v\u1edbi t\u00ednh n\u0103ng nh\u1eadn di\u1ec7n khu\u00f4n m\u1eb7t v\u00e0 camera. C\u00f4ng ngh\u1ec7 AI ti\u00ean ti\u1ebfn, \u0111i\u1ec1u khi\u1ec3n t\u1eeb xa v\u00e0 nhi\u1ec1u ph\u01b0\u01a1ng th\u1ee9c m\u1edf kh\u00f3a.","robots":{"index":"index","follow":"follow","max-snippet":"max-snippet:-1","max-image-preview":"max-image-preview:large","max-video-preview":"max-video-preview:-1"},"canonical":"https:\/\/yonannlock.com\/vi\/khoa-thong-minh-tuya\/ttlock-tuong-lai-cua-bao-ve-nha\/","og_locale":"vi_VN","og_type":"article","og_title":"Tuya Smart Lock with Camera: The Future of Home ProtectionEnhance Your Security with Tuya Smart Locks Featuring Face Recognition and Camera Integration","og_description":"Get top-level protection with Tuya smart locks featuring an HD camera. Control remotely and keep your family safe. Find the best-rated Tuya smart locks with face recognition and a camera. Advanced AI, remote control, and multiple unlocking methods.","og_url":"https:\/\/yonannlock.com\/vi\/khoa-thong-minh-tuya\/ttlock-tuong-lai-cua-bao-ve-nha\/","og_site_name":"Smart Lock Manufacturer And Supplier in China","article_modified_time":"2025-05-21T08:11:36+00:00","twitter_card":"summary_large_image","schema":{"@context":"https:\/\/schema.org","@graph":[{"@type":"WebPage","@id":"https:\/\/yonannlock.com\/ru\/%d1%83%d0%bc%d0%bd%d1%8b%d0%b9-%d0%b7%d0%b0%d0%bc%d0%be%d0%ba-tuya\/ttlock-%d0%b1%d1%83%d0%b4%d1%83%d1%89%d0%b5%d0%b5-%d0%b7%d0%b0%d1%89%d0%b8%d1%82%d1%8b-%d0%b4%d0%be%d0%bc%d0%b0\/","url":"https:\/\/yonannlock.com\/ru\/%d1%83%d0%bc%d0%bd%d1%8b%d0%b9-%d0%b7%d0%b0%d0%bc%d0%be%d0%ba-tuya\/ttlock-%d0%b1%d1%83%d0%b4%d1%83%d1%89%d0%b5%d0%b5-%d0%b7%d0%b0%d1%89%d0%b8%d1%82%d1%8b-%d0%b4%d0%be%d0%bc%d0%b0\/","name":"Kh\u00f3a th\u00f4ng minh Tuya c\u00f3 camera: T\u01b0\u01a1ng lai c\u1ee7a b\u1ea3o v\u1ec7 nh\u00e0 c\u1eedaN\u00e2ng cao an ninh c\u1ee7a b\u1ea1n v\u1edbi kh\u00f3a th\u00f4ng minh Tuya c\u00f3 t\u00ednh n\u0103ng nh\u1eadn d\u1ea1ng khu\u00f4n m\u1eb7t v\u00e0 t\u00edch h\u1ee3p camera","isPartOf":{"@id":"https:\/\/yonannlock.com\/vi\/#website"},"datePublished":"2025-04-10T08:21:52+00:00","dateModified":"2025-05-21T08:11:36+00:00","description":"T\u1eadn h\u01b0\u1edfng s\u1ef1 b\u1ea3o v\u1ec7 t\u1ed1i \u01b0u v\u1edbi kh\u00f3a th\u00f4ng minh Tuya t\u00edch h\u1ee3p camera HD. \u0110i\u1ec1u khi\u1ec3n t\u1eeb xa v\u00e0 gi\u1eef an to\u00e0n cho gia \u0111\u00ecnh b\u1ea1n. Kh\u00e1m ph\u00e1 nh\u1eefng kh\u00f3a th\u00f4ng minh Tuya \u0111\u01b0\u1ee3c \u0111\u00e1nh gi\u00e1 cao nh\u1ea5t v\u1edbi t\u00ednh n\u0103ng nh\u1eadn di\u1ec7n khu\u00f4n m\u1eb7t v\u00e0 camera. C\u00f4ng ngh\u1ec7 AI ti\u00ean ti\u1ebfn, \u0111i\u1ec1u khi\u1ec3n t\u1eeb xa v\u00e0 nhi\u1ec1u ph\u01b0\u01a1ng th\u1ee9c m\u1edf kh\u00f3a.","breadcrumb":{"@id":"https:\/\/yonannlock.com\/ru\/%d1%83%d0%bc%d0%bd%d1%8b%d0%b9-%d0%b7%d0%b0%d0%bc%d0%be%d0%ba-tuya\/ttlock-%d0%b1%d1%83%d0%b4%d1%83%d1%89%d0%b5%d0%b5-%d0%b7%d0%b0%d1%89%d0%b8%d1%82%d1%8b-%d0%b4%d0%be%d0%bc%d0%b0\/#breadcrumb"},"inLanguage":"vi","potentialAction":[{"@type":"ReadAction","target":["https:\/\/yonannlock.com\/ru\/%d1%83%d0%bc%d0%bd%d1%8b%d0%b9-%d0%b7%d0%b0%d0%bc%d0%be%d0%ba-tuya\/ttlock-%d0%b1%d1%83%d0%b4%d1%83%d1%89%d0%b5%d0%b5-%d0%b7%d0%b0%d1%89%d0%b8%d1%82%d1%8b-%d0%b4%d0%be%d0%bc%d0%b0\/"]}]},{"@type":"BreadcrumbList","@id":"https:\/\/yonannlock.com\/ru\/%d1%83%d0%bc%d0%bd%d1%8b%d0%b9-%d0%b7%d0%b0%d0%bc%d0%be%d0%ba-tuya\/ttlock-%d0%b1%d1%83%d0%b4%d1%83%d1%89%d0%b5%d0%b5-%d0%b7%d0%b0%d1%89%d0%b8%d1%82%d1%8b-%d0%b4%d0%be%d0%bc%d0%b0\/#breadcrumb","itemListElement":[{"@type":"ListItem","position":1,"name":"Home","item":"https:\/\/yonannlock.com\/vi\/"},{"@type":"ListItem","position":2,"name":"Tuya Smart Lock \/TTlock : The Future of Home Protection"}]},{"@type":"WebSite","@id":"https:\/\/yonannlock.com\/vi\/#website","url":"https:\/\/yonannlock.com\/vi\/","name":"Nh\u00e0 s\u1ea3n xu\u1ea5t v\u00e0 cung c\u1ea5p kh\u00f3a th\u00f4ng minh t\u1ea1i Trung Qu\u1ed1c","description":"","publisher":{"@id":"https:\/\/yonannlock.com\/vi\/#organization"},"potentialAction":[{"@type":"SearchAction","target":{"@type":"EntryPoint","urlTemplate":"https:\/\/yonannlock.com\/vi\/?s={search_term_string}"},"query-input":{"@type":"PropertyValueSpecification","valueRequired":true,"valueName":"search_term_string"}}],"inLanguage":"vi"},{"@type":"Organization","@id":"https:\/\/yonannlock.com\/vi\/#organization","name":"Nh\u00e0 s\u1ea3n xu\u1ea5t v\u00e0 cung c\u1ea5p kh\u00f3a th\u00f4ng minh t\u1ea1i Trung Qu\u1ed1c","url":"https:\/\/yonannlock.com\/vi\/","logo":{"@type":"ImageObject","inLanguage":"vi","@id":"https:\/\/yonannlock.com\/vi\/#\/schema\/logo\/image\/","url":"https:\/\/yonannlock.com\/wp-content\/uploads\/2026\/03\/cropped-LOGO-1.png","contentUrl":"https:\/\/yonannlock.com\/wp-content\/uploads\/2026\/03\/cropped-LOGO-1.png","width":482,"height":167,"caption":"Smart Lock Manufacturer And Supplier in China"},"image":{"@id":"https:\/\/yonannlock.com\/vi\/#\/schema\/logo\/image\/"}}]}},"_links":{"self":[{"href":"https:\/\/yonannlock.com\/vi\/wp-json\/wp\/v2\/pages\/7771","targetHints":{"allow":["GET"]}}],"collection":[{"href":"https:\/\/yonannlock.com\/vi\/wp-json\/wp\/v2\/pages"}],"about":[{"href":"https:\/\/yonannlock.com\/vi\/wp-json\/wp\/v2\/types\/page"}],"author":[{"embeddable":true,"href":"https:\/\/yonannlock.com\/vi\/wp-json\/wp\/v2\/users\/1"}],"replies":[{"embeddable":true,"href":"https:\/\/yonannlock.com\/vi\/wp-json\/wp\/v2\/comments?post=7771"}],"version-history":[{"count":2,"href":"https:\/\/yonannlock.com\/vi\/wp-json\/wp\/v2\/pages\/7771\/revisions"}],"predecessor-version":[{"id":8769,"href":"https:\/\/yonannlock.com\/vi\/wp-json\/wp\/v2\/pages\/7771\/revisions\/8769"}],"wp:attachment":[{"href":"https:\/\/yonannlock.com\/vi\/wp-json\/wp\/v2\/media?parent=7771"}],"curies":[{"name":"wp","href":"https:\/\/api.w.org\/{rel}","templated":true}]}}