{"id":7767,"date":"2025-04-10T08:10:11","date_gmt":"2025-04-10T08:10:11","guid":{"rendered":"https:\/\/yonannlock.com\/?page_id=7767"},"modified":"2025-05-21T07:14:52","modified_gmt":"2025-05-21T07:14:52","slug":"tuya-smart-lock-face-camera-security","status":"publish","type":"page","link":"https:\/\/yonannlock.com\/vi\/best-tuya-smart-lock-with-face-recognition-camera-protect-your-home-with-ai\/","title":{"rendered":"Kh\u00f3a th\u00f4ng minh Tuya t\u1ed1t nh\u1ea5t v\u1edbi t\u00ednh n\u0103ng nh\u1eadn di\u1ec7n khu\u00f4n m\u1eb7t v\u00e0 camera \u2013 B\u1ea3o v\u1ec7 ng\u00f4i nh\u00e0 c\u1ee7a b\u1ea1n b\u1eb1ng AI"},"content":{"rendered":"<!-- AddThis Advanced Settings generic via filter on the_content --><!-- AddThis Share Buttons generic via filter on the_content -->","protected":false},"excerpt":{"rendered":"<p><!-- AddThis Advanced Settings generic via filter on get_the_excerpt --><!-- AddThis Share Buttons generic via filter on get_the_excerpt --><\/p>","protected":false},"author":1,"featured_media":0,"parent":0,"menu_order":0,"comment_status":"closed","ping_status":"closed","template":"product-details3.php","meta":{"_acf_changed":false,"site-sidebar-layout":"default","site-content-layout":"page-builder","ast-site-content-layout":"full-width-container","site-content-style":"unboxed","site-sidebar-style":"unboxed","ast-global-header-display":"","ast-banner-title-visibility":"","ast-main-header-display":"","ast-hfb-above-header-display":"","ast-hfb-below-header-display":"","ast-hfb-mobile-header-display":"","site-post-title":"","ast-breadcrumbs-content":"disabled","ast-featured-img":"","footer-sml-layout":"","ast-disable-related-posts":"","theme-transparent-header-meta":"default","adv-header-id-meta":"","stick-header-meta":"default","header-above-stick-meta":"","header-main-stick-meta":"","header-below-stick-meta":"","astra-migrate-meta-layouts":"set","ast-page-background-enabled":"default","ast-page-background-meta":{"desktop":{"background-color":"","background-image":"","background-repeat":"repeat","background-position":"center center","background-size":"auto","background-attachment":"scroll","background-type":"","background-media":"","overlay-type":"","overlay-color":"","overlay-opacity":"","overlay-gradient":""},"tablet":{"background-color":"","background-image":"","background-repeat":"repeat","background-position":"center center","background-size":"auto","background-attachment":"scroll","background-type":"","background-media":"","overlay-type":"","overlay-color":"","overlay-opacity":"","overlay-gradient":""},"mobile":{"background-color":"","background-image":"","background-repeat":"repeat","background-position":"center center","background-size":"auto","background-attachment":"scroll","background-type":"","background-media":"","overlay-type":"","overlay-color":"","overlay-opacity":"","overlay-gradient":""}},"ast-content-background-meta":{"desktop":{"background-color":"var(--ast-global-color-5)","background-image":"","background-repeat":"repeat","background-position":"center center","background-size":"auto","background-attachment":"scroll","background-type":"","background-media":"","overlay-type":"","overlay-color":"","overlay-opacity":"","overlay-gradient":""},"tablet":{"background-color":"var(--ast-global-color-5)","background-image":"","background-repeat":"repeat","background-position":"center center","background-size":"auto","background-attachment":"scroll","background-type":"","background-media":"","overlay-type":"","overlay-color":"","overlay-opacity":"","overlay-gradient":""},"mobile":{"background-color":"var(--ast-global-color-5)","background-image":"","background-repeat":"repeat","background-position":"center center","background-size":"auto","background-attachment":"scroll","background-type":"","background-media":"","overlay-type":"","overlay-color":"","overlay-opacity":"","overlay-gradient":""}},"footnotes":""},"class_list":["post-7767","page","type-page","status-publish","hentry"],"acf":[],"yoast_head":"<!-- This site is optimized with the Yoast SEO plugin v27.3 - https:\/\/yoast.com\/product\/yoast-seo-wordpress\/ -->\n<title>Enhance Your Security with Tuya Smart Locks Featuring Face Recognition and Camera Integration<\/title>\n<meta name=\"description\" content=\"Upgrade your door security with Tuya smart locks that include facial recognition and HD camera features. Easy control via Tuya Smart app.\" \/>\n<meta name=\"robots\" content=\"index, follow, max-snippet:-1, max-image-preview:large, max-video-preview:-1\" \/>\n<link rel=\"canonical\" href=\"https:\/\/yonannlock.com\/vi\/khoa-thong-minh-tuya-tot-nhat-voi-camera-nhan-dang-khuon-mat-bao-ve-ngoi-nha-cua-ban-bang-ai\/\" \/>\n<meta property=\"og:locale\" content=\"vi_VN\" \/>\n<meta property=\"og:type\" content=\"article\" \/>\n<meta property=\"og:title\" content=\"Enhance Your Security with Tuya Smart Locks Featuring Face Recognition and Camera Integration\" \/>\n<meta property=\"og:description\" content=\"Upgrade your door security with Tuya smart locks that include facial recognition and HD camera features. Easy control via Tuya Smart app.\" \/>\n<meta property=\"og:url\" content=\"https:\/\/yonannlock.com\/vi\/khoa-thong-minh-tuya-tot-nhat-voi-camera-nhan-dang-khuon-mat-bao-ve-ngoi-nha-cua-ban-bang-ai\/\" \/>\n<meta property=\"og:site_name\" content=\"Smart Lock Manufacturer And Supplier in China\" \/>\n<meta property=\"article:modified_time\" content=\"2025-05-21T07:14:52+00:00\" \/>\n<meta name=\"twitter:card\" content=\"summary_large_image\" \/>\n<script type=\"application\/ld+json\" class=\"yoast-schema-graph\">{\"@context\":\"https:\\\/\\\/schema.org\",\"@graph\":[{\"@type\":\"WebPage\",\"@id\":\"https:\\\/\\\/yonannlock.com\\\/best-tuya-smart-lock-with-face-recognition-camera-protect-your-home-with-ai\\\/\",\"url\":\"https:\\\/\\\/yonannlock.com\\\/best-tuya-smart-lock-with-face-recognition-camera-protect-your-home-with-ai\\\/\",\"name\":\"Enhance Your Security with Tuya Smart Locks Featuring Face Recognition and Camera Integration\",\"isPartOf\":{\"@id\":\"https:\\\/\\\/yonannlock.com\\\/vi\\\/#website\"},\"datePublished\":\"2025-04-10T08:10:11+00:00\",\"dateModified\":\"2025-05-21T07:14:52+00:00\",\"description\":\"Upgrade your door security with Tuya smart locks that include facial recognition and HD camera features. Easy control via Tuya Smart app.\",\"breadcrumb\":{\"@id\":\"https:\\\/\\\/yonannlock.com\\\/best-tuya-smart-lock-with-face-recognition-camera-protect-your-home-with-ai\\\/#breadcrumb\"},\"inLanguage\":\"vi\",\"potentialAction\":[{\"@type\":\"ReadAction\",\"target\":[\"https:\\\/\\\/yonannlock.com\\\/best-tuya-smart-lock-with-face-recognition-camera-protect-your-home-with-ai\\\/\"]}]},{\"@type\":\"BreadcrumbList\",\"@id\":\"https:\\\/\\\/yonannlock.com\\\/best-tuya-smart-lock-with-face-recognition-camera-protect-your-home-with-ai\\\/#breadcrumb\",\"itemListElement\":[{\"@type\":\"ListItem\",\"position\":1,\"name\":\"Home\",\"item\":\"https:\\\/\\\/yonannlock.com\\\/vi\\\/\"},{\"@type\":\"ListItem\",\"position\":2,\"name\":\"Best Tuya Smart Lock with Face Recognition &#038; Camera \u2013 Protect Your Home with AI\"}]},{\"@type\":\"WebSite\",\"@id\":\"https:\\\/\\\/yonannlock.com\\\/vi\\\/#website\",\"url\":\"https:\\\/\\\/yonannlock.com\\\/vi\\\/\",\"name\":\"Smart Lock Manufacturer And Supplier in China\",\"description\":\"\",\"publisher\":{\"@id\":\"https:\\\/\\\/yonannlock.com\\\/vi\\\/#organization\"},\"potentialAction\":[{\"@type\":\"SearchAction\",\"target\":{\"@type\":\"EntryPoint\",\"urlTemplate\":\"https:\\\/\\\/yonannlock.com\\\/vi\\\/?s={search_term_string}\"},\"query-input\":{\"@type\":\"PropertyValueSpecification\",\"valueRequired\":true,\"valueName\":\"search_term_string\"}}],\"inLanguage\":\"vi\"},{\"@type\":\"Organization\",\"@id\":\"https:\\\/\\\/yonannlock.com\\\/vi\\\/#organization\",\"name\":\"Smart Lock Manufacturer And Supplier in China\",\"url\":\"https:\\\/\\\/yonannlock.com\\\/vi\\\/\",\"logo\":{\"@type\":\"ImageObject\",\"inLanguage\":\"vi\",\"@id\":\"https:\\\/\\\/yonannlock.com\\\/vi\\\/#\\\/schema\\\/logo\\\/image\\\/\",\"url\":\"https:\\\/\\\/yonannlock.com\\\/wp-content\\\/uploads\\\/2026\\\/03\\\/cropped-LOGO-1.png\",\"contentUrl\":\"https:\\\/\\\/yonannlock.com\\\/wp-content\\\/uploads\\\/2026\\\/03\\\/cropped-LOGO-1.png\",\"width\":482,\"height\":167,\"caption\":\"Smart Lock Manufacturer And Supplier in China\"},\"image\":{\"@id\":\"https:\\\/\\\/yonannlock.com\\\/vi\\\/#\\\/schema\\\/logo\\\/image\\\/\"}}]}<\/script>\n<!-- \/ Yoast SEO plugin. -->","yoast_head_json":{"title":"N\u00e2ng cao t\u00ednh b\u1ea3o m\u1eadt c\u1ee7a b\u1ea1n v\u1edbi Kh\u00f3a th\u00f4ng minh Tuya c\u00f3 t\u00ednh n\u0103ng nh\u1eadn d\u1ea1ng khu\u00f4n m\u1eb7t v\u00e0 t\u00edch h\u1ee3p camera","description":"N\u00e2ng c\u1ea5p an ninh c\u1eeda nh\u00e0 b\u1ea1n v\u1edbi kh\u00f3a th\u00f4ng minh Tuya t\u00edch h\u1ee3p t\u00ednh n\u0103ng nh\u1eadn di\u1ec7n khu\u00f4n m\u1eb7t v\u00e0 camera HD. \u0110i\u1ec1u khi\u1ec3n d\u1ec5 d\u00e0ng qua \u1ee9ng d\u1ee5ng Tuya Smart.","robots":{"index":"index","follow":"follow","max-snippet":"max-snippet:-1","max-image-preview":"max-image-preview:large","max-video-preview":"max-video-preview:-1"},"canonical":"https:\/\/yonannlock.com\/vi\/khoa-thong-minh-tuya-tot-nhat-voi-camera-nhan-dang-khuon-mat-bao-ve-ngoi-nha-cua-ban-bang-ai\/","og_locale":"vi_VN","og_type":"article","og_title":"Enhance Your Security with Tuya Smart Locks Featuring Face Recognition and Camera Integration","og_description":"Upgrade your door security with Tuya smart locks that include facial recognition and HD camera features. Easy control via Tuya Smart app.","og_url":"https:\/\/yonannlock.com\/vi\/khoa-thong-minh-tuya-tot-nhat-voi-camera-nhan-dang-khuon-mat-bao-ve-ngoi-nha-cua-ban-bang-ai\/","og_site_name":"Smart Lock Manufacturer And Supplier in China","article_modified_time":"2025-05-21T07:14:52+00:00","twitter_card":"summary_large_image","schema":{"@context":"https:\/\/schema.org","@graph":[{"@type":"WebPage","@id":"https:\/\/yonannlock.com\/best-tuya-smart-lock-with-face-recognition-camera-protect-your-home-with-ai\/","url":"https:\/\/yonannlock.com\/best-tuya-smart-lock-with-face-recognition-camera-protect-your-home-with-ai\/","name":"N\u00e2ng cao t\u00ednh b\u1ea3o m\u1eadt c\u1ee7a b\u1ea1n v\u1edbi Kh\u00f3a th\u00f4ng minh Tuya c\u00f3 t\u00ednh n\u0103ng nh\u1eadn d\u1ea1ng khu\u00f4n m\u1eb7t v\u00e0 t\u00edch h\u1ee3p camera","isPartOf":{"@id":"https:\/\/yonannlock.com\/vi\/#website"},"datePublished":"2025-04-10T08:10:11+00:00","dateModified":"2025-05-21T07:14:52+00:00","description":"N\u00e2ng c\u1ea5p an ninh c\u1eeda nh\u00e0 b\u1ea1n v\u1edbi kh\u00f3a th\u00f4ng minh Tuya t\u00edch h\u1ee3p t\u00ednh n\u0103ng nh\u1eadn di\u1ec7n khu\u00f4n m\u1eb7t v\u00e0 camera HD. \u0110i\u1ec1u khi\u1ec3n d\u1ec5 d\u00e0ng qua \u1ee9ng d\u1ee5ng Tuya Smart.","breadcrumb":{"@id":"https:\/\/yonannlock.com\/best-tuya-smart-lock-with-face-recognition-camera-protect-your-home-with-ai\/#breadcrumb"},"inLanguage":"vi","potentialAction":[{"@type":"ReadAction","target":["https:\/\/yonannlock.com\/best-tuya-smart-lock-with-face-recognition-camera-protect-your-home-with-ai\/"]}]},{"@type":"BreadcrumbList","@id":"https:\/\/yonannlock.com\/best-tuya-smart-lock-with-face-recognition-camera-protect-your-home-with-ai\/#breadcrumb","itemListElement":[{"@type":"ListItem","position":1,"name":"Home","item":"https:\/\/yonannlock.com\/vi\/"},{"@type":"ListItem","position":2,"name":"Best Tuya Smart Lock with Face Recognition &#038; Camera \u2013 Protect Your Home with AI"}]},{"@type":"WebSite","@id":"https:\/\/yonannlock.com\/vi\/#website","url":"https:\/\/yonannlock.com\/vi\/","name":"Nh\u00e0 s\u1ea3n xu\u1ea5t v\u00e0 cung c\u1ea5p kh\u00f3a th\u00f4ng minh t\u1ea1i Trung Qu\u1ed1c","description":"","publisher":{"@id":"https:\/\/yonannlock.com\/vi\/#organization"},"potentialAction":[{"@type":"SearchAction","target":{"@type":"EntryPoint","urlTemplate":"https:\/\/yonannlock.com\/vi\/?s={search_term_string}"},"query-input":{"@type":"PropertyValueSpecification","valueRequired":true,"valueName":"search_term_string"}}],"inLanguage":"vi"},{"@type":"Organization","@id":"https:\/\/yonannlock.com\/vi\/#organization","name":"Nh\u00e0 s\u1ea3n xu\u1ea5t v\u00e0 cung c\u1ea5p kh\u00f3a th\u00f4ng minh t\u1ea1i Trung Qu\u1ed1c","url":"https:\/\/yonannlock.com\/vi\/","logo":{"@type":"ImageObject","inLanguage":"vi","@id":"https:\/\/yonannlock.com\/vi\/#\/schema\/logo\/image\/","url":"https:\/\/yonannlock.com\/wp-content\/uploads\/2026\/03\/cropped-LOGO-1.png","contentUrl":"https:\/\/yonannlock.com\/wp-content\/uploads\/2026\/03\/cropped-LOGO-1.png","width":482,"height":167,"caption":"Smart Lock Manufacturer And Supplier in China"},"image":{"@id":"https:\/\/yonannlock.com\/vi\/#\/schema\/logo\/image\/"}}]}},"_links":{"self":[{"href":"https:\/\/yonannlock.com\/vi\/wp-json\/wp\/v2\/pages\/7767","targetHints":{"allow":["GET"]}}],"collection":[{"href":"https:\/\/yonannlock.com\/vi\/wp-json\/wp\/v2\/pages"}],"about":[{"href":"https:\/\/yonannlock.com\/vi\/wp-json\/wp\/v2\/types\/page"}],"author":[{"embeddable":true,"href":"https:\/\/yonannlock.com\/vi\/wp-json\/wp\/v2\/users\/1"}],"replies":[{"embeddable":true,"href":"https:\/\/yonannlock.com\/vi\/wp-json\/wp\/v2\/comments?post=7767"}],"version-history":[{"count":2,"href":"https:\/\/yonannlock.com\/vi\/wp-json\/wp\/v2\/pages\/7767\/revisions"}],"predecessor-version":[{"id":8740,"href":"https:\/\/yonannlock.com\/vi\/wp-json\/wp\/v2\/pages\/7767\/revisions\/8740"}],"wp:attachment":[{"href":"https:\/\/yonannlock.com\/vi\/wp-json\/wp\/v2\/media?parent=7767"}],"curies":[{"name":"wp","href":"https:\/\/api.w.org\/{rel}","templated":true}]}}