{"id":7765,"date":"2025-04-10T08:04:11","date_gmt":"2025-04-10T08:04:11","guid":{"rendered":"https:\/\/yonannlock.com\/?page_id=7765"},"modified":"2025-05-21T08:31:14","modified_gmt":"2025-05-21T08:31:14","slug":"khoa-thong-minh-tuya-voi-camera-nhan-dang-khuon-mat-giai-phap-an-ninh-gia-dinh-toi-uu","status":"publish","type":"page","link":"https:\/\/yonannlock.com\/vi\/tuya-smart-lock-with-camera-face-recognition-the-ultimate-home-security-solution\/","title":{"rendered":"Kh\u00f3a th\u00f4ng minh Tuya c\u00f3 camera v\u00e0 nh\u1eadn d\u1ea1ng khu\u00f4n m\u1eb7t: Gi\u1ea3i ph\u00e1p an ninh gia \u0111\u00ecnh t\u1ed1i \u01b0u"},"content":{"rendered":"<!-- AddThis Advanced Settings generic via filter on the_content --><!-- AddThis Share Buttons generic via filter on the_content -->","protected":false},"excerpt":{"rendered":"<p><!-- AddThis Advanced Settings generic via filter on get_the_excerpt --><!-- AddThis Share Buttons generic via filter on get_the_excerpt --><\/p>","protected":false},"author":1,"featured_media":0,"parent":0,"menu_order":0,"comment_status":"closed","ping_status":"closed","template":"product-details3.php","meta":{"_acf_changed":false,"site-sidebar-layout":"default","site-content-layout":"page-builder","ast-site-content-layout":"full-width-container","site-content-style":"unboxed","site-sidebar-style":"unboxed","ast-global-header-display":"","ast-banner-title-visibility":"","ast-main-header-display":"","ast-hfb-above-header-display":"","ast-hfb-below-header-display":"","ast-hfb-mobile-header-display":"","site-post-title":"","ast-breadcrumbs-content":"disabled","ast-featured-img":"","footer-sml-layout":"","ast-disable-related-posts":"","theme-transparent-header-meta":"default","adv-header-id-meta":"","stick-header-meta":"default","header-above-stick-meta":"","header-main-stick-meta":"","header-below-stick-meta":"","astra-migrate-meta-layouts":"set","ast-page-background-enabled":"default","ast-page-background-meta":{"desktop":{"background-color":"","background-image":"","background-repeat":"repeat","background-position":"center center","background-size":"auto","background-attachment":"scroll","background-type":"","background-media":"","overlay-type":"","overlay-color":"","overlay-opacity":"","overlay-gradient":""},"tablet":{"background-color":"","background-image":"","background-repeat":"repeat","background-position":"center center","background-size":"auto","background-attachment":"scroll","background-type":"","background-media":"","overlay-type":"","overlay-color":"","overlay-opacity":"","overlay-gradient":""},"mobile":{"background-color":"","background-image":"","background-repeat":"repeat","background-position":"center center","background-size":"auto","background-attachment":"scroll","background-type":"","background-media":"","overlay-type":"","overlay-color":"","overlay-opacity":"","overlay-gradient":""}},"ast-content-background-meta":{"desktop":{"background-color":"var(--ast-global-color-5)","background-image":"","background-repeat":"repeat","background-position":"center center","background-size":"auto","background-attachment":"scroll","background-type":"","background-media":"","overlay-type":"","overlay-color":"","overlay-opacity":"","overlay-gradient":""},"tablet":{"background-color":"var(--ast-global-color-5)","background-image":"","background-repeat":"repeat","background-position":"center center","background-size":"auto","background-attachment":"scroll","background-type":"","background-media":"","overlay-type":"","overlay-color":"","overlay-opacity":"","overlay-gradient":""},"mobile":{"background-color":"var(--ast-global-color-5)","background-image":"","background-repeat":"repeat","background-position":"center center","background-size":"auto","background-attachment":"scroll","background-type":"","background-media":"","overlay-type":"","overlay-color":"","overlay-opacity":"","overlay-gradient":""}},"footnotes":""},"class_list":["post-7765","page","type-page","status-publish","hentry"],"acf":[],"yoast_head":"<!-- This site is optimized with the Yoast SEO plugin v27.4 - https:\/\/yoast.com\/product\/yoast-seo-wordpress\/ -->\n<title>tuya-smart-lock-camera-face-recognition<\/title>\n<meta name=\"description\" content=\"Discover the best Tuya smart lock with face recognition and built-in HD camera. Enhance your home security with AI-powered features and remote control.\" \/>\n<meta name=\"robots\" content=\"index, follow, max-snippet:-1, max-image-preview:large, max-video-preview:-1\" \/>\n<link rel=\"canonical\" href=\"https:\/\/yonannlock.com\/vi\/khoa-thong-minh-tuya-voi-camera-nhan-dang-khuon-mat-giai-phap-an-ninh-gia-dinh-toi-uu\/\" \/>\n<meta property=\"og:locale\" content=\"vi_VN\" \/>\n<meta property=\"og:type\" content=\"article\" \/>\n<meta property=\"og:title\" content=\"tuya-smart-lock-camera-face-recognition\" \/>\n<meta property=\"og:description\" content=\"Discover the best Tuya smart lock with face recognition and built-in HD camera. Enhance your home security with AI-powered features and remote control.\" \/>\n<meta property=\"og:url\" content=\"https:\/\/yonannlock.com\/vi\/khoa-thong-minh-tuya-voi-camera-nhan-dang-khuon-mat-giai-phap-an-ninh-gia-dinh-toi-uu\/\" \/>\n<meta property=\"og:site_name\" content=\"Smart Lock Manufacturer And Supplier in China\" \/>\n<meta property=\"article:modified_time\" content=\"2025-05-21T08:31:14+00:00\" \/>\n<meta name=\"twitter:card\" content=\"summary_large_image\" \/>\n<script type=\"application\/ld+json\" class=\"yoast-schema-graph\">{\"@context\":\"https:\\\/\\\/schema.org\",\"@graph\":[{\"@type\":\"WebPage\",\"@id\":\"https:\\\/\\\/yonannlock.com\\\/tuya-smart-lock-with-camera-face-recognition-the-ultimate-home-security-solution\\\/\",\"url\":\"https:\\\/\\\/yonannlock.com\\\/tuya-smart-lock-with-camera-face-recognition-the-ultimate-home-security-solution\\\/\",\"name\":\"tuya-smart-lock-camera-face-recognition\",\"isPartOf\":{\"@id\":\"https:\\\/\\\/yonannlock.com\\\/vi\\\/#website\"},\"datePublished\":\"2025-04-10T08:04:11+00:00\",\"dateModified\":\"2025-05-21T08:31:14+00:00\",\"description\":\"Discover the best Tuya smart lock with face recognition and built-in HD camera. Enhance your home security with AI-powered features and remote control.\",\"breadcrumb\":{\"@id\":\"https:\\\/\\\/yonannlock.com\\\/tuya-smart-lock-with-camera-face-recognition-the-ultimate-home-security-solution\\\/#breadcrumb\"},\"inLanguage\":\"vi\",\"potentialAction\":[{\"@type\":\"ReadAction\",\"target\":[\"https:\\\/\\\/yonannlock.com\\\/tuya-smart-lock-with-camera-face-recognition-the-ultimate-home-security-solution\\\/\"]}]},{\"@type\":\"BreadcrumbList\",\"@id\":\"https:\\\/\\\/yonannlock.com\\\/tuya-smart-lock-with-camera-face-recognition-the-ultimate-home-security-solution\\\/#breadcrumb\",\"itemListElement\":[{\"@type\":\"ListItem\",\"position\":1,\"name\":\"Home\",\"item\":\"https:\\\/\\\/yonannlock.com\\\/vi\\\/\"},{\"@type\":\"ListItem\",\"position\":2,\"name\":\"Tuya Smart Lock with Camera &#038; Face Recognition: The Ultimate Home Security Solution\"}]},{\"@type\":\"WebSite\",\"@id\":\"https:\\\/\\\/yonannlock.com\\\/vi\\\/#website\",\"url\":\"https:\\\/\\\/yonannlock.com\\\/vi\\\/\",\"name\":\"Smart Lock Manufacturer And Supplier in China\",\"description\":\"\",\"publisher\":{\"@id\":\"https:\\\/\\\/yonannlock.com\\\/vi\\\/#organization\"},\"potentialAction\":[{\"@type\":\"SearchAction\",\"target\":{\"@type\":\"EntryPoint\",\"urlTemplate\":\"https:\\\/\\\/yonannlock.com\\\/vi\\\/?s={search_term_string}\"},\"query-input\":{\"@type\":\"PropertyValueSpecification\",\"valueRequired\":true,\"valueName\":\"search_term_string\"}}],\"inLanguage\":\"vi\"},{\"@type\":\"Organization\",\"@id\":\"https:\\\/\\\/yonannlock.com\\\/vi\\\/#organization\",\"name\":\"Smart Lock Manufacturer And Supplier in China\",\"url\":\"https:\\\/\\\/yonannlock.com\\\/vi\\\/\",\"logo\":{\"@type\":\"ImageObject\",\"inLanguage\":\"vi\",\"@id\":\"https:\\\/\\\/yonannlock.com\\\/vi\\\/#\\\/schema\\\/logo\\\/image\\\/\",\"url\":\"https:\\\/\\\/yonannlock.com\\\/wp-content\\\/uploads\\\/2026\\\/03\\\/cropped-LOGO-1.png\",\"contentUrl\":\"https:\\\/\\\/yonannlock.com\\\/wp-content\\\/uploads\\\/2026\\\/03\\\/cropped-LOGO-1.png\",\"width\":482,\"height\":167,\"caption\":\"Smart Lock Manufacturer And Supplier in China\"},\"image\":{\"@id\":\"https:\\\/\\\/yonannlock.com\\\/vi\\\/#\\\/schema\\\/logo\\\/image\\\/\"}}]}<\/script>\n<!-- \/ Yoast SEO plugin. -->","yoast_head_json":{"title":"tuya-smart-lock-camera-face-recognition","description":"Kh\u00e1m ph\u00e1 kh\u00f3a th\u00f4ng minh Tuya t\u1ed1t nh\u1ea5t v\u1edbi t\u00ednh n\u0103ng nh\u1eadn di\u1ec7n khu\u00f4n m\u1eb7t v\u00e0 camera HD t\u00edch h\u1ee3p. N\u00e2ng cao an ninh cho ng\u00f4i nh\u00e0 c\u1ee7a b\u1ea1n v\u1edbi c\u00e1c t\u00ednh n\u0103ng AI v\u00e0 \u0111i\u1ec1u khi\u1ec3n t\u1eeb xa.","robots":{"index":"index","follow":"follow","max-snippet":"max-snippet:-1","max-image-preview":"max-image-preview:large","max-video-preview":"max-video-preview:-1"},"canonical":"https:\/\/yonannlock.com\/vi\/khoa-thong-minh-tuya-voi-camera-nhan-dang-khuon-mat-giai-phap-an-ninh-gia-dinh-toi-uu\/","og_locale":"vi_VN","og_type":"article","og_title":"tuya-smart-lock-camera-face-recognition","og_description":"Discover the best Tuya smart lock with face recognition and built-in HD camera. Enhance your home security with AI-powered features and remote control.","og_url":"https:\/\/yonannlock.com\/vi\/khoa-thong-minh-tuya-voi-camera-nhan-dang-khuon-mat-giai-phap-an-ninh-gia-dinh-toi-uu\/","og_site_name":"Smart Lock Manufacturer And Supplier in China","article_modified_time":"2025-05-21T08:31:14+00:00","twitter_card":"summary_large_image","schema":{"@context":"https:\/\/schema.org","@graph":[{"@type":"WebPage","@id":"https:\/\/yonannlock.com\/tuya-smart-lock-with-camera-face-recognition-the-ultimate-home-security-solution\/","url":"https:\/\/yonannlock.com\/tuya-smart-lock-with-camera-face-recognition-the-ultimate-home-security-solution\/","name":"tuya-smart-lock-camera-face-recognition","isPartOf":{"@id":"https:\/\/yonannlock.com\/vi\/#website"},"datePublished":"2025-04-10T08:04:11+00:00","dateModified":"2025-05-21T08:31:14+00:00","description":"Kh\u00e1m ph\u00e1 kh\u00f3a th\u00f4ng minh Tuya t\u1ed1t nh\u1ea5t v\u1edbi t\u00ednh n\u0103ng nh\u1eadn di\u1ec7n khu\u00f4n m\u1eb7t v\u00e0 camera HD t\u00edch h\u1ee3p. N\u00e2ng cao an ninh cho ng\u00f4i nh\u00e0 c\u1ee7a b\u1ea1n v\u1edbi c\u00e1c t\u00ednh n\u0103ng AI v\u00e0 \u0111i\u1ec1u khi\u1ec3n t\u1eeb xa.","breadcrumb":{"@id":"https:\/\/yonannlock.com\/tuya-smart-lock-with-camera-face-recognition-the-ultimate-home-security-solution\/#breadcrumb"},"inLanguage":"vi","potentialAction":[{"@type":"ReadAction","target":["https:\/\/yonannlock.com\/tuya-smart-lock-with-camera-face-recognition-the-ultimate-home-security-solution\/"]}]},{"@type":"BreadcrumbList","@id":"https:\/\/yonannlock.com\/tuya-smart-lock-with-camera-face-recognition-the-ultimate-home-security-solution\/#breadcrumb","itemListElement":[{"@type":"ListItem","position":1,"name":"Home","item":"https:\/\/yonannlock.com\/vi\/"},{"@type":"ListItem","position":2,"name":"Tuya Smart Lock with Camera &#038; Face Recognition: The Ultimate Home Security Solution"}]},{"@type":"WebSite","@id":"https:\/\/yonannlock.com\/vi\/#website","url":"https:\/\/yonannlock.com\/vi\/","name":"Nh\u00e0 s\u1ea3n xu\u1ea5t v\u00e0 cung c\u1ea5p kh\u00f3a th\u00f4ng minh t\u1ea1i Trung Qu\u1ed1c","description":"","publisher":{"@id":"https:\/\/yonannlock.com\/vi\/#organization"},"potentialAction":[{"@type":"SearchAction","target":{"@type":"EntryPoint","urlTemplate":"https:\/\/yonannlock.com\/vi\/?s={search_term_string}"},"query-input":{"@type":"PropertyValueSpecification","valueRequired":true,"valueName":"search_term_string"}}],"inLanguage":"vi"},{"@type":"Organization","@id":"https:\/\/yonannlock.com\/vi\/#organization","name":"Nh\u00e0 s\u1ea3n xu\u1ea5t v\u00e0 cung c\u1ea5p kh\u00f3a th\u00f4ng minh t\u1ea1i Trung Qu\u1ed1c","url":"https:\/\/yonannlock.com\/vi\/","logo":{"@type":"ImageObject","inLanguage":"vi","@id":"https:\/\/yonannlock.com\/vi\/#\/schema\/logo\/image\/","url":"https:\/\/yonannlock.com\/wp-content\/uploads\/2026\/03\/cropped-LOGO-1.png","contentUrl":"https:\/\/yonannlock.com\/wp-content\/uploads\/2026\/03\/cropped-LOGO-1.png","width":482,"height":167,"caption":"Smart Lock Manufacturer And Supplier in China"},"image":{"@id":"https:\/\/yonannlock.com\/vi\/#\/schema\/logo\/image\/"}}]}},"_links":{"self":[{"href":"https:\/\/yonannlock.com\/vi\/wp-json\/wp\/v2\/pages\/7765","targetHints":{"allow":["GET"]}}],"collection":[{"href":"https:\/\/yonannlock.com\/vi\/wp-json\/wp\/v2\/pages"}],"about":[{"href":"https:\/\/yonannlock.com\/vi\/wp-json\/wp\/v2\/types\/page"}],"author":[{"embeddable":true,"href":"https:\/\/yonannlock.com\/vi\/wp-json\/wp\/v2\/users\/1"}],"replies":[{"embeddable":true,"href":"https:\/\/yonannlock.com\/vi\/wp-json\/wp\/v2\/comments?post=7765"}],"version-history":[{"count":2,"href":"https:\/\/yonannlock.com\/vi\/wp-json\/wp\/v2\/pages\/7765\/revisions"}],"predecessor-version":[{"id":8779,"href":"https:\/\/yonannlock.com\/vi\/wp-json\/wp\/v2\/pages\/7765\/revisions\/8779"}],"wp:attachment":[{"href":"https:\/\/yonannlock.com\/vi\/wp-json\/wp\/v2\/media?parent=7765"}],"curies":[{"name":"wp","href":"https:\/\/api.w.org\/{rel}","templated":true}]}}