{"id":4640,"date":"2022-03-12T12:09:19","date_gmt":"2022-03-12T12:09:19","guid":{"rendered":"http:\/\/yonannlock.com\/?page_id=4640"},"modified":"2022-03-12T12:09:19","modified_gmt":"2022-03-12T12:09:19","slug":"vong-deo-tay-rfid-silicon-chong-tham-nuoc-khoa-tu-chia-khoa-vong-deo-tay-rfid","status":"publish","type":"page","link":"https:\/\/yonannlock.com\/vi\/waterproof-silicone-rfid-wristband-cabinet-lock-key-rfid-wristband-bracelet\/","title":{"rendered":"V\u00f2ng \u0111eo tay RFID b\u1eb1ng silicon ch\u1ed1ng n\u01b0\u1edbc c\u00f3 kh\u00f3a t\u1ee7"},"content":{"rendered":"<!-- AddThis Advanced Settings generic via filter on the_content --><!-- AddThis Share Buttons generic via filter on the_content -->","protected":false},"excerpt":{"rendered":"<p><!-- AddThis Advanced Settings generic via filter on get_the_excerpt --><!-- AddThis Share Buttons generic via filter on get_the_excerpt --><\/p>","protected":false},"author":1,"featured_media":0,"parent":0,"menu_order":0,"comment_status":"closed","ping_status":"closed","template":"product-details3.php","meta":{"_acf_changed":false,"site-sidebar-layout":"default","site-content-layout":"page-builder","ast-site-content-layout":"default","site-content-style":"default","site-sidebar-style":"default","ast-global-header-display":"","ast-banner-title-visibility":"","ast-main-header-display":"","ast-hfb-above-header-display":"","ast-hfb-below-header-display":"","ast-hfb-mobile-header-display":"","site-post-title":"","ast-breadcrumbs-content":"disabled","ast-featured-img":"","footer-sml-layout":"","ast-disable-related-posts":"","theme-transparent-header-meta":"default","adv-header-id-meta":"","stick-header-meta":"default","header-above-stick-meta":"","header-main-stick-meta":"","header-below-stick-meta":"","astra-migrate-meta-layouts":"default","ast-page-background-enabled":"default","ast-page-background-meta":{"desktop":{"background-color":"","background-image":"","background-repeat":"repeat","background-position":"center center","background-size":"auto","background-attachment":"scroll","background-type":"","background-media":"","overlay-type":"","overlay-color":"","overlay-opacity":"","overlay-gradient":""},"tablet":{"background-color":"","background-image":"","background-repeat":"repeat","background-position":"center center","background-size":"auto","background-attachment":"scroll","background-type":"","background-media":"","overlay-type":"","overlay-color":"","overlay-opacity":"","overlay-gradient":""},"mobile":{"background-color":"","background-image":"","background-repeat":"repeat","background-position":"center center","background-size":"auto","background-attachment":"scroll","background-type":"","background-media":"","overlay-type":"","overlay-color":"","overlay-opacity":"","overlay-gradient":""}},"ast-content-background-meta":{"desktop":{"background-color":"var(--ast-global-color-5)","background-image":"","background-repeat":"repeat","background-position":"center center","background-size":"auto","background-attachment":"scroll","background-type":"","background-media":"","overlay-type":"","overlay-color":"","overlay-opacity":"","overlay-gradient":""},"tablet":{"background-color":"var(--ast-global-color-5)","background-image":"","background-repeat":"repeat","background-position":"center center","background-size":"auto","background-attachment":"scroll","background-type":"","background-media":"","overlay-type":"","overlay-color":"","overlay-opacity":"","overlay-gradient":""},"mobile":{"background-color":"var(--ast-global-color-5)","background-image":"","background-repeat":"repeat","background-position":"center center","background-size":"auto","background-attachment":"scroll","background-type":"","background-media":"","overlay-type":"","overlay-color":"","overlay-opacity":"","overlay-gradient":""}},"footnotes":""},"class_list":["post-4640","page","type-page","status-publish","hentry"],"acf":[],"yoast_head":"<!-- This site is optimized with the Yoast SEO plugin v27.4 - https:\/\/yoast.com\/product\/yoast-seo-wordpress\/ -->\n<title>Waterproof Silicone RFID Wristband Cabinet Lock Key RFID Bracelets<\/title>\n<meta name=\"description\" content=\"Professional waterproof silicone RFID wristband cabinet lock key supplier and manufacturer for 10 years, one cabinet lock with one free bracelets.\" \/>\n<meta name=\"robots\" content=\"index, follow, max-snippet:-1, max-image-preview:large, max-video-preview:-1\" \/>\n<link rel=\"canonical\" href=\"https:\/\/yonannlock.com\/vi\/vong-deo-tay-rfid-silicon-chong-tham-nuoc-khoa-tu-chia-khoa-vong-deo-tay-rfid\/\" \/>\n<meta property=\"og:locale\" content=\"vi_VN\" \/>\n<meta property=\"og:type\" content=\"article\" \/>\n<meta property=\"og:title\" content=\"Waterproof Silicone RFID Wristband Cabinet Lock Key RFID Bracelets\" \/>\n<meta property=\"og:description\" content=\"Professional waterproof silicone RFID wristband cabinet lock key supplier and manufacturer for 10 years, one cabinet lock with one free bracelets.\" \/>\n<meta property=\"og:url\" content=\"https:\/\/yonannlock.com\/vi\/vong-deo-tay-rfid-silicon-chong-tham-nuoc-khoa-tu-chia-khoa-vong-deo-tay-rfid\/\" \/>\n<meta property=\"og:site_name\" content=\"Smart Lock Manufacturer And Supplier in China\" \/>\n<meta name=\"twitter:card\" content=\"summary_large_image\" \/>\n<script type=\"application\/ld+json\" class=\"yoast-schema-graph\">{\"@context\":\"https:\\\/\\\/schema.org\",\"@graph\":[{\"@type\":\"WebPage\",\"@id\":\"https:\\\/\\\/yonannlock.com\\\/waterproof-silicone-rfid-wristband-cabinet-lock-key-rfid-wristband-bracelet\\\/\",\"url\":\"https:\\\/\\\/yonannlock.com\\\/waterproof-silicone-rfid-wristband-cabinet-lock-key-rfid-wristband-bracelet\\\/\",\"name\":\"Waterproof Silicone RFID Wristband Cabinet Lock Key RFID Bracelets\",\"isPartOf\":{\"@id\":\"https:\\\/\\\/yonannlock.com\\\/vi\\\/#website\"},\"datePublished\":\"2022-03-12T12:09:19+00:00\",\"description\":\"Professional waterproof silicone RFID wristband cabinet lock key supplier and manufacturer for 10 years, one cabinet lock with one free bracelets.\",\"breadcrumb\":{\"@id\":\"https:\\\/\\\/yonannlock.com\\\/waterproof-silicone-rfid-wristband-cabinet-lock-key-rfid-wristband-bracelet\\\/#breadcrumb\"},\"inLanguage\":\"vi\",\"potentialAction\":[{\"@type\":\"ReadAction\",\"target\":[\"https:\\\/\\\/yonannlock.com\\\/waterproof-silicone-rfid-wristband-cabinet-lock-key-rfid-wristband-bracelet\\\/\"]}]},{\"@type\":\"BreadcrumbList\",\"@id\":\"https:\\\/\\\/yonannlock.com\\\/waterproof-silicone-rfid-wristband-cabinet-lock-key-rfid-wristband-bracelet\\\/#breadcrumb\",\"itemListElement\":[{\"@type\":\"ListItem\",\"position\":1,\"name\":\"Home\",\"item\":\"https:\\\/\\\/yonannlock.com\\\/vi\\\/\"},{\"@type\":\"ListItem\",\"position\":2,\"name\":\"Waterproof Silicone RFID Wristband Cabinet Lock Key RFID Wristband Bracelet\"}]},{\"@type\":\"WebSite\",\"@id\":\"https:\\\/\\\/yonannlock.com\\\/vi\\\/#website\",\"url\":\"https:\\\/\\\/yonannlock.com\\\/vi\\\/\",\"name\":\"Smart Lock Manufacturer And Supplier in China\",\"description\":\"\",\"publisher\":{\"@id\":\"https:\\\/\\\/yonannlock.com\\\/vi\\\/#organization\"},\"potentialAction\":[{\"@type\":\"SearchAction\",\"target\":{\"@type\":\"EntryPoint\",\"urlTemplate\":\"https:\\\/\\\/yonannlock.com\\\/vi\\\/?s={search_term_string}\"},\"query-input\":{\"@type\":\"PropertyValueSpecification\",\"valueRequired\":true,\"valueName\":\"search_term_string\"}}],\"inLanguage\":\"vi\"},{\"@type\":\"Organization\",\"@id\":\"https:\\\/\\\/yonannlock.com\\\/vi\\\/#organization\",\"name\":\"Smart Lock Manufacturer And Supplier in China\",\"url\":\"https:\\\/\\\/yonannlock.com\\\/vi\\\/\",\"logo\":{\"@type\":\"ImageObject\",\"inLanguage\":\"vi\",\"@id\":\"https:\\\/\\\/yonannlock.com\\\/vi\\\/#\\\/schema\\\/logo\\\/image\\\/\",\"url\":\"https:\\\/\\\/yonannlock.com\\\/wp-content\\\/uploads\\\/2026\\\/03\\\/cropped-LOGO-1.png\",\"contentUrl\":\"https:\\\/\\\/yonannlock.com\\\/wp-content\\\/uploads\\\/2026\\\/03\\\/cropped-LOGO-1.png\",\"width\":482,\"height\":167,\"caption\":\"Smart Lock Manufacturer And Supplier in China\"},\"image\":{\"@id\":\"https:\\\/\\\/yonannlock.com\\\/vi\\\/#\\\/schema\\\/logo\\\/image\\\/\"}}]}<\/script>\n<!-- \/ Yoast SEO plugin. -->","yoast_head_json":{"title":"V\u00f2ng \u0111eo tay RFID b\u1eb1ng silicon ch\u1ed1ng n\u01b0\u1edbc, kh\u00f3a t\u1ee7, ch\u00eca kh\u00f3a RFID","description":"Nh\u00e0 cung c\u1ea5p v\u00e0 s\u1ea3n xu\u1ea5t ch\u00eca kh\u00f3a t\u1ee7 \u0111eo tay RFID silicon ch\u1ed1ng n\u01b0\u1edbc chuy\u00ean nghi\u1ec7p trong 10 n\u0103m, m\u1ed9t \u1ed5 kh\u00f3a t\u1ee7 t\u1eb7ng k\u00e8m m\u1ed9t v\u00f2ng \u0111eo tay mi\u1ec5n ph\u00ed.","robots":{"index":"index","follow":"follow","max-snippet":"max-snippet:-1","max-image-preview":"max-image-preview:large","max-video-preview":"max-video-preview:-1"},"canonical":"https:\/\/yonannlock.com\/vi\/vong-deo-tay-rfid-silicon-chong-tham-nuoc-khoa-tu-chia-khoa-vong-deo-tay-rfid\/","og_locale":"vi_VN","og_type":"article","og_title":"Waterproof Silicone RFID Wristband Cabinet Lock Key RFID Bracelets","og_description":"Professional waterproof silicone RFID wristband cabinet lock key supplier and manufacturer for 10 years, one cabinet lock with one free bracelets.","og_url":"https:\/\/yonannlock.com\/vi\/vong-deo-tay-rfid-silicon-chong-tham-nuoc-khoa-tu-chia-khoa-vong-deo-tay-rfid\/","og_site_name":"Smart Lock Manufacturer And Supplier in China","twitter_card":"summary_large_image","schema":{"@context":"https:\/\/schema.org","@graph":[{"@type":"WebPage","@id":"https:\/\/yonannlock.com\/waterproof-silicone-rfid-wristband-cabinet-lock-key-rfid-wristband-bracelet\/","url":"https:\/\/yonannlock.com\/waterproof-silicone-rfid-wristband-cabinet-lock-key-rfid-wristband-bracelet\/","name":"V\u00f2ng \u0111eo tay RFID b\u1eb1ng silicon ch\u1ed1ng n\u01b0\u1edbc, kh\u00f3a t\u1ee7, ch\u00eca kh\u00f3a RFID","isPartOf":{"@id":"https:\/\/yonannlock.com\/vi\/#website"},"datePublished":"2022-03-12T12:09:19+00:00","description":"Nh\u00e0 cung c\u1ea5p v\u00e0 s\u1ea3n xu\u1ea5t ch\u00eca kh\u00f3a t\u1ee7 \u0111eo tay RFID silicon ch\u1ed1ng n\u01b0\u1edbc chuy\u00ean nghi\u1ec7p trong 10 n\u0103m, m\u1ed9t \u1ed5 kh\u00f3a t\u1ee7 t\u1eb7ng k\u00e8m m\u1ed9t v\u00f2ng \u0111eo tay mi\u1ec5n ph\u00ed.","breadcrumb":{"@id":"https:\/\/yonannlock.com\/waterproof-silicone-rfid-wristband-cabinet-lock-key-rfid-wristband-bracelet\/#breadcrumb"},"inLanguage":"vi","potentialAction":[{"@type":"ReadAction","target":["https:\/\/yonannlock.com\/waterproof-silicone-rfid-wristband-cabinet-lock-key-rfid-wristband-bracelet\/"]}]},{"@type":"BreadcrumbList","@id":"https:\/\/yonannlock.com\/waterproof-silicone-rfid-wristband-cabinet-lock-key-rfid-wristband-bracelet\/#breadcrumb","itemListElement":[{"@type":"ListItem","position":1,"name":"Home","item":"https:\/\/yonannlock.com\/vi\/"},{"@type":"ListItem","position":2,"name":"Waterproof Silicone RFID Wristband Cabinet Lock Key RFID Wristband Bracelet"}]},{"@type":"WebSite","@id":"https:\/\/yonannlock.com\/vi\/#website","url":"https:\/\/yonannlock.com\/vi\/","name":"Nh\u00e0 s\u1ea3n xu\u1ea5t v\u00e0 cung c\u1ea5p kh\u00f3a th\u00f4ng minh t\u1ea1i Trung Qu\u1ed1c","description":"","publisher":{"@id":"https:\/\/yonannlock.com\/vi\/#organization"},"potentialAction":[{"@type":"SearchAction","target":{"@type":"EntryPoint","urlTemplate":"https:\/\/yonannlock.com\/vi\/?s={search_term_string}"},"query-input":{"@type":"PropertyValueSpecification","valueRequired":true,"valueName":"search_term_string"}}],"inLanguage":"vi"},{"@type":"Organization","@id":"https:\/\/yonannlock.com\/vi\/#organization","name":"Nh\u00e0 s\u1ea3n xu\u1ea5t v\u00e0 cung c\u1ea5p kh\u00f3a th\u00f4ng minh t\u1ea1i Trung Qu\u1ed1c","url":"https:\/\/yonannlock.com\/vi\/","logo":{"@type":"ImageObject","inLanguage":"vi","@id":"https:\/\/yonannlock.com\/vi\/#\/schema\/logo\/image\/","url":"https:\/\/yonannlock.com\/wp-content\/uploads\/2026\/03\/cropped-LOGO-1.png","contentUrl":"https:\/\/yonannlock.com\/wp-content\/uploads\/2026\/03\/cropped-LOGO-1.png","width":482,"height":167,"caption":"Smart Lock Manufacturer And Supplier in China"},"image":{"@id":"https:\/\/yonannlock.com\/vi\/#\/schema\/logo\/image\/"}}]}},"_links":{"self":[{"href":"https:\/\/yonannlock.com\/vi\/wp-json\/wp\/v2\/pages\/4640","targetHints":{"allow":["GET"]}}],"collection":[{"href":"https:\/\/yonannlock.com\/vi\/wp-json\/wp\/v2\/pages"}],"about":[{"href":"https:\/\/yonannlock.com\/vi\/wp-json\/wp\/v2\/types\/page"}],"author":[{"embeddable":true,"href":"https:\/\/yonannlock.com\/vi\/wp-json\/wp\/v2\/users\/1"}],"replies":[{"embeddable":true,"href":"https:\/\/yonannlock.com\/vi\/wp-json\/wp\/v2\/comments?post=4640"}],"version-history":[{"count":1,"href":"https:\/\/yonannlock.com\/vi\/wp-json\/wp\/v2\/pages\/4640\/revisions"}],"predecessor-version":[{"id":4654,"href":"https:\/\/yonannlock.com\/vi\/wp-json\/wp\/v2\/pages\/4640\/revisions\/4654"}],"wp:attachment":[{"href":"https:\/\/yonannlock.com\/vi\/wp-json\/wp\/v2\/media?parent=4640"}],"curies":[{"name":"wp","href":"https:\/\/api.w.org\/{rel}","templated":true}]}}