{"id":4530,"date":"2022-03-10T10:51:35","date_gmt":"2022-03-10T10:51:35","guid":{"rendered":"http:\/\/yonannlock.com\/?page_id=4530"},"modified":"2022-03-15T10:52:58","modified_gmt":"2022-03-15T10:52:58","slug":"digital-lock-for-drawers-digital-lock-for-drawer-with-electronic-key-rfid-m1-13-56mhz-bracelet-oem-laser-logo","status":"publish","type":"page","link":"https:\/\/yonannlock.com\/vi\/digital-lock-for-drawers-digital-lock-for-drawer-with-electronic-key-rfid-m1-13.56mhz-bracelet-oem-laser-logo\/","title":{"rendered":"Kh\u00f3a k\u1ef9 thu\u1eadt s\u1ed1 cho ng\u0103n k\u00e9o Kh\u00f3a k\u1ef9 thu\u1eadt s\u1ed1 cho ng\u0103n k\u00e9o c\u00f3 ch\u00eca kh\u00f3a \u0111i\u1ec7n t\u1eed RFID M1 13,56Mhz V\u00f2ng \u0111eo tay OEM Laser LOGO"},"content":{"rendered":"<!-- AddThis Advanced Settings generic via filter on the_content --><!-- AddThis Share Buttons generic via filter on the_content -->","protected":false},"excerpt":{"rendered":"<p><!-- AddThis Advanced Settings generic via filter on get_the_excerpt --><!-- AddThis Share Buttons generic via filter on get_the_excerpt --><\/p>","protected":false},"author":1,"featured_media":0,"parent":0,"menu_order":0,"comment_status":"closed","ping_status":"closed","template":"product-details3.php","meta":{"_acf_changed":false,"site-sidebar-layout":"default","site-content-layout":"page-builder","ast-site-content-layout":"default","site-content-style":"default","site-sidebar-style":"default","ast-global-header-display":"","ast-banner-title-visibility":"","ast-main-header-display":"","ast-hfb-above-header-display":"","ast-hfb-below-header-display":"","ast-hfb-mobile-header-display":"","site-post-title":"","ast-breadcrumbs-content":"disabled","ast-featured-img":"","footer-sml-layout":"","ast-disable-related-posts":"","theme-transparent-header-meta":"default","adv-header-id-meta":"","stick-header-meta":"default","header-above-stick-meta":"","header-main-stick-meta":"","header-below-stick-meta":"","astra-migrate-meta-layouts":"default","ast-page-background-enabled":"default","ast-page-background-meta":{"desktop":{"background-color":"","background-image":"","background-repeat":"repeat","background-position":"center center","background-size":"auto","background-attachment":"scroll","background-type":"","background-media":"","overlay-type":"","overlay-color":"","overlay-opacity":"","overlay-gradient":""},"tablet":{"background-color":"","background-image":"","background-repeat":"repeat","background-position":"center center","background-size":"auto","background-attachment":"scroll","background-type":"","background-media":"","overlay-type":"","overlay-color":"","overlay-opacity":"","overlay-gradient":""},"mobile":{"background-color":"","background-image":"","background-repeat":"repeat","background-position":"center center","background-size":"auto","background-attachment":"scroll","background-type":"","background-media":"","overlay-type":"","overlay-color":"","overlay-opacity":"","overlay-gradient":""}},"ast-content-background-meta":{"desktop":{"background-color":"var(--ast-global-color-5)","background-image":"","background-repeat":"repeat","background-position":"center center","background-size":"auto","background-attachment":"scroll","background-type":"","background-media":"","overlay-type":"","overlay-color":"","overlay-opacity":"","overlay-gradient":""},"tablet":{"background-color":"var(--ast-global-color-5)","background-image":"","background-repeat":"repeat","background-position":"center center","background-size":"auto","background-attachment":"scroll","background-type":"","background-media":"","overlay-type":"","overlay-color":"","overlay-opacity":"","overlay-gradient":""},"mobile":{"background-color":"var(--ast-global-color-5)","background-image":"","background-repeat":"repeat","background-position":"center center","background-size":"auto","background-attachment":"scroll","background-type":"","background-media":"","overlay-type":"","overlay-color":"","overlay-opacity":"","overlay-gradient":""}},"footnotes":""},"class_list":["post-4530","page","type-page","status-publish","hentry"],"acf":[],"yoast_head":"<!-- This site is optimized with the Yoast SEO plugin v27.4 - https:\/\/yoast.com\/product\/yoast-seo-wordpress\/ -->\n<title>Digital Lock For Drawers Digital Lock For Drawer With Electronic Key<\/title>\n<meta name=\"description\" content=\"Professional digital lock for drawers with electronic key supplier and manufacturer for 10 years,we offer 2 years warranty, with 1 wristband .\" \/>\n<meta name=\"robots\" content=\"index, follow, max-snippet:-1, max-image-preview:large, max-video-preview:-1\" \/>\n<link rel=\"canonical\" href=\"https:\/\/yonannlock.com\/vi\/khoa-ky-thuat-so-cho-ngan-keo-khoa-ky-thuat-so-cho-ngan-keo-co-chia-khoa-dien-tu-rfid-m1-13-56mhz-vong-deo-tay-oem-logo-laser\/\" \/>\n<meta property=\"og:locale\" content=\"vi_VN\" \/>\n<meta property=\"og:type\" content=\"article\" \/>\n<meta property=\"og:title\" content=\"Digital Lock For Drawers Digital Lock For Drawer With Electronic Key\" \/>\n<meta property=\"og:description\" content=\"Professional digital lock for drawers with electronic key supplier and manufacturer for 10 years,we offer 2 years warranty, with 1 wristband .\" \/>\n<meta property=\"og:url\" content=\"https:\/\/yonannlock.com\/vi\/khoa-ky-thuat-so-cho-ngan-keo-khoa-ky-thuat-so-cho-ngan-keo-co-chia-khoa-dien-tu-rfid-m1-13-56mhz-vong-deo-tay-oem-logo-laser\/\" \/>\n<meta property=\"og:site_name\" content=\"Smart Lock Manufacturer And Supplier in China\" \/>\n<meta property=\"article:modified_time\" content=\"2022-03-15T10:52:58+00:00\" \/>\n<meta name=\"twitter:card\" content=\"summary_large_image\" \/>\n<script type=\"application\/ld+json\" class=\"yoast-schema-graph\">{\"@context\":\"https:\\\/\\\/schema.org\",\"@graph\":[{\"@type\":\"WebPage\",\"@id\":\"https:\\\/\\\/yonannlock.com\\\/digital-lock-for-drawers-digital-lock-for-drawer-with-electronic-key-rfid-m1-13.56mhz-bracelet-oem-laser-logo\\\/\",\"url\":\"https:\\\/\\\/yonannlock.com\\\/digital-lock-for-drawers-digital-lock-for-drawer-with-electronic-key-rfid-m1-13.56mhz-bracelet-oem-laser-logo\\\/\",\"name\":\"Digital Lock For Drawers Digital Lock For Drawer With Electronic Key\",\"isPartOf\":{\"@id\":\"https:\\\/\\\/yonannlock.com\\\/vi\\\/#website\"},\"datePublished\":\"2022-03-10T10:51:35+00:00\",\"dateModified\":\"2022-03-15T10:52:58+00:00\",\"description\":\"Professional digital lock for drawers with electronic key supplier and manufacturer for 10 years,we offer 2 years warranty, with 1 wristband .\",\"breadcrumb\":{\"@id\":\"https:\\\/\\\/yonannlock.com\\\/digital-lock-for-drawers-digital-lock-for-drawer-with-electronic-key-rfid-m1-13.56mhz-bracelet-oem-laser-logo\\\/#breadcrumb\"},\"inLanguage\":\"vi\",\"potentialAction\":[{\"@type\":\"ReadAction\",\"target\":[\"https:\\\/\\\/yonannlock.com\\\/digital-lock-for-drawers-digital-lock-for-drawer-with-electronic-key-rfid-m1-13.56mhz-bracelet-oem-laser-logo\\\/\"]}]},{\"@type\":\"BreadcrumbList\",\"@id\":\"https:\\\/\\\/yonannlock.com\\\/digital-lock-for-drawers-digital-lock-for-drawer-with-electronic-key-rfid-m1-13.56mhz-bracelet-oem-laser-logo\\\/#breadcrumb\",\"itemListElement\":[{\"@type\":\"ListItem\",\"position\":1,\"name\":\"Home\",\"item\":\"https:\\\/\\\/yonannlock.com\\\/vi\\\/\"},{\"@type\":\"ListItem\",\"position\":2,\"name\":\"Digital Lock For Drawers Digital Lock For Drawer With Electronic Key RFID M1 13.56Mhz Bracelet OEM Laser LOGO\"}]},{\"@type\":\"WebSite\",\"@id\":\"https:\\\/\\\/yonannlock.com\\\/vi\\\/#website\",\"url\":\"https:\\\/\\\/yonannlock.com\\\/vi\\\/\",\"name\":\"Smart Lock Manufacturer And Supplier in China\",\"description\":\"\",\"publisher\":{\"@id\":\"https:\\\/\\\/yonannlock.com\\\/vi\\\/#organization\"},\"potentialAction\":[{\"@type\":\"SearchAction\",\"target\":{\"@type\":\"EntryPoint\",\"urlTemplate\":\"https:\\\/\\\/yonannlock.com\\\/vi\\\/?s={search_term_string}\"},\"query-input\":{\"@type\":\"PropertyValueSpecification\",\"valueRequired\":true,\"valueName\":\"search_term_string\"}}],\"inLanguage\":\"vi\"},{\"@type\":\"Organization\",\"@id\":\"https:\\\/\\\/yonannlock.com\\\/vi\\\/#organization\",\"name\":\"Smart Lock Manufacturer And Supplier in China\",\"url\":\"https:\\\/\\\/yonannlock.com\\\/vi\\\/\",\"logo\":{\"@type\":\"ImageObject\",\"inLanguage\":\"vi\",\"@id\":\"https:\\\/\\\/yonannlock.com\\\/vi\\\/#\\\/schema\\\/logo\\\/image\\\/\",\"url\":\"https:\\\/\\\/yonannlock.com\\\/wp-content\\\/uploads\\\/2026\\\/03\\\/cropped-LOGO-1.png\",\"contentUrl\":\"https:\\\/\\\/yonannlock.com\\\/wp-content\\\/uploads\\\/2026\\\/03\\\/cropped-LOGO-1.png\",\"width\":482,\"height\":167,\"caption\":\"Smart Lock Manufacturer And Supplier in China\"},\"image\":{\"@id\":\"https:\\\/\\\/yonannlock.com\\\/vi\\\/#\\\/schema\\\/logo\\\/image\\\/\"}}]}<\/script>\n<!-- \/ Yoast SEO plugin. -->","yoast_head_json":{"title":"Kh\u00f3a k\u1ef9 thu\u1eadt s\u1ed1 cho ng\u0103n k\u00e9o Kh\u00f3a k\u1ef9 thu\u1eadt s\u1ed1 cho ng\u0103n k\u00e9o c\u00f3 ch\u00eca kh\u00f3a \u0111i\u1ec7n t\u1eed","description":"Nh\u00e0 cung c\u1ea5p v\u00e0 s\u1ea3n xu\u1ea5t kh\u00f3a k\u1ef9 thu\u1eadt s\u1ed1 chuy\u00ean nghi\u1ec7p cho ng\u0103n k\u00e9o v\u1edbi ch\u00eca kh\u00f3a \u0111i\u1ec7n t\u1eed trong 10 n\u0103m, ch\u00fang t\u00f4i b\u1ea3o h\u00e0nh 2 n\u0103m, k\u00e8m 1 v\u00f2ng \u0111eo tay.","robots":{"index":"index","follow":"follow","max-snippet":"max-snippet:-1","max-image-preview":"max-image-preview:large","max-video-preview":"max-video-preview:-1"},"canonical":"https:\/\/yonannlock.com\/vi\/khoa-ky-thuat-so-cho-ngan-keo-khoa-ky-thuat-so-cho-ngan-keo-co-chia-khoa-dien-tu-rfid-m1-13-56mhz-vong-deo-tay-oem-logo-laser\/","og_locale":"vi_VN","og_type":"article","og_title":"Digital Lock For Drawers Digital Lock For Drawer With Electronic Key","og_description":"Professional digital lock for drawers with electronic key supplier and manufacturer for 10 years,we offer 2 years warranty, with 1 wristband .","og_url":"https:\/\/yonannlock.com\/vi\/khoa-ky-thuat-so-cho-ngan-keo-khoa-ky-thuat-so-cho-ngan-keo-co-chia-khoa-dien-tu-rfid-m1-13-56mhz-vong-deo-tay-oem-logo-laser\/","og_site_name":"Smart Lock Manufacturer And Supplier in China","article_modified_time":"2022-03-15T10:52:58+00:00","twitter_card":"summary_large_image","schema":{"@context":"https:\/\/schema.org","@graph":[{"@type":"WebPage","@id":"https:\/\/yonannlock.com\/digital-lock-for-drawers-digital-lock-for-drawer-with-electronic-key-rfid-m1-13.56mhz-bracelet-oem-laser-logo\/","url":"https:\/\/yonannlock.com\/digital-lock-for-drawers-digital-lock-for-drawer-with-electronic-key-rfid-m1-13.56mhz-bracelet-oem-laser-logo\/","name":"Kh\u00f3a k\u1ef9 thu\u1eadt s\u1ed1 cho ng\u0103n k\u00e9o Kh\u00f3a k\u1ef9 thu\u1eadt s\u1ed1 cho ng\u0103n k\u00e9o c\u00f3 ch\u00eca kh\u00f3a \u0111i\u1ec7n t\u1eed","isPartOf":{"@id":"https:\/\/yonannlock.com\/vi\/#website"},"datePublished":"2022-03-10T10:51:35+00:00","dateModified":"2022-03-15T10:52:58+00:00","description":"Nh\u00e0 cung c\u1ea5p v\u00e0 s\u1ea3n xu\u1ea5t kh\u00f3a k\u1ef9 thu\u1eadt s\u1ed1 chuy\u00ean nghi\u1ec7p cho ng\u0103n k\u00e9o v\u1edbi ch\u00eca kh\u00f3a \u0111i\u1ec7n t\u1eed trong 10 n\u0103m, ch\u00fang t\u00f4i b\u1ea3o h\u00e0nh 2 n\u0103m, k\u00e8m 1 v\u00f2ng \u0111eo tay.","breadcrumb":{"@id":"https:\/\/yonannlock.com\/digital-lock-for-drawers-digital-lock-for-drawer-with-electronic-key-rfid-m1-13.56mhz-bracelet-oem-laser-logo\/#breadcrumb"},"inLanguage":"vi","potentialAction":[{"@type":"ReadAction","target":["https:\/\/yonannlock.com\/digital-lock-for-drawers-digital-lock-for-drawer-with-electronic-key-rfid-m1-13.56mhz-bracelet-oem-laser-logo\/"]}]},{"@type":"BreadcrumbList","@id":"https:\/\/yonannlock.com\/digital-lock-for-drawers-digital-lock-for-drawer-with-electronic-key-rfid-m1-13.56mhz-bracelet-oem-laser-logo\/#breadcrumb","itemListElement":[{"@type":"ListItem","position":1,"name":"Home","item":"https:\/\/yonannlock.com\/vi\/"},{"@type":"ListItem","position":2,"name":"Digital Lock For Drawers Digital Lock For Drawer With Electronic Key RFID M1 13.56Mhz Bracelet OEM Laser LOGO"}]},{"@type":"WebSite","@id":"https:\/\/yonannlock.com\/vi\/#website","url":"https:\/\/yonannlock.com\/vi\/","name":"Nh\u00e0 s\u1ea3n xu\u1ea5t v\u00e0 cung c\u1ea5p kh\u00f3a th\u00f4ng minh t\u1ea1i Trung Qu\u1ed1c","description":"","publisher":{"@id":"https:\/\/yonannlock.com\/vi\/#organization"},"potentialAction":[{"@type":"SearchAction","target":{"@type":"EntryPoint","urlTemplate":"https:\/\/yonannlock.com\/vi\/?s={search_term_string}"},"query-input":{"@type":"PropertyValueSpecification","valueRequired":true,"valueName":"search_term_string"}}],"inLanguage":"vi"},{"@type":"Organization","@id":"https:\/\/yonannlock.com\/vi\/#organization","name":"Nh\u00e0 s\u1ea3n xu\u1ea5t v\u00e0 cung c\u1ea5p kh\u00f3a th\u00f4ng minh t\u1ea1i Trung Qu\u1ed1c","url":"https:\/\/yonannlock.com\/vi\/","logo":{"@type":"ImageObject","inLanguage":"vi","@id":"https:\/\/yonannlock.com\/vi\/#\/schema\/logo\/image\/","url":"https:\/\/yonannlock.com\/wp-content\/uploads\/2026\/03\/cropped-LOGO-1.png","contentUrl":"https:\/\/yonannlock.com\/wp-content\/uploads\/2026\/03\/cropped-LOGO-1.png","width":482,"height":167,"caption":"Smart Lock Manufacturer And Supplier in China"},"image":{"@id":"https:\/\/yonannlock.com\/vi\/#\/schema\/logo\/image\/"}}]}},"_links":{"self":[{"href":"https:\/\/yonannlock.com\/vi\/wp-json\/wp\/v2\/pages\/4530","targetHints":{"allow":["GET"]}}],"collection":[{"href":"https:\/\/yonannlock.com\/vi\/wp-json\/wp\/v2\/pages"}],"about":[{"href":"https:\/\/yonannlock.com\/vi\/wp-json\/wp\/v2\/types\/page"}],"author":[{"embeddable":true,"href":"https:\/\/yonannlock.com\/vi\/wp-json\/wp\/v2\/users\/1"}],"replies":[{"embeddable":true,"href":"https:\/\/yonannlock.com\/vi\/wp-json\/wp\/v2\/comments?post=4530"}],"version-history":[{"count":6,"href":"https:\/\/yonannlock.com\/vi\/wp-json\/wp\/v2\/pages\/4530\/revisions"}],"predecessor-version":[{"id":9718,"href":"https:\/\/yonannlock.com\/vi\/wp-json\/wp\/v2\/pages\/4530\/revisions\/9718"}],"wp:attachment":[{"href":"https:\/\/yonannlock.com\/vi\/wp-json\/wp\/v2\/media?parent=4530"}],"curies":[{"name":"wp","href":"https:\/\/api.w.org\/{rel}","templated":true}]}}