{"id":4449,"date":"2022-03-10T09:16:59","date_gmt":"2022-03-10T09:16:59","guid":{"rendered":"http:\/\/yonannlock.com\/?page_id=4449"},"modified":"2022-03-15T03:59:15","modified_gmt":"2022-03-15T03:59:15","slug":"khoa-tu-dien-tu-rfid-khong-tiep-xuc-cho-cong-vien-nuoc-kem-vong-deo-tay-mien-phi","status":"publish","type":"page","link":"https:\/\/yonannlock.com\/vi\/contactless-electronic-rfid-cabinet-lock-for-waterpark-with-free-bracelet\/","title":{"rendered":"Kh\u00f3a t\u1ee7 \u0111i\u1ec7n t\u1eed RFID kh\u00f4ng ti\u1ebfp x\u00fac cho c\u00f4ng vi\u00ean n\u01b0\u1edbc k\u00e8m v\u00f2ng \u0111eo tay mi\u1ec5n ph\u00ed"},"content":{"rendered":"<!-- AddThis Advanced Settings generic via filter on the_content --><!-- AddThis Share Buttons generic via filter on the_content -->","protected":false},"excerpt":{"rendered":"<p><!-- AddThis Advanced Settings generic via filter on get_the_excerpt --><!-- AddThis Share Buttons generic via filter on get_the_excerpt --><\/p>","protected":false},"author":1,"featured_media":0,"parent":0,"menu_order":0,"comment_status":"closed","ping_status":"closed","template":"product-details3.php","meta":{"_acf_changed":false,"site-sidebar-layout":"default","site-content-layout":"page-builder","ast-site-content-layout":"default","site-content-style":"default","site-sidebar-style":"default","ast-global-header-display":"","ast-banner-title-visibility":"","ast-main-header-display":"","ast-hfb-above-header-display":"","ast-hfb-below-header-display":"","ast-hfb-mobile-header-display":"","site-post-title":"","ast-breadcrumbs-content":"disabled","ast-featured-img":"","footer-sml-layout":"","ast-disable-related-posts":"","theme-transparent-header-meta":"default","adv-header-id-meta":"","stick-header-meta":"default","header-above-stick-meta":"","header-main-stick-meta":"","header-below-stick-meta":"","astra-migrate-meta-layouts":"default","ast-page-background-enabled":"default","ast-page-background-meta":{"desktop":{"background-color":"","background-image":"","background-repeat":"repeat","background-position":"center center","background-size":"auto","background-attachment":"scroll","background-type":"","background-media":"","overlay-type":"","overlay-color":"","overlay-opacity":"","overlay-gradient":""},"tablet":{"background-color":"","background-image":"","background-repeat":"repeat","background-position":"center center","background-size":"auto","background-attachment":"scroll","background-type":"","background-media":"","overlay-type":"","overlay-color":"","overlay-opacity":"","overlay-gradient":""},"mobile":{"background-color":"","background-image":"","background-repeat":"repeat","background-position":"center center","background-size":"auto","background-attachment":"scroll","background-type":"","background-media":"","overlay-type":"","overlay-color":"","overlay-opacity":"","overlay-gradient":""}},"ast-content-background-meta":{"desktop":{"background-color":"var(--ast-global-color-5)","background-image":"","background-repeat":"repeat","background-position":"center center","background-size":"auto","background-attachment":"scroll","background-type":"","background-media":"","overlay-type":"","overlay-color":"","overlay-opacity":"","overlay-gradient":""},"tablet":{"background-color":"var(--ast-global-color-5)","background-image":"","background-repeat":"repeat","background-position":"center center","background-size":"auto","background-attachment":"scroll","background-type":"","background-media":"","overlay-type":"","overlay-color":"","overlay-opacity":"","overlay-gradient":""},"mobile":{"background-color":"var(--ast-global-color-5)","background-image":"","background-repeat":"repeat","background-position":"center center","background-size":"auto","background-attachment":"scroll","background-type":"","background-media":"","overlay-type":"","overlay-color":"","overlay-opacity":"","overlay-gradient":""}},"footnotes":""},"class_list":["post-4449","page","type-page","status-publish","hentry"],"acf":[],"yoast_head":"<!-- This site is optimized with the Yoast SEO plugin v27.4 - https:\/\/yoast.com\/product\/yoast-seo-wordpress\/ -->\n<title>Contactless Electronic RFID Cabinet Lock For Waterpark With Free Bracelet<\/title>\n<meta name=\"description\" content=\"Professional contactless electronic RFID cabinet lock for waterpark with free bracelet supplier and manufacturer for 10 years.\" \/>\n<meta name=\"robots\" content=\"index, follow, max-snippet:-1, max-image-preview:large, max-video-preview:-1\" \/>\n<link rel=\"canonical\" href=\"https:\/\/yonannlock.com\/vi\/khoa-tu-dien-tu-rfid-khong-tiep-xuc-cho-cong-vien-nuoc-kem-vong-deo-tay-mien-phi\/\" \/>\n<meta property=\"og:locale\" content=\"vi_VN\" \/>\n<meta property=\"og:type\" content=\"article\" \/>\n<meta property=\"og:title\" content=\"Contactless Electronic RFID Cabinet Lock For Waterpark With Free Bracelet\" \/>\n<meta property=\"og:description\" content=\"Professional contactless electronic RFID cabinet lock for waterpark with free bracelet supplier and manufacturer for 10 years.\" \/>\n<meta property=\"og:url\" content=\"https:\/\/yonannlock.com\/vi\/khoa-tu-dien-tu-rfid-khong-tiep-xuc-cho-cong-vien-nuoc-kem-vong-deo-tay-mien-phi\/\" \/>\n<meta property=\"og:site_name\" content=\"Smart Lock Manufacturer And Supplier in China\" \/>\n<meta property=\"article:modified_time\" content=\"2022-03-15T03:59:15+00:00\" \/>\n<meta name=\"twitter:card\" content=\"summary_large_image\" \/>\n<script type=\"application\/ld+json\" class=\"yoast-schema-graph\">{\"@context\":\"https:\\\/\\\/schema.org\",\"@graph\":[{\"@type\":\"WebPage\",\"@id\":\"https:\\\/\\\/yonannlock.com\\\/contactless-electronic-rfid-cabinet-lock-for-waterpark-with-free-bracelet\\\/\",\"url\":\"https:\\\/\\\/yonannlock.com\\\/contactless-electronic-rfid-cabinet-lock-for-waterpark-with-free-bracelet\\\/\",\"name\":\"Contactless Electronic RFID Cabinet Lock For Waterpark With Free Bracelet\",\"isPartOf\":{\"@id\":\"https:\\\/\\\/yonannlock.com\\\/vi\\\/#website\"},\"datePublished\":\"2022-03-10T09:16:59+00:00\",\"dateModified\":\"2022-03-15T03:59:15+00:00\",\"description\":\"Professional contactless electronic RFID cabinet lock for waterpark with free bracelet supplier and manufacturer for 10 years.\",\"breadcrumb\":{\"@id\":\"https:\\\/\\\/yonannlock.com\\\/contactless-electronic-rfid-cabinet-lock-for-waterpark-with-free-bracelet\\\/#breadcrumb\"},\"inLanguage\":\"vi\",\"potentialAction\":[{\"@type\":\"ReadAction\",\"target\":[\"https:\\\/\\\/yonannlock.com\\\/contactless-electronic-rfid-cabinet-lock-for-waterpark-with-free-bracelet\\\/\"]}]},{\"@type\":\"BreadcrumbList\",\"@id\":\"https:\\\/\\\/yonannlock.com\\\/contactless-electronic-rfid-cabinet-lock-for-waterpark-with-free-bracelet\\\/#breadcrumb\",\"itemListElement\":[{\"@type\":\"ListItem\",\"position\":1,\"name\":\"Home\",\"item\":\"https:\\\/\\\/yonannlock.com\\\/vi\\\/\"},{\"@type\":\"ListItem\",\"position\":2,\"name\":\"Contactless Electronic RFID Cabinet Lock For Waterpark With Free Bracelet\"}]},{\"@type\":\"WebSite\",\"@id\":\"https:\\\/\\\/yonannlock.com\\\/vi\\\/#website\",\"url\":\"https:\\\/\\\/yonannlock.com\\\/vi\\\/\",\"name\":\"Smart Lock Manufacturer And Supplier in China\",\"description\":\"\",\"publisher\":{\"@id\":\"https:\\\/\\\/yonannlock.com\\\/vi\\\/#organization\"},\"potentialAction\":[{\"@type\":\"SearchAction\",\"target\":{\"@type\":\"EntryPoint\",\"urlTemplate\":\"https:\\\/\\\/yonannlock.com\\\/vi\\\/?s={search_term_string}\"},\"query-input\":{\"@type\":\"PropertyValueSpecification\",\"valueRequired\":true,\"valueName\":\"search_term_string\"}}],\"inLanguage\":\"vi\"},{\"@type\":\"Organization\",\"@id\":\"https:\\\/\\\/yonannlock.com\\\/vi\\\/#organization\",\"name\":\"Smart Lock Manufacturer And Supplier in China\",\"url\":\"https:\\\/\\\/yonannlock.com\\\/vi\\\/\",\"logo\":{\"@type\":\"ImageObject\",\"inLanguage\":\"vi\",\"@id\":\"https:\\\/\\\/yonannlock.com\\\/vi\\\/#\\\/schema\\\/logo\\\/image\\\/\",\"url\":\"https:\\\/\\\/yonannlock.com\\\/wp-content\\\/uploads\\\/2026\\\/03\\\/cropped-LOGO-1.png\",\"contentUrl\":\"https:\\\/\\\/yonannlock.com\\\/wp-content\\\/uploads\\\/2026\\\/03\\\/cropped-LOGO-1.png\",\"width\":482,\"height\":167,\"caption\":\"Smart Lock Manufacturer And Supplier in China\"},\"image\":{\"@id\":\"https:\\\/\\\/yonannlock.com\\\/vi\\\/#\\\/schema\\\/logo\\\/image\\\/\"}}]}<\/script>\n<!-- \/ Yoast SEO plugin. -->","yoast_head_json":{"title":"Kh\u00f3a t\u1ee7 \u0111i\u1ec7n t\u1eed RFID kh\u00f4ng ti\u1ebfp x\u00fac cho c\u00f4ng vi\u00ean n\u01b0\u1edbc k\u00e8m v\u00f2ng \u0111eo tay mi\u1ec5n ph\u00ed","description":"Kh\u00f3a t\u1ee7 \u0111i\u1ec7n t\u1eed RFID kh\u00f4ng ti\u1ebfp x\u00fac chuy\u00ean nghi\u1ec7p d\u00e0nh cho c\u00f4ng vi\u00ean n\u01b0\u1edbc v\u1edbi nh\u00e0 cung c\u1ea5p v\u00e0 nh\u00e0 s\u1ea3n xu\u1ea5t v\u00f2ng \u0111eo tay mi\u1ec5n ph\u00ed trong 10 n\u0103m.","robots":{"index":"index","follow":"follow","max-snippet":"max-snippet:-1","max-image-preview":"max-image-preview:large","max-video-preview":"max-video-preview:-1"},"canonical":"https:\/\/yonannlock.com\/vi\/khoa-tu-dien-tu-rfid-khong-tiep-xuc-cho-cong-vien-nuoc-kem-vong-deo-tay-mien-phi\/","og_locale":"vi_VN","og_type":"article","og_title":"Contactless Electronic RFID Cabinet Lock For Waterpark With Free Bracelet","og_description":"Professional contactless electronic RFID cabinet lock for waterpark with free bracelet supplier and manufacturer for 10 years.","og_url":"https:\/\/yonannlock.com\/vi\/khoa-tu-dien-tu-rfid-khong-tiep-xuc-cho-cong-vien-nuoc-kem-vong-deo-tay-mien-phi\/","og_site_name":"Smart Lock Manufacturer And Supplier in China","article_modified_time":"2022-03-15T03:59:15+00:00","twitter_card":"summary_large_image","schema":{"@context":"https:\/\/schema.org","@graph":[{"@type":"WebPage","@id":"https:\/\/yonannlock.com\/contactless-electronic-rfid-cabinet-lock-for-waterpark-with-free-bracelet\/","url":"https:\/\/yonannlock.com\/contactless-electronic-rfid-cabinet-lock-for-waterpark-with-free-bracelet\/","name":"Kh\u00f3a t\u1ee7 \u0111i\u1ec7n t\u1eed RFID kh\u00f4ng ti\u1ebfp x\u00fac cho c\u00f4ng vi\u00ean n\u01b0\u1edbc k\u00e8m v\u00f2ng \u0111eo tay mi\u1ec5n ph\u00ed","isPartOf":{"@id":"https:\/\/yonannlock.com\/vi\/#website"},"datePublished":"2022-03-10T09:16:59+00:00","dateModified":"2022-03-15T03:59:15+00:00","description":"Kh\u00f3a t\u1ee7 \u0111i\u1ec7n t\u1eed RFID kh\u00f4ng ti\u1ebfp x\u00fac chuy\u00ean nghi\u1ec7p d\u00e0nh cho c\u00f4ng vi\u00ean n\u01b0\u1edbc v\u1edbi nh\u00e0 cung c\u1ea5p v\u00e0 nh\u00e0 s\u1ea3n xu\u1ea5t v\u00f2ng \u0111eo tay mi\u1ec5n ph\u00ed trong 10 n\u0103m.","breadcrumb":{"@id":"https:\/\/yonannlock.com\/contactless-electronic-rfid-cabinet-lock-for-waterpark-with-free-bracelet\/#breadcrumb"},"inLanguage":"vi","potentialAction":[{"@type":"ReadAction","target":["https:\/\/yonannlock.com\/contactless-electronic-rfid-cabinet-lock-for-waterpark-with-free-bracelet\/"]}]},{"@type":"BreadcrumbList","@id":"https:\/\/yonannlock.com\/contactless-electronic-rfid-cabinet-lock-for-waterpark-with-free-bracelet\/#breadcrumb","itemListElement":[{"@type":"ListItem","position":1,"name":"Home","item":"https:\/\/yonannlock.com\/vi\/"},{"@type":"ListItem","position":2,"name":"Contactless Electronic RFID Cabinet Lock For Waterpark With Free Bracelet"}]},{"@type":"WebSite","@id":"https:\/\/yonannlock.com\/vi\/#website","url":"https:\/\/yonannlock.com\/vi\/","name":"Nh\u00e0 s\u1ea3n xu\u1ea5t v\u00e0 cung c\u1ea5p kh\u00f3a th\u00f4ng minh t\u1ea1i Trung Qu\u1ed1c","description":"","publisher":{"@id":"https:\/\/yonannlock.com\/vi\/#organization"},"potentialAction":[{"@type":"SearchAction","target":{"@type":"EntryPoint","urlTemplate":"https:\/\/yonannlock.com\/vi\/?s={search_term_string}"},"query-input":{"@type":"PropertyValueSpecification","valueRequired":true,"valueName":"search_term_string"}}],"inLanguage":"vi"},{"@type":"Organization","@id":"https:\/\/yonannlock.com\/vi\/#organization","name":"Nh\u00e0 s\u1ea3n xu\u1ea5t v\u00e0 cung c\u1ea5p kh\u00f3a th\u00f4ng minh t\u1ea1i Trung Qu\u1ed1c","url":"https:\/\/yonannlock.com\/vi\/","logo":{"@type":"ImageObject","inLanguage":"vi","@id":"https:\/\/yonannlock.com\/vi\/#\/schema\/logo\/image\/","url":"https:\/\/yonannlock.com\/wp-content\/uploads\/2026\/03\/cropped-LOGO-1.png","contentUrl":"https:\/\/yonannlock.com\/wp-content\/uploads\/2026\/03\/cropped-LOGO-1.png","width":482,"height":167,"caption":"Smart Lock Manufacturer And Supplier in China"},"image":{"@id":"https:\/\/yonannlock.com\/vi\/#\/schema\/logo\/image\/"}}]}},"_links":{"self":[{"href":"https:\/\/yonannlock.com\/vi\/wp-json\/wp\/v2\/pages\/4449","targetHints":{"allow":["GET"]}}],"collection":[{"href":"https:\/\/yonannlock.com\/vi\/wp-json\/wp\/v2\/pages"}],"about":[{"href":"https:\/\/yonannlock.com\/vi\/wp-json\/wp\/v2\/types\/page"}],"author":[{"embeddable":true,"href":"https:\/\/yonannlock.com\/vi\/wp-json\/wp\/v2\/users\/1"}],"replies":[{"embeddable":true,"href":"https:\/\/yonannlock.com\/vi\/wp-json\/wp\/v2\/comments?post=4449"}],"version-history":[{"count":3,"href":"https:\/\/yonannlock.com\/vi\/wp-json\/wp\/v2\/pages\/4449\/revisions"}],"predecessor-version":[{"id":4695,"href":"https:\/\/yonannlock.com\/vi\/wp-json\/wp\/v2\/pages\/4449\/revisions\/4695"}],"wp:attachment":[{"href":"https:\/\/yonannlock.com\/vi\/wp-json\/wp\/v2\/media?parent=4449"}],"curies":[{"name":"wp","href":"https:\/\/api.w.org\/{rel}","templated":true}]}}