{"id":4416,"date":"2022-03-10T07:21:07","date_gmt":"2022-03-10T07:21:07","guid":{"rendered":"http:\/\/yonannlock.com\/?page_id=4416"},"modified":"2022-03-12T12:21:44","modified_gmt":"2022-03-12T12:21:44","slug":"1-electronic-rfid-cabinet-lock-for-drawer-door-with-free-wristband-key","status":"publish","type":"page","link":"https:\/\/yonannlock.com\/vi\/waterproof-and-dustproof-rfid-wrsitband-key\/","title":{"rendered":"V\u00f2ng \u0111eo tay RFID ch\u1ed1ng n\u01b0\u1edbc v\u00e0 b\u1ee5i"},"content":{"rendered":"<!-- AddThis Advanced Settings generic via filter on the_content --><!-- AddThis Share Buttons generic via filter on the_content -->","protected":false},"excerpt":{"rendered":"<p><!-- AddThis Advanced Settings generic via filter on get_the_excerpt --><!-- AddThis Share Buttons generic via filter on get_the_excerpt --><\/p>","protected":false},"author":1,"featured_media":0,"parent":0,"menu_order":0,"comment_status":"closed","ping_status":"closed","template":"product-details3.php","meta":{"_acf_changed":false,"site-sidebar-layout":"default","site-content-layout":"page-builder","ast-site-content-layout":"default","site-content-style":"default","site-sidebar-style":"default","ast-global-header-display":"","ast-banner-title-visibility":"","ast-main-header-display":"","ast-hfb-above-header-display":"","ast-hfb-below-header-display":"","ast-hfb-mobile-header-display":"","site-post-title":"","ast-breadcrumbs-content":"disabled","ast-featured-img":"","footer-sml-layout":"","ast-disable-related-posts":"","theme-transparent-header-meta":"default","adv-header-id-meta":"","stick-header-meta":"default","header-above-stick-meta":"","header-main-stick-meta":"","header-below-stick-meta":"","astra-migrate-meta-layouts":"default","ast-page-background-enabled":"default","ast-page-background-meta":{"desktop":{"background-color":"","background-image":"","background-repeat":"repeat","background-position":"center center","background-size":"auto","background-attachment":"scroll","background-type":"","background-media":"","overlay-type":"","overlay-color":"","overlay-opacity":"","overlay-gradient":""},"tablet":{"background-color":"","background-image":"","background-repeat":"repeat","background-position":"center center","background-size":"auto","background-attachment":"scroll","background-type":"","background-media":"","overlay-type":"","overlay-color":"","overlay-opacity":"","overlay-gradient":""},"mobile":{"background-color":"","background-image":"","background-repeat":"repeat","background-position":"center center","background-size":"auto","background-attachment":"scroll","background-type":"","background-media":"","overlay-type":"","overlay-color":"","overlay-opacity":"","overlay-gradient":""}},"ast-content-background-meta":{"desktop":{"background-color":"var(--ast-global-color-5)","background-image":"","background-repeat":"repeat","background-position":"center center","background-size":"auto","background-attachment":"scroll","background-type":"","background-media":"","overlay-type":"","overlay-color":"","overlay-opacity":"","overlay-gradient":""},"tablet":{"background-color":"var(--ast-global-color-5)","background-image":"","background-repeat":"repeat","background-position":"center center","background-size":"auto","background-attachment":"scroll","background-type":"","background-media":"","overlay-type":"","overlay-color":"","overlay-opacity":"","overlay-gradient":""},"mobile":{"background-color":"var(--ast-global-color-5)","background-image":"","background-repeat":"repeat","background-position":"center center","background-size":"auto","background-attachment":"scroll","background-type":"","background-media":"","overlay-type":"","overlay-color":"","overlay-opacity":"","overlay-gradient":""}},"footnotes":""},"class_list":["post-4416","page","type-page","status-publish","hentry"],"acf":[],"yoast_head":"<!-- This site is optimized with the Yoast SEO plugin v27.4 - https:\/\/yoast.com\/product\/yoast-seo-wordpress\/ -->\n<title>Waterproof and Dustproof RFID Wrsitband Key<\/title>\n<meta name=\"description\" content=\"Professional waterproof and dustproof RFID wrsitband key supplier and manufacturer for 10 years, each cabinet lock with one wristband key.\" \/>\n<meta name=\"robots\" content=\"index, follow, max-snippet:-1, max-image-preview:large, max-video-preview:-1\" \/>\n<link rel=\"canonical\" href=\"https:\/\/yonannlock.com\/vi\/vong-deo-tay-rfid-chong-nuoc-va-bui\/\" \/>\n<meta property=\"og:locale\" content=\"vi_VN\" \/>\n<meta property=\"og:type\" content=\"article\" \/>\n<meta property=\"og:title\" content=\"Waterproof and Dustproof RFID Wrsitband Key\" \/>\n<meta property=\"og:description\" content=\"Professional waterproof and dustproof RFID wrsitband key supplier and manufacturer for 10 years, each cabinet lock with one wristband key.\" \/>\n<meta property=\"og:url\" content=\"https:\/\/yonannlock.com\/vi\/vong-deo-tay-rfid-chong-nuoc-va-bui\/\" \/>\n<meta property=\"og:site_name\" content=\"Smart Lock Manufacturer And Supplier in China\" \/>\n<meta property=\"article:modified_time\" content=\"2022-03-12T12:21:44+00:00\" \/>\n<meta name=\"twitter:card\" content=\"summary_large_image\" \/>\n<script type=\"application\/ld+json\" class=\"yoast-schema-graph\">{\"@context\":\"https:\\\/\\\/schema.org\",\"@graph\":[{\"@type\":\"WebPage\",\"@id\":\"https:\\\/\\\/yonannlock.com\\\/waterproof-and-dustproof-rfid-wrsitband-key\\\/\",\"url\":\"https:\\\/\\\/yonannlock.com\\\/waterproof-and-dustproof-rfid-wrsitband-key\\\/\",\"name\":\"Waterproof and Dustproof RFID Wrsitband Key\",\"isPartOf\":{\"@id\":\"https:\\\/\\\/yonannlock.com\\\/vi\\\/#website\"},\"datePublished\":\"2022-03-10T07:21:07+00:00\",\"dateModified\":\"2022-03-12T12:21:44+00:00\",\"description\":\"Professional waterproof and dustproof RFID wrsitband key supplier and manufacturer for 10 years, each cabinet lock with one wristband key.\",\"breadcrumb\":{\"@id\":\"https:\\\/\\\/yonannlock.com\\\/waterproof-and-dustproof-rfid-wrsitband-key\\\/#breadcrumb\"},\"inLanguage\":\"vi\",\"potentialAction\":[{\"@type\":\"ReadAction\",\"target\":[\"https:\\\/\\\/yonannlock.com\\\/waterproof-and-dustproof-rfid-wrsitband-key\\\/\"]}]},{\"@type\":\"BreadcrumbList\",\"@id\":\"https:\\\/\\\/yonannlock.com\\\/waterproof-and-dustproof-rfid-wrsitband-key\\\/#breadcrumb\",\"itemListElement\":[{\"@type\":\"ListItem\",\"position\":1,\"name\":\"Home\",\"item\":\"https:\\\/\\\/yonannlock.com\\\/vi\\\/\"},{\"@type\":\"ListItem\",\"position\":2,\"name\":\"Waterproof and Dustproof RFID Wrsitband Key\"}]},{\"@type\":\"WebSite\",\"@id\":\"https:\\\/\\\/yonannlock.com\\\/vi\\\/#website\",\"url\":\"https:\\\/\\\/yonannlock.com\\\/vi\\\/\",\"name\":\"Smart Lock Manufacturer And Supplier in China\",\"description\":\"\",\"publisher\":{\"@id\":\"https:\\\/\\\/yonannlock.com\\\/vi\\\/#organization\"},\"potentialAction\":[{\"@type\":\"SearchAction\",\"target\":{\"@type\":\"EntryPoint\",\"urlTemplate\":\"https:\\\/\\\/yonannlock.com\\\/vi\\\/?s={search_term_string}\"},\"query-input\":{\"@type\":\"PropertyValueSpecification\",\"valueRequired\":true,\"valueName\":\"search_term_string\"}}],\"inLanguage\":\"vi\"},{\"@type\":\"Organization\",\"@id\":\"https:\\\/\\\/yonannlock.com\\\/vi\\\/#organization\",\"name\":\"Smart Lock Manufacturer And Supplier in China\",\"url\":\"https:\\\/\\\/yonannlock.com\\\/vi\\\/\",\"logo\":{\"@type\":\"ImageObject\",\"inLanguage\":\"vi\",\"@id\":\"https:\\\/\\\/yonannlock.com\\\/vi\\\/#\\\/schema\\\/logo\\\/image\\\/\",\"url\":\"https:\\\/\\\/yonannlock.com\\\/wp-content\\\/uploads\\\/2026\\\/03\\\/cropped-LOGO-1.png\",\"contentUrl\":\"https:\\\/\\\/yonannlock.com\\\/wp-content\\\/uploads\\\/2026\\\/03\\\/cropped-LOGO-1.png\",\"width\":482,\"height\":167,\"caption\":\"Smart Lock Manufacturer And Supplier in China\"},\"image\":{\"@id\":\"https:\\\/\\\/yonannlock.com\\\/vi\\\/#\\\/schema\\\/logo\\\/image\\\/\"}}]}<\/script>\n<!-- \/ Yoast SEO plugin. -->","yoast_head_json":{"title":"V\u00f2ng \u0111eo tay RFID ch\u1ed1ng n\u01b0\u1edbc v\u00e0 b\u1ee5i","description":"Nh\u00e0 cung c\u1ea5p v\u00e0 s\u1ea3n xu\u1ea5t ch\u00eca kh\u00f3a v\u00f2ng \u0111eo tay RFID ch\u1ed1ng n\u01b0\u1edbc v\u00e0 b\u1ee5i chuy\u00ean nghi\u1ec7p trong 10 n\u0103m, m\u1ed7i \u1ed5 kh\u00f3a t\u1ee7 c\u00f3 m\u1ed9t ch\u00eca kh\u00f3a v\u00f2ng \u0111eo tay.","robots":{"index":"index","follow":"follow","max-snippet":"max-snippet:-1","max-image-preview":"max-image-preview:large","max-video-preview":"max-video-preview:-1"},"canonical":"https:\/\/yonannlock.com\/vi\/vong-deo-tay-rfid-chong-nuoc-va-bui\/","og_locale":"vi_VN","og_type":"article","og_title":"Waterproof and Dustproof RFID Wrsitband Key","og_description":"Professional waterproof and dustproof RFID wrsitband key supplier and manufacturer for 10 years, each cabinet lock with one wristband key.","og_url":"https:\/\/yonannlock.com\/vi\/vong-deo-tay-rfid-chong-nuoc-va-bui\/","og_site_name":"Smart Lock Manufacturer And Supplier in China","article_modified_time":"2022-03-12T12:21:44+00:00","twitter_card":"summary_large_image","schema":{"@context":"https:\/\/schema.org","@graph":[{"@type":"WebPage","@id":"https:\/\/yonannlock.com\/waterproof-and-dustproof-rfid-wrsitband-key\/","url":"https:\/\/yonannlock.com\/waterproof-and-dustproof-rfid-wrsitband-key\/","name":"V\u00f2ng \u0111eo tay RFID ch\u1ed1ng n\u01b0\u1edbc v\u00e0 b\u1ee5i","isPartOf":{"@id":"https:\/\/yonannlock.com\/vi\/#website"},"datePublished":"2022-03-10T07:21:07+00:00","dateModified":"2022-03-12T12:21:44+00:00","description":"Nh\u00e0 cung c\u1ea5p v\u00e0 s\u1ea3n xu\u1ea5t ch\u00eca kh\u00f3a v\u00f2ng \u0111eo tay RFID ch\u1ed1ng n\u01b0\u1edbc v\u00e0 b\u1ee5i chuy\u00ean nghi\u1ec7p trong 10 n\u0103m, m\u1ed7i \u1ed5 kh\u00f3a t\u1ee7 c\u00f3 m\u1ed9t ch\u00eca kh\u00f3a v\u00f2ng \u0111eo tay.","breadcrumb":{"@id":"https:\/\/yonannlock.com\/waterproof-and-dustproof-rfid-wrsitband-key\/#breadcrumb"},"inLanguage":"vi","potentialAction":[{"@type":"ReadAction","target":["https:\/\/yonannlock.com\/waterproof-and-dustproof-rfid-wrsitband-key\/"]}]},{"@type":"BreadcrumbList","@id":"https:\/\/yonannlock.com\/waterproof-and-dustproof-rfid-wrsitband-key\/#breadcrumb","itemListElement":[{"@type":"ListItem","position":1,"name":"Home","item":"https:\/\/yonannlock.com\/vi\/"},{"@type":"ListItem","position":2,"name":"Waterproof and Dustproof RFID Wrsitband Key"}]},{"@type":"WebSite","@id":"https:\/\/yonannlock.com\/vi\/#website","url":"https:\/\/yonannlock.com\/vi\/","name":"Nh\u00e0 s\u1ea3n xu\u1ea5t v\u00e0 cung c\u1ea5p kh\u00f3a th\u00f4ng minh t\u1ea1i Trung Qu\u1ed1c","description":"","publisher":{"@id":"https:\/\/yonannlock.com\/vi\/#organization"},"potentialAction":[{"@type":"SearchAction","target":{"@type":"EntryPoint","urlTemplate":"https:\/\/yonannlock.com\/vi\/?s={search_term_string}"},"query-input":{"@type":"PropertyValueSpecification","valueRequired":true,"valueName":"search_term_string"}}],"inLanguage":"vi"},{"@type":"Organization","@id":"https:\/\/yonannlock.com\/vi\/#organization","name":"Nh\u00e0 s\u1ea3n xu\u1ea5t v\u00e0 cung c\u1ea5p kh\u00f3a th\u00f4ng minh t\u1ea1i Trung Qu\u1ed1c","url":"https:\/\/yonannlock.com\/vi\/","logo":{"@type":"ImageObject","inLanguage":"vi","@id":"https:\/\/yonannlock.com\/vi\/#\/schema\/logo\/image\/","url":"https:\/\/yonannlock.com\/wp-content\/uploads\/2026\/03\/cropped-LOGO-1.png","contentUrl":"https:\/\/yonannlock.com\/wp-content\/uploads\/2026\/03\/cropped-LOGO-1.png","width":482,"height":167,"caption":"Smart Lock Manufacturer And Supplier in China"},"image":{"@id":"https:\/\/yonannlock.com\/vi\/#\/schema\/logo\/image\/"}}]}},"_links":{"self":[{"href":"https:\/\/yonannlock.com\/vi\/wp-json\/wp\/v2\/pages\/4416","targetHints":{"allow":["GET"]}}],"collection":[{"href":"https:\/\/yonannlock.com\/vi\/wp-json\/wp\/v2\/pages"}],"about":[{"href":"https:\/\/yonannlock.com\/vi\/wp-json\/wp\/v2\/types\/page"}],"author":[{"embeddable":true,"href":"https:\/\/yonannlock.com\/vi\/wp-json\/wp\/v2\/users\/1"}],"replies":[{"embeddable":true,"href":"https:\/\/yonannlock.com\/vi\/wp-json\/wp\/v2\/comments?post=4416"}],"version-history":[{"count":4,"href":"https:\/\/yonannlock.com\/vi\/wp-json\/wp\/v2\/pages\/4416\/revisions"}],"predecessor-version":[{"id":4661,"href":"https:\/\/yonannlock.com\/vi\/wp-json\/wp\/v2\/pages\/4416\/revisions\/4661"}],"wp:attachment":[{"href":"https:\/\/yonannlock.com\/vi\/wp-json\/wp\/v2\/media?parent=4416"}],"curies":[{"name":"wp","href":"https:\/\/api.w.org\/{rel}","templated":true}]}}