{"id":4135,"date":"2022-01-14T07:23:01","date_gmt":"2022-01-14T07:23:01","guid":{"rendered":"http:\/\/yonannlock.com\/?page_id=4135"},"modified":"2025-05-22T09:42:18","modified_gmt":"2025-05-22T09:42:18","slug":"sino-mtd-detail-2-4-4","status":"publish","type":"page","link":"https:\/\/yonannlock.com\/vi\/new-fashion-no-handle-rfid-hotel-door-lock-system\/","title":{"rendered":"H\u1ec7 th\u1ed1ng kh\u00f3a c\u1eeda kh\u00e1ch s\u1ea1n RFID kh\u00f4ng c\u1ea7n tay n\u1eafm th\u1eddi trang m\u1edbi"},"content":{"rendered":"<!-- AddThis Advanced Settings generic via filter on the_content --><!-- AddThis Share Buttons generic via filter on the_content -->","protected":false},"excerpt":{"rendered":"<p><!-- AddThis Advanced Settings generic via filter on get_the_excerpt --><!-- AddThis Share Buttons generic via filter on get_the_excerpt --><\/p>","protected":false},"author":1,"featured_media":0,"parent":0,"menu_order":0,"comment_status":"closed","ping_status":"closed","template":"product-details3.php","meta":{"_acf_changed":false,"site-sidebar-layout":"default","site-content-layout":"page-builder","ast-site-content-layout":"full-width-container","site-content-style":"unboxed","site-sidebar-style":"unboxed","ast-global-header-display":"","ast-banner-title-visibility":"","ast-main-header-display":"","ast-hfb-above-header-display":"","ast-hfb-below-header-display":"","ast-hfb-mobile-header-display":"","site-post-title":"","ast-breadcrumbs-content":"disabled","ast-featured-img":"","footer-sml-layout":"","ast-disable-related-posts":"","theme-transparent-header-meta":"default","adv-header-id-meta":"","stick-header-meta":"default","header-above-stick-meta":"","header-main-stick-meta":"","header-below-stick-meta":"","astra-migrate-meta-layouts":"set","ast-page-background-enabled":"default","ast-page-background-meta":{"desktop":{"background-color":"","background-image":"","background-repeat":"repeat","background-position":"center center","background-size":"auto","background-attachment":"scroll","background-type":"","background-media":"","overlay-type":"","overlay-color":"","overlay-opacity":"","overlay-gradient":""},"tablet":{"background-color":"","background-image":"","background-repeat":"repeat","background-position":"center center","background-size":"auto","background-attachment":"scroll","background-type":"","background-media":"","overlay-type":"","overlay-color":"","overlay-opacity":"","overlay-gradient":""},"mobile":{"background-color":"","background-image":"","background-repeat":"repeat","background-position":"center center","background-size":"auto","background-attachment":"scroll","background-type":"","background-media":"","overlay-type":"","overlay-color":"","overlay-opacity":"","overlay-gradient":""}},"ast-content-background-meta":{"desktop":{"background-color":"var(--ast-global-color-5)","background-image":"","background-repeat":"repeat","background-position":"center center","background-size":"auto","background-attachment":"scroll","background-type":"","background-media":"","overlay-type":"","overlay-color":"","overlay-opacity":"","overlay-gradient":""},"tablet":{"background-color":"var(--ast-global-color-5)","background-image":"","background-repeat":"repeat","background-position":"center center","background-size":"auto","background-attachment":"scroll","background-type":"","background-media":"","overlay-type":"","overlay-color":"","overlay-opacity":"","overlay-gradient":""},"mobile":{"background-color":"var(--ast-global-color-5)","background-image":"","background-repeat":"repeat","background-position":"center center","background-size":"auto","background-attachment":"scroll","background-type":"","background-media":"","overlay-type":"","overlay-color":"","overlay-opacity":"","overlay-gradient":""}},"footnotes":""},"class_list":["post-4135","page","type-page","status-publish","hentry"],"acf":[],"yoast_head":"<!-- This site is optimized with the Yoast SEO plugin v27.3 - https:\/\/yoast.com\/product\/yoast-seo-wordpress\/ -->\n<title>New Fashion No Handle RFID Hotel Door Lock System<\/title>\n<meta name=\"description\" content=\"New Fashion No Handle RFID Hotel Door Lock System, We Are a 10 Years Professional Supplier Can Offer You Stable Hotel Foor Lock System.\" \/>\n<meta name=\"robots\" content=\"index, follow, max-snippet:-1, max-image-preview:large, max-video-preview:-1\" \/>\n<link rel=\"canonical\" href=\"https:\/\/yonannlock.com\/vi\/he-thong-khoa-cua-khach-san-rfid-khong-can-tay-nam-thoi-trang-moi\/\" \/>\n<meta property=\"og:locale\" content=\"vi_VN\" \/>\n<meta property=\"og:type\" content=\"article\" \/>\n<meta property=\"og:title\" content=\"New Fashion No Handle RFID Hotel Door Lock System\" \/>\n<meta property=\"og:description\" content=\"New Fashion No Handle RFID Hotel Door Lock System, We Are a 10 Years Professional Supplier Can Offer You Stable Hotel Foor Lock System.\" \/>\n<meta property=\"og:url\" content=\"https:\/\/yonannlock.com\/vi\/he-thong-khoa-cua-khach-san-rfid-khong-can-tay-nam-thoi-trang-moi\/\" \/>\n<meta property=\"og:site_name\" content=\"Smart Lock Manufacturer And Supplier in China\" \/>\n<meta property=\"article:modified_time\" content=\"2025-05-22T09:42:18+00:00\" \/>\n<meta name=\"twitter:card\" content=\"summary_large_image\" \/>\n<script type=\"application\/ld+json\" class=\"yoast-schema-graph\">{\"@context\":\"https:\\\/\\\/schema.org\",\"@graph\":[{\"@type\":\"WebPage\",\"@id\":\"https:\\\/\\\/yonannlock.com\\\/new-fashion-no-handle-rfid-hotel-door-lock-system\\\/\",\"url\":\"https:\\\/\\\/yonannlock.com\\\/new-fashion-no-handle-rfid-hotel-door-lock-system\\\/\",\"name\":\"New Fashion No Handle RFID Hotel Door Lock System\",\"isPartOf\":{\"@id\":\"https:\\\/\\\/yonannlock.com\\\/vi\\\/#website\"},\"datePublished\":\"2022-01-14T07:23:01+00:00\",\"dateModified\":\"2025-05-22T09:42:18+00:00\",\"description\":\"New Fashion No Handle RFID Hotel Door Lock System, We Are a 10 Years Professional Supplier Can Offer You Stable Hotel Foor Lock System.\",\"breadcrumb\":{\"@id\":\"https:\\\/\\\/yonannlock.com\\\/new-fashion-no-handle-rfid-hotel-door-lock-system\\\/#breadcrumb\"},\"inLanguage\":\"vi\",\"potentialAction\":[{\"@type\":\"ReadAction\",\"target\":[\"https:\\\/\\\/yonannlock.com\\\/new-fashion-no-handle-rfid-hotel-door-lock-system\\\/\"]}]},{\"@type\":\"BreadcrumbList\",\"@id\":\"https:\\\/\\\/yonannlock.com\\\/new-fashion-no-handle-rfid-hotel-door-lock-system\\\/#breadcrumb\",\"itemListElement\":[{\"@type\":\"ListItem\",\"position\":1,\"name\":\"Home\",\"item\":\"https:\\\/\\\/yonannlock.com\\\/vi\\\/\"},{\"@type\":\"ListItem\",\"position\":2,\"name\":\"New Fashion No Handle RFID Hotel Door Lock System\"}]},{\"@type\":\"WebSite\",\"@id\":\"https:\\\/\\\/yonannlock.com\\\/vi\\\/#website\",\"url\":\"https:\\\/\\\/yonannlock.com\\\/vi\\\/\",\"name\":\"Smart Lock Manufacturer And Supplier in China\",\"description\":\"\",\"publisher\":{\"@id\":\"https:\\\/\\\/yonannlock.com\\\/vi\\\/#organization\"},\"potentialAction\":[{\"@type\":\"SearchAction\",\"target\":{\"@type\":\"EntryPoint\",\"urlTemplate\":\"https:\\\/\\\/yonannlock.com\\\/vi\\\/?s={search_term_string}\"},\"query-input\":{\"@type\":\"PropertyValueSpecification\",\"valueRequired\":true,\"valueName\":\"search_term_string\"}}],\"inLanguage\":\"vi\"},{\"@type\":\"Organization\",\"@id\":\"https:\\\/\\\/yonannlock.com\\\/vi\\\/#organization\",\"name\":\"Smart Lock Manufacturer And Supplier in China\",\"url\":\"https:\\\/\\\/yonannlock.com\\\/vi\\\/\",\"logo\":{\"@type\":\"ImageObject\",\"inLanguage\":\"vi\",\"@id\":\"https:\\\/\\\/yonannlock.com\\\/vi\\\/#\\\/schema\\\/logo\\\/image\\\/\",\"url\":\"https:\\\/\\\/yonannlock.com\\\/wp-content\\\/uploads\\\/2026\\\/03\\\/cropped-LOGO-1.png\",\"contentUrl\":\"https:\\\/\\\/yonannlock.com\\\/wp-content\\\/uploads\\\/2026\\\/03\\\/cropped-LOGO-1.png\",\"width\":482,\"height\":167,\"caption\":\"Smart Lock Manufacturer And Supplier in China\"},\"image\":{\"@id\":\"https:\\\/\\\/yonannlock.com\\\/vi\\\/#\\\/schema\\\/logo\\\/image\\\/\"}}]}<\/script>\n<!-- \/ Yoast SEO plugin. -->","yoast_head_json":{"title":"H\u1ec7 th\u1ed1ng kh\u00f3a c\u1eeda kh\u00e1ch s\u1ea1n RFID kh\u00f4ng c\u1ea7n tay n\u1eafm th\u1eddi trang m\u1edbi","description":"H\u1ec7 th\u1ed1ng kh\u00f3a c\u1eeda kh\u00e1ch s\u1ea1n RFID kh\u00f4ng c\u1ea7n tay n\u1eafm th\u1eddi trang m\u1edbi, ch\u00fang t\u00f4i l\u00e0 nh\u00e0 cung c\u1ea5p chuy\u00ean nghi\u1ec7p 10 n\u0103m c\u00f3 th\u1ec3 cung c\u1ea5p cho b\u1ea1n h\u1ec7 th\u1ed1ng kh\u00f3a c\u1eeda kh\u00e1ch s\u1ea1n \u1ed5n \u0111\u1ecbnh.","robots":{"index":"index","follow":"follow","max-snippet":"max-snippet:-1","max-image-preview":"max-image-preview:large","max-video-preview":"max-video-preview:-1"},"canonical":"https:\/\/yonannlock.com\/vi\/he-thong-khoa-cua-khach-san-rfid-khong-can-tay-nam-thoi-trang-moi\/","og_locale":"vi_VN","og_type":"article","og_title":"New Fashion No Handle RFID Hotel Door Lock System","og_description":"New Fashion No Handle RFID Hotel Door Lock System, We Are a 10 Years Professional Supplier Can Offer You Stable Hotel Foor Lock System.","og_url":"https:\/\/yonannlock.com\/vi\/he-thong-khoa-cua-khach-san-rfid-khong-can-tay-nam-thoi-trang-moi\/","og_site_name":"Smart Lock Manufacturer And Supplier in China","article_modified_time":"2025-05-22T09:42:18+00:00","twitter_card":"summary_large_image","schema":{"@context":"https:\/\/schema.org","@graph":[{"@type":"WebPage","@id":"https:\/\/yonannlock.com\/new-fashion-no-handle-rfid-hotel-door-lock-system\/","url":"https:\/\/yonannlock.com\/new-fashion-no-handle-rfid-hotel-door-lock-system\/","name":"H\u1ec7 th\u1ed1ng kh\u00f3a c\u1eeda kh\u00e1ch s\u1ea1n RFID kh\u00f4ng c\u1ea7n tay n\u1eafm th\u1eddi trang m\u1edbi","isPartOf":{"@id":"https:\/\/yonannlock.com\/vi\/#website"},"datePublished":"2022-01-14T07:23:01+00:00","dateModified":"2025-05-22T09:42:18+00:00","description":"H\u1ec7 th\u1ed1ng kh\u00f3a c\u1eeda kh\u00e1ch s\u1ea1n RFID kh\u00f4ng c\u1ea7n tay n\u1eafm th\u1eddi trang m\u1edbi, ch\u00fang t\u00f4i l\u00e0 nh\u00e0 cung c\u1ea5p chuy\u00ean nghi\u1ec7p 10 n\u0103m c\u00f3 th\u1ec3 cung c\u1ea5p cho b\u1ea1n h\u1ec7 th\u1ed1ng kh\u00f3a c\u1eeda kh\u00e1ch s\u1ea1n \u1ed5n \u0111\u1ecbnh.","breadcrumb":{"@id":"https:\/\/yonannlock.com\/new-fashion-no-handle-rfid-hotel-door-lock-system\/#breadcrumb"},"inLanguage":"vi","potentialAction":[{"@type":"ReadAction","target":["https:\/\/yonannlock.com\/new-fashion-no-handle-rfid-hotel-door-lock-system\/"]}]},{"@type":"BreadcrumbList","@id":"https:\/\/yonannlock.com\/new-fashion-no-handle-rfid-hotel-door-lock-system\/#breadcrumb","itemListElement":[{"@type":"ListItem","position":1,"name":"Home","item":"https:\/\/yonannlock.com\/vi\/"},{"@type":"ListItem","position":2,"name":"New Fashion No Handle RFID Hotel Door Lock System"}]},{"@type":"WebSite","@id":"https:\/\/yonannlock.com\/vi\/#website","url":"https:\/\/yonannlock.com\/vi\/","name":"Nh\u00e0 s\u1ea3n xu\u1ea5t v\u00e0 cung c\u1ea5p kh\u00f3a th\u00f4ng minh t\u1ea1i Trung Qu\u1ed1c","description":"","publisher":{"@id":"https:\/\/yonannlock.com\/vi\/#organization"},"potentialAction":[{"@type":"SearchAction","target":{"@type":"EntryPoint","urlTemplate":"https:\/\/yonannlock.com\/vi\/?s={search_term_string}"},"query-input":{"@type":"PropertyValueSpecification","valueRequired":true,"valueName":"search_term_string"}}],"inLanguage":"vi"},{"@type":"Organization","@id":"https:\/\/yonannlock.com\/vi\/#organization","name":"Nh\u00e0 s\u1ea3n xu\u1ea5t v\u00e0 cung c\u1ea5p kh\u00f3a th\u00f4ng minh t\u1ea1i Trung Qu\u1ed1c","url":"https:\/\/yonannlock.com\/vi\/","logo":{"@type":"ImageObject","inLanguage":"vi","@id":"https:\/\/yonannlock.com\/vi\/#\/schema\/logo\/image\/","url":"https:\/\/yonannlock.com\/wp-content\/uploads\/2026\/03\/cropped-LOGO-1.png","contentUrl":"https:\/\/yonannlock.com\/wp-content\/uploads\/2026\/03\/cropped-LOGO-1.png","width":482,"height":167,"caption":"Smart Lock Manufacturer And Supplier in China"},"image":{"@id":"https:\/\/yonannlock.com\/vi\/#\/schema\/logo\/image\/"}}]}},"_links":{"self":[{"href":"https:\/\/yonannlock.com\/vi\/wp-json\/wp\/v2\/pages\/4135","targetHints":{"allow":["GET"]}}],"collection":[{"href":"https:\/\/yonannlock.com\/vi\/wp-json\/wp\/v2\/pages"}],"about":[{"href":"https:\/\/yonannlock.com\/vi\/wp-json\/wp\/v2\/types\/page"}],"author":[{"embeddable":true,"href":"https:\/\/yonannlock.com\/vi\/wp-json\/wp\/v2\/users\/1"}],"replies":[{"embeddable":true,"href":"https:\/\/yonannlock.com\/vi\/wp-json\/wp\/v2\/comments?post=4135"}],"version-history":[{"count":10,"href":"https:\/\/yonannlock.com\/vi\/wp-json\/wp\/v2\/pages\/4135\/revisions"}],"predecessor-version":[{"id":8859,"href":"https:\/\/yonannlock.com\/vi\/wp-json\/wp\/v2\/pages\/4135\/revisions\/8859"}],"wp:attachment":[{"href":"https:\/\/yonannlock.com\/vi\/wp-json\/wp\/v2\/media?parent=4135"}],"curies":[{"name":"wp","href":"https:\/\/api.w.org\/{rel}","templated":true}]}}