{"id":4108,"date":"2022-01-13T09:43:23","date_gmt":"2022-01-13T09:43:23","guid":{"rendered":"http:\/\/yonannlock.com\/?page_id=4108"},"modified":"2025-05-22T09:41:56","modified_gmt":"2025-05-22T09:41:56","slug":"sino-mtd-detail-2-4-2","status":"publish","type":"page","link":"https:\/\/yonannlock.com\/vi\/new-aluminium-alloy-push-and-pull-changeable-hotel-key-card-lock-system\/","title":{"rendered":"H\u1ec7 th\u1ed1ng kh\u00f3a th\u1ebb ch\u00eca kh\u00f3a kh\u00e1ch s\u1ea1n b\u1eb1ng h\u1ee3p kim nh\u00f4m m\u1edbi c\u00f3 th\u1ec3 thay \u0111\u1ed5i b\u1eb1ng c\u00e1ch \u0111\u1ea9y v\u00e0 k\u00e9o"},"content":{"rendered":"<!-- AddThis Advanced Settings generic via filter on the_content --><!-- AddThis Share Buttons generic via filter on the_content -->","protected":false},"excerpt":{"rendered":"<p><!-- AddThis Advanced Settings generic via filter on get_the_excerpt --><!-- AddThis Share Buttons generic via filter on get_the_excerpt --><\/p>","protected":false},"author":1,"featured_media":0,"parent":0,"menu_order":0,"comment_status":"closed","ping_status":"closed","template":"product-details3.php","meta":{"_acf_changed":false,"site-sidebar-layout":"default","site-content-layout":"page-builder","ast-site-content-layout":"full-width-container","site-content-style":"unboxed","site-sidebar-style":"unboxed","ast-global-header-display":"","ast-banner-title-visibility":"","ast-main-header-display":"","ast-hfb-above-header-display":"","ast-hfb-below-header-display":"","ast-hfb-mobile-header-display":"","site-post-title":"","ast-breadcrumbs-content":"disabled","ast-featured-img":"","footer-sml-layout":"","ast-disable-related-posts":"","theme-transparent-header-meta":"default","adv-header-id-meta":"","stick-header-meta":"default","header-above-stick-meta":"","header-main-stick-meta":"","header-below-stick-meta":"","astra-migrate-meta-layouts":"set","ast-page-background-enabled":"default","ast-page-background-meta":{"desktop":{"background-color":"","background-image":"","background-repeat":"repeat","background-position":"center center","background-size":"auto","background-attachment":"scroll","background-type":"","background-media":"","overlay-type":"","overlay-color":"","overlay-opacity":"","overlay-gradient":""},"tablet":{"background-color":"","background-image":"","background-repeat":"repeat","background-position":"center center","background-size":"auto","background-attachment":"scroll","background-type":"","background-media":"","overlay-type":"","overlay-color":"","overlay-opacity":"","overlay-gradient":""},"mobile":{"background-color":"","background-image":"","background-repeat":"repeat","background-position":"center center","background-size":"auto","background-attachment":"scroll","background-type":"","background-media":"","overlay-type":"","overlay-color":"","overlay-opacity":"","overlay-gradient":""}},"ast-content-background-meta":{"desktop":{"background-color":"var(--ast-global-color-5)","background-image":"","background-repeat":"repeat","background-position":"center center","background-size":"auto","background-attachment":"scroll","background-type":"","background-media":"","overlay-type":"","overlay-color":"","overlay-opacity":"","overlay-gradient":""},"tablet":{"background-color":"var(--ast-global-color-5)","background-image":"","background-repeat":"repeat","background-position":"center center","background-size":"auto","background-attachment":"scroll","background-type":"","background-media":"","overlay-type":"","overlay-color":"","overlay-opacity":"","overlay-gradient":""},"mobile":{"background-color":"var(--ast-global-color-5)","background-image":"","background-repeat":"repeat","background-position":"center center","background-size":"auto","background-attachment":"scroll","background-type":"","background-media":"","overlay-type":"","overlay-color":"","overlay-opacity":"","overlay-gradient":""}},"footnotes":""},"class_list":["post-4108","page","type-page","status-publish","hentry"],"acf":[],"yoast_head":"<!-- This site is optimized with the Yoast SEO plugin v27.3 - https:\/\/yoast.com\/product\/yoast-seo-wordpress\/ -->\n<title>New Aluminium Alloy Push and Pull Changeable Hotel Key Card Lock System<\/title>\n<meta name=\"description\" content=\"This is our hot sale pull and push handle hotel door lock system , 10 years professional supplier offer you stable hotel door lock system.\" \/>\n<meta name=\"robots\" content=\"index, follow, max-snippet:-1, max-image-preview:large, max-video-preview:-1\" \/>\n<link rel=\"canonical\" href=\"https:\/\/yonannlock.com\/vi\/he-thong-khoa-the-chia-khoa-khach-san-bang-hop-kim-nhom-moi-co-the-thay-doi-bang-cach-day-va-keo\/\" \/>\n<meta property=\"og:locale\" content=\"vi_VN\" \/>\n<meta property=\"og:type\" content=\"article\" \/>\n<meta property=\"og:title\" content=\"New Aluminium Alloy Push and Pull Changeable Hotel Key Card Lock System\" \/>\n<meta property=\"og:description\" content=\"This is our hot sale pull and push handle hotel door lock system , 10 years professional supplier offer you stable hotel door lock system.\" \/>\n<meta property=\"og:url\" content=\"https:\/\/yonannlock.com\/vi\/he-thong-khoa-the-chia-khoa-khach-san-bang-hop-kim-nhom-moi-co-the-thay-doi-bang-cach-day-va-keo\/\" \/>\n<meta property=\"og:site_name\" content=\"Smart Lock Manufacturer And Supplier in China\" \/>\n<meta property=\"article:modified_time\" content=\"2025-05-22T09:41:56+00:00\" \/>\n<meta name=\"twitter:card\" content=\"summary_large_image\" \/>\n<script type=\"application\/ld+json\" class=\"yoast-schema-graph\">{\"@context\":\"https:\\\/\\\/schema.org\",\"@graph\":[{\"@type\":\"WebPage\",\"@id\":\"https:\\\/\\\/yonannlock.com\\\/new-aluminium-alloy-push-and-pull-changeable-hotel-key-card-lock-system\\\/\",\"url\":\"https:\\\/\\\/yonannlock.com\\\/new-aluminium-alloy-push-and-pull-changeable-hotel-key-card-lock-system\\\/\",\"name\":\"New Aluminium Alloy Push and Pull Changeable Hotel Key Card Lock System\",\"isPartOf\":{\"@id\":\"https:\\\/\\\/yonannlock.com\\\/vi\\\/#website\"},\"datePublished\":\"2022-01-13T09:43:23+00:00\",\"dateModified\":\"2025-05-22T09:41:56+00:00\",\"description\":\"This is our hot sale pull and push handle hotel door lock system , 10 years professional supplier offer you stable hotel door lock system.\",\"breadcrumb\":{\"@id\":\"https:\\\/\\\/yonannlock.com\\\/new-aluminium-alloy-push-and-pull-changeable-hotel-key-card-lock-system\\\/#breadcrumb\"},\"inLanguage\":\"vi\",\"potentialAction\":[{\"@type\":\"ReadAction\",\"target\":[\"https:\\\/\\\/yonannlock.com\\\/new-aluminium-alloy-push-and-pull-changeable-hotel-key-card-lock-system\\\/\"]}]},{\"@type\":\"BreadcrumbList\",\"@id\":\"https:\\\/\\\/yonannlock.com\\\/new-aluminium-alloy-push-and-pull-changeable-hotel-key-card-lock-system\\\/#breadcrumb\",\"itemListElement\":[{\"@type\":\"ListItem\",\"position\":1,\"name\":\"Home\",\"item\":\"https:\\\/\\\/yonannlock.com\\\/vi\\\/\"},{\"@type\":\"ListItem\",\"position\":2,\"name\":\"New Aluminium Alloy Push and Pull Changeable Hotel Key Card Lock System\"}]},{\"@type\":\"WebSite\",\"@id\":\"https:\\\/\\\/yonannlock.com\\\/vi\\\/#website\",\"url\":\"https:\\\/\\\/yonannlock.com\\\/vi\\\/\",\"name\":\"Smart Lock Manufacturer And Supplier in China\",\"description\":\"\",\"publisher\":{\"@id\":\"https:\\\/\\\/yonannlock.com\\\/vi\\\/#organization\"},\"potentialAction\":[{\"@type\":\"SearchAction\",\"target\":{\"@type\":\"EntryPoint\",\"urlTemplate\":\"https:\\\/\\\/yonannlock.com\\\/vi\\\/?s={search_term_string}\"},\"query-input\":{\"@type\":\"PropertyValueSpecification\",\"valueRequired\":true,\"valueName\":\"search_term_string\"}}],\"inLanguage\":\"vi\"},{\"@type\":\"Organization\",\"@id\":\"https:\\\/\\\/yonannlock.com\\\/vi\\\/#organization\",\"name\":\"Smart Lock Manufacturer And Supplier in China\",\"url\":\"https:\\\/\\\/yonannlock.com\\\/vi\\\/\",\"logo\":{\"@type\":\"ImageObject\",\"inLanguage\":\"vi\",\"@id\":\"https:\\\/\\\/yonannlock.com\\\/vi\\\/#\\\/schema\\\/logo\\\/image\\\/\",\"url\":\"https:\\\/\\\/yonannlock.com\\\/wp-content\\\/uploads\\\/2026\\\/03\\\/cropped-LOGO-1.png\",\"contentUrl\":\"https:\\\/\\\/yonannlock.com\\\/wp-content\\\/uploads\\\/2026\\\/03\\\/cropped-LOGO-1.png\",\"width\":482,\"height\":167,\"caption\":\"Smart Lock Manufacturer And Supplier in China\"},\"image\":{\"@id\":\"https:\\\/\\\/yonannlock.com\\\/vi\\\/#\\\/schema\\\/logo\\\/image\\\/\"}}]}<\/script>\n<!-- \/ Yoast SEO plugin. -->","yoast_head_json":{"title":"H\u1ec7 th\u1ed1ng kh\u00f3a th\u1ebb ch\u00eca kh\u00f3a kh\u00e1ch s\u1ea1n b\u1eb1ng h\u1ee3p kim nh\u00f4m m\u1edbi c\u00f3 th\u1ec3 thay \u0111\u1ed5i b\u1eb1ng c\u00e1ch \u0111\u1ea9y v\u00e0 k\u00e9o","description":"\u0110\u00e2y l\u00e0 h\u1ec7 th\u1ed1ng kh\u00f3a c\u1eeda kh\u00e1ch s\u1ea1n c\u00f3 tay n\u1eafm k\u00e9o v\u00e0 \u0111\u1ea9y b\u00e1n ch\u1ea1y c\u1ee7a ch\u00fang t\u00f4i, nh\u00e0 cung c\u1ea5p chuy\u00ean nghi\u1ec7p 10 n\u0103m cung c\u1ea5p cho b\u1ea1n h\u1ec7 th\u1ed1ng kh\u00f3a c\u1eeda kh\u00e1ch s\u1ea1n \u1ed5n \u0111\u1ecbnh.","robots":{"index":"index","follow":"follow","max-snippet":"max-snippet:-1","max-image-preview":"max-image-preview:large","max-video-preview":"max-video-preview:-1"},"canonical":"https:\/\/yonannlock.com\/vi\/he-thong-khoa-the-chia-khoa-khach-san-bang-hop-kim-nhom-moi-co-the-thay-doi-bang-cach-day-va-keo\/","og_locale":"vi_VN","og_type":"article","og_title":"New Aluminium Alloy Push and Pull Changeable Hotel Key Card Lock System","og_description":"This is our hot sale pull and push handle hotel door lock system , 10 years professional supplier offer you stable hotel door lock system.","og_url":"https:\/\/yonannlock.com\/vi\/he-thong-khoa-the-chia-khoa-khach-san-bang-hop-kim-nhom-moi-co-the-thay-doi-bang-cach-day-va-keo\/","og_site_name":"Smart Lock Manufacturer And Supplier in China","article_modified_time":"2025-05-22T09:41:56+00:00","twitter_card":"summary_large_image","schema":{"@context":"https:\/\/schema.org","@graph":[{"@type":"WebPage","@id":"https:\/\/yonannlock.com\/new-aluminium-alloy-push-and-pull-changeable-hotel-key-card-lock-system\/","url":"https:\/\/yonannlock.com\/new-aluminium-alloy-push-and-pull-changeable-hotel-key-card-lock-system\/","name":"H\u1ec7 th\u1ed1ng kh\u00f3a th\u1ebb ch\u00eca kh\u00f3a kh\u00e1ch s\u1ea1n b\u1eb1ng h\u1ee3p kim nh\u00f4m m\u1edbi c\u00f3 th\u1ec3 thay \u0111\u1ed5i b\u1eb1ng c\u00e1ch \u0111\u1ea9y v\u00e0 k\u00e9o","isPartOf":{"@id":"https:\/\/yonannlock.com\/vi\/#website"},"datePublished":"2022-01-13T09:43:23+00:00","dateModified":"2025-05-22T09:41:56+00:00","description":"\u0110\u00e2y l\u00e0 h\u1ec7 th\u1ed1ng kh\u00f3a c\u1eeda kh\u00e1ch s\u1ea1n c\u00f3 tay n\u1eafm k\u00e9o v\u00e0 \u0111\u1ea9y b\u00e1n ch\u1ea1y c\u1ee7a ch\u00fang t\u00f4i, nh\u00e0 cung c\u1ea5p chuy\u00ean nghi\u1ec7p 10 n\u0103m cung c\u1ea5p cho b\u1ea1n h\u1ec7 th\u1ed1ng kh\u00f3a c\u1eeda kh\u00e1ch s\u1ea1n \u1ed5n \u0111\u1ecbnh.","breadcrumb":{"@id":"https:\/\/yonannlock.com\/new-aluminium-alloy-push-and-pull-changeable-hotel-key-card-lock-system\/#breadcrumb"},"inLanguage":"vi","potentialAction":[{"@type":"ReadAction","target":["https:\/\/yonannlock.com\/new-aluminium-alloy-push-and-pull-changeable-hotel-key-card-lock-system\/"]}]},{"@type":"BreadcrumbList","@id":"https:\/\/yonannlock.com\/new-aluminium-alloy-push-and-pull-changeable-hotel-key-card-lock-system\/#breadcrumb","itemListElement":[{"@type":"ListItem","position":1,"name":"Home","item":"https:\/\/yonannlock.com\/vi\/"},{"@type":"ListItem","position":2,"name":"New Aluminium Alloy Push and Pull Changeable Hotel Key Card Lock System"}]},{"@type":"WebSite","@id":"https:\/\/yonannlock.com\/vi\/#website","url":"https:\/\/yonannlock.com\/vi\/","name":"Nh\u00e0 s\u1ea3n xu\u1ea5t v\u00e0 cung c\u1ea5p kh\u00f3a th\u00f4ng minh t\u1ea1i Trung Qu\u1ed1c","description":"","publisher":{"@id":"https:\/\/yonannlock.com\/vi\/#organization"},"potentialAction":[{"@type":"SearchAction","target":{"@type":"EntryPoint","urlTemplate":"https:\/\/yonannlock.com\/vi\/?s={search_term_string}"},"query-input":{"@type":"PropertyValueSpecification","valueRequired":true,"valueName":"search_term_string"}}],"inLanguage":"vi"},{"@type":"Organization","@id":"https:\/\/yonannlock.com\/vi\/#organization","name":"Nh\u00e0 s\u1ea3n xu\u1ea5t v\u00e0 cung c\u1ea5p kh\u00f3a th\u00f4ng minh t\u1ea1i Trung Qu\u1ed1c","url":"https:\/\/yonannlock.com\/vi\/","logo":{"@type":"ImageObject","inLanguage":"vi","@id":"https:\/\/yonannlock.com\/vi\/#\/schema\/logo\/image\/","url":"https:\/\/yonannlock.com\/wp-content\/uploads\/2026\/03\/cropped-LOGO-1.png","contentUrl":"https:\/\/yonannlock.com\/wp-content\/uploads\/2026\/03\/cropped-LOGO-1.png","width":482,"height":167,"caption":"Smart Lock Manufacturer And Supplier in China"},"image":{"@id":"https:\/\/yonannlock.com\/vi\/#\/schema\/logo\/image\/"}}]}},"_links":{"self":[{"href":"https:\/\/yonannlock.com\/vi\/wp-json\/wp\/v2\/pages\/4108","targetHints":{"allow":["GET"]}}],"collection":[{"href":"https:\/\/yonannlock.com\/vi\/wp-json\/wp\/v2\/pages"}],"about":[{"href":"https:\/\/yonannlock.com\/vi\/wp-json\/wp\/v2\/types\/page"}],"author":[{"embeddable":true,"href":"https:\/\/yonannlock.com\/vi\/wp-json\/wp\/v2\/users\/1"}],"replies":[{"embeddable":true,"href":"https:\/\/yonannlock.com\/vi\/wp-json\/wp\/v2\/comments?post=4108"}],"version-history":[{"count":9,"href":"https:\/\/yonannlock.com\/vi\/wp-json\/wp\/v2\/pages\/4108\/revisions"}],"predecessor-version":[{"id":8858,"href":"https:\/\/yonannlock.com\/vi\/wp-json\/wp\/v2\/pages\/4108\/revisions\/8858"}],"wp:attachment":[{"href":"https:\/\/yonannlock.com\/vi\/wp-json\/wp\/v2\/media?parent=4108"}],"curies":[{"name":"wp","href":"https:\/\/api.w.org\/{rel}","templated":true}]}}