{"id":3136,"date":"2021-11-05T01:22:27","date_gmt":"2021-11-05T01:22:27","guid":{"rendered":"http:\/\/yonann.leizi.xyz\/?page_id=3136"},"modified":"2025-10-09T17:05:03","modified_gmt":"2025-10-09T17:05:03","slug":"online-hotel-lock-manufacturer-and-supplier-in-china","status":"publish","type":"page","link":"https:\/\/yonannlock.com\/vi\/online-hotel-card-lock-system\/","title":{"rendered":"H\u1ec7 th\u1ed1ng kh\u00f3a th\u1ebb kh\u00e1ch s\u1ea1n tr\u1ef1c tuy\u1ebfn"},"content":{"rendered":"<!-- AddThis Advanced Settings generic via filter on the_content --><!-- AddThis Share Buttons generic via filter on the_content -->","protected":false},"excerpt":{"rendered":"<p><!-- AddThis Advanced Settings generic via filter on get_the_excerpt --><!-- AddThis Share Buttons generic via filter on get_the_excerpt --><\/p>","protected":false},"author":1,"featured_media":2704,"parent":0,"menu_order":0,"comment_status":"closed","ping_status":"closed","template":"product-category3.php","meta":{"_acf_changed":false,"site-sidebar-layout":"no-sidebar","site-content-layout":"page-builder","ast-site-content-layout":"full-width-container","site-content-style":"unboxed","site-sidebar-style":"unboxed","ast-global-header-display":"","ast-banner-title-visibility":"","ast-main-header-display":"","ast-hfb-above-header-display":"","ast-hfb-below-header-display":"","ast-hfb-mobile-header-display":"","site-post-title":"disabled","ast-breadcrumbs-content":"disabled","ast-featured-img":"","footer-sml-layout":"","ast-disable-related-posts":"","theme-transparent-header-meta":"default","adv-header-id-meta":"","stick-header-meta":"default","header-above-stick-meta":"","header-main-stick-meta":"","header-below-stick-meta":"","astra-migrate-meta-layouts":"set","ast-page-background-enabled":"default","ast-page-background-meta":{"desktop":{"background-color":"","background-image":"","background-repeat":"repeat","background-position":"center center","background-size":"auto","background-attachment":"scroll","background-type":"","background-media":"","overlay-type":"","overlay-color":"","overlay-opacity":"","overlay-gradient":""},"tablet":{"background-color":"","background-image":"","background-repeat":"repeat","background-position":"center center","background-size":"auto","background-attachment":"scroll","background-type":"","background-media":"","overlay-type":"","overlay-color":"","overlay-opacity":"","overlay-gradient":""},"mobile":{"background-color":"","background-image":"","background-repeat":"repeat","background-position":"center center","background-size":"auto","background-attachment":"scroll","background-type":"","background-media":"","overlay-type":"","overlay-color":"","overlay-opacity":"","overlay-gradient":""}},"ast-content-background-meta":{"desktop":{"background-color":"var(--ast-global-color-5)","background-image":"","background-repeat":"repeat","background-position":"center center","background-size":"auto","background-attachment":"scroll","background-type":"","background-media":"","overlay-type":"","overlay-color":"","overlay-opacity":"","overlay-gradient":""},"tablet":{"background-color":"var(--ast-global-color-5)","background-image":"","background-repeat":"repeat","background-position":"center center","background-size":"auto","background-attachment":"scroll","background-type":"","background-media":"","overlay-type":"","overlay-color":"","overlay-opacity":"","overlay-gradient":""},"mobile":{"background-color":"var(--ast-global-color-5)","background-image":"","background-repeat":"repeat","background-position":"center center","background-size":"auto","background-attachment":"scroll","background-type":"","background-media":"","overlay-type":"","overlay-color":"","overlay-opacity":"","overlay-gradient":""}},"footnotes":""},"class_list":["post-3136","page","type-page","status-publish","has-post-thumbnail","hentry"],"acf":[],"yoast_head":"<!-- This site is optimized with the Yoast SEO plugin v27.3 - https:\/\/yoast.com\/product\/yoast-seo-wordpress\/ -->\n<title>Online Hotel Lock Manufacturer and Supplier in China !<\/title>\n<meta name=\"description\" content=\"Online Hotel Lock allow check data online, check hotel device, living status and ekey on app side ,easy to operate.\" \/>\n<meta name=\"robots\" content=\"index, follow, max-snippet:-1, max-image-preview:large, max-video-preview:-1\" \/>\n<link rel=\"canonical\" href=\"https:\/\/yonannlock.com\/vi\/he-thong-khoa-the-khach-san-truc-tuyen\/\" \/>\n<meta property=\"og:locale\" content=\"vi_VN\" \/>\n<meta property=\"og:type\" content=\"article\" \/>\n<meta property=\"og:title\" content=\"Online Hotel Lock Manufacturer and Supplier in China !\" \/>\n<meta property=\"og:description\" content=\"Online Hotel Lock allow check data online, check hotel device, living status and ekey on app side ,easy to operate.\" \/>\n<meta property=\"og:url\" content=\"https:\/\/yonannlock.com\/vi\/he-thong-khoa-the-khach-san-truc-tuyen\/\" \/>\n<meta property=\"og:site_name\" content=\"Smart Lock Manufacturer And Supplier in China\" \/>\n<meta property=\"article:modified_time\" content=\"2025-10-09T17:05:03+00:00\" \/>\n<meta property=\"og:image\" content=\"https:\/\/yonannlock.com\/wp-content\/uploads\/2021\/10\/Custom-Made-Print-LOGO-and-Number-Wristband-Key-1.jpg\" \/>\n\t<meta property=\"og:image:width\" content=\"362\" \/>\n\t<meta property=\"og:image:height\" content=\"262\" \/>\n\t<meta property=\"og:image:type\" content=\"image\/jpeg\" \/>\n<meta name=\"twitter:card\" content=\"summary_large_image\" \/>\n<meta name=\"twitter:label1\" content=\"\u01af\u1edbc t\u00ednh th\u1eddi gian \u0111\u1ecdc\" \/>\n\t<meta name=\"twitter:data1\" content=\"1 ph\u00fat\" \/>\n<script type=\"application\/ld+json\" class=\"yoast-schema-graph\">{\"@context\":\"https:\\\/\\\/schema.org\",\"@graph\":[{\"@type\":\"WebPage\",\"@id\":\"https:\\\/\\\/yonannlock.com\\\/online-hotel-card-lock-system\\\/\",\"url\":\"https:\\\/\\\/yonannlock.com\\\/online-hotel-card-lock-system\\\/\",\"name\":\"Online Hotel Lock Manufacturer and Supplier in China !\",\"isPartOf\":{\"@id\":\"https:\\\/\\\/yonannlock.com\\\/vi\\\/#website\"},\"primaryImageOfPage\":{\"@id\":\"https:\\\/\\\/yonannlock.com\\\/online-hotel-card-lock-system\\\/#primaryimage\"},\"image\":{\"@id\":\"https:\\\/\\\/yonannlock.com\\\/online-hotel-card-lock-system\\\/#primaryimage\"},\"thumbnailUrl\":\"https:\\\/\\\/yonannlock.com\\\/wp-content\\\/uploads\\\/2021\\\/10\\\/Custom-Made-Print-LOGO-and-Number-Wristband-Key-1.jpg\",\"datePublished\":\"2021-11-05T01:22:27+00:00\",\"dateModified\":\"2025-10-09T17:05:03+00:00\",\"description\":\"Online Hotel Lock allow check data online, check hotel device, living status and ekey on app side ,easy to operate.\",\"breadcrumb\":{\"@id\":\"https:\\\/\\\/yonannlock.com\\\/online-hotel-card-lock-system\\\/#breadcrumb\"},\"inLanguage\":\"vi\",\"potentialAction\":[{\"@type\":\"ReadAction\",\"target\":[\"https:\\\/\\\/yonannlock.com\\\/online-hotel-card-lock-system\\\/\"]}]},{\"@type\":\"ImageObject\",\"inLanguage\":\"vi\",\"@id\":\"https:\\\/\\\/yonannlock.com\\\/online-hotel-card-lock-system\\\/#primaryimage\",\"url\":\"https:\\\/\\\/yonannlock.com\\\/wp-content\\\/uploads\\\/2021\\\/10\\\/Custom-Made-Print-LOGO-and-Number-Wristband-Key-1.jpg\",\"contentUrl\":\"https:\\\/\\\/yonannlock.com\\\/wp-content\\\/uploads\\\/2021\\\/10\\\/Custom-Made-Print-LOGO-and-Number-Wristband-Key-1.jpg\",\"width\":362,\"height\":262,\"caption\":\"S4 wristband key , different colors, can print LOGO and Numbers on it, silica materail\"},{\"@type\":\"BreadcrumbList\",\"@id\":\"https:\\\/\\\/yonannlock.com\\\/online-hotel-card-lock-system\\\/#breadcrumb\",\"itemListElement\":[{\"@type\":\"ListItem\",\"position\":1,\"name\":\"Home\",\"item\":\"https:\\\/\\\/yonannlock.com\\\/vi\\\/\"},{\"@type\":\"ListItem\",\"position\":2,\"name\":\"Online Hotel Card Lock System\"}]},{\"@type\":\"WebSite\",\"@id\":\"https:\\\/\\\/yonannlock.com\\\/vi\\\/#website\",\"url\":\"https:\\\/\\\/yonannlock.com\\\/vi\\\/\",\"name\":\"Smart Lock Manufacturer And Supplier in China\",\"description\":\"\",\"publisher\":{\"@id\":\"https:\\\/\\\/yonannlock.com\\\/vi\\\/#organization\"},\"potentialAction\":[{\"@type\":\"SearchAction\",\"target\":{\"@type\":\"EntryPoint\",\"urlTemplate\":\"https:\\\/\\\/yonannlock.com\\\/vi\\\/?s={search_term_string}\"},\"query-input\":{\"@type\":\"PropertyValueSpecification\",\"valueRequired\":true,\"valueName\":\"search_term_string\"}}],\"inLanguage\":\"vi\"},{\"@type\":\"Organization\",\"@id\":\"https:\\\/\\\/yonannlock.com\\\/vi\\\/#organization\",\"name\":\"Smart Lock Manufacturer And Supplier in China\",\"url\":\"https:\\\/\\\/yonannlock.com\\\/vi\\\/\",\"logo\":{\"@type\":\"ImageObject\",\"inLanguage\":\"vi\",\"@id\":\"https:\\\/\\\/yonannlock.com\\\/vi\\\/#\\\/schema\\\/logo\\\/image\\\/\",\"url\":\"https:\\\/\\\/yonannlock.com\\\/wp-content\\\/uploads\\\/2026\\\/03\\\/cropped-LOGO-1.png\",\"contentUrl\":\"https:\\\/\\\/yonannlock.com\\\/wp-content\\\/uploads\\\/2026\\\/03\\\/cropped-LOGO-1.png\",\"width\":482,\"height\":167,\"caption\":\"Smart Lock Manufacturer And Supplier in China\"},\"image\":{\"@id\":\"https:\\\/\\\/yonannlock.com\\\/vi\\\/#\\\/schema\\\/logo\\\/image\\\/\"}}]}<\/script>\n<!-- \/ Yoast SEO plugin. -->","yoast_head_json":{"title":"Nh\u00e0 s\u1ea3n xu\u1ea5t v\u00e0 cung c\u1ea5p kh\u00f3a kh\u00e1ch s\u1ea1n tr\u1ef1c tuy\u1ebfn t\u1ea1i Trung Qu\u1ed1c!","description":"Kh\u00f3a kh\u00e1ch s\u1ea1n tr\u1ef1c tuy\u1ebfn cho ph\u00e9p ki\u1ec3m tra d\u1eef li\u1ec7u tr\u1ef1c tuy\u1ebfn, ki\u1ec3m tra thi\u1ebft b\u1ecb kh\u00e1ch s\u1ea1n, t\u00ecnh tr\u1ea1ng ph\u00f2ng v\u00e0 ekey tr\u00ean \u1ee9ng d\u1ee5ng, d\u1ec5 v\u1eadn h\u00e0nh.","robots":{"index":"index","follow":"follow","max-snippet":"max-snippet:-1","max-image-preview":"max-image-preview:large","max-video-preview":"max-video-preview:-1"},"canonical":"https:\/\/yonannlock.com\/vi\/he-thong-khoa-the-khach-san-truc-tuyen\/","og_locale":"vi_VN","og_type":"article","og_title":"Online Hotel Lock Manufacturer and Supplier in China !","og_description":"Online Hotel Lock allow check data online, check hotel device, living status and ekey on app side ,easy to operate.","og_url":"https:\/\/yonannlock.com\/vi\/he-thong-khoa-the-khach-san-truc-tuyen\/","og_site_name":"Smart Lock Manufacturer And Supplier in China","article_modified_time":"2025-10-09T17:05:03+00:00","og_image":[{"width":362,"height":262,"url":"https:\/\/yonannlock.com\/wp-content\/uploads\/2021\/10\/Custom-Made-Print-LOGO-and-Number-Wristband-Key-1.jpg","type":"image\/jpeg"}],"twitter_card":"summary_large_image","twitter_misc":{"\u01af\u1edbc t\u00ednh th\u1eddi gian \u0111\u1ecdc":"1 ph\u00fat"},"schema":{"@context":"https:\/\/schema.org","@graph":[{"@type":"WebPage","@id":"https:\/\/yonannlock.com\/online-hotel-card-lock-system\/","url":"https:\/\/yonannlock.com\/online-hotel-card-lock-system\/","name":"Nh\u00e0 s\u1ea3n xu\u1ea5t v\u00e0 cung c\u1ea5p kh\u00f3a kh\u00e1ch s\u1ea1n tr\u1ef1c tuy\u1ebfn t\u1ea1i Trung Qu\u1ed1c!","isPartOf":{"@id":"https:\/\/yonannlock.com\/vi\/#website"},"primaryImageOfPage":{"@id":"https:\/\/yonannlock.com\/online-hotel-card-lock-system\/#primaryimage"},"image":{"@id":"https:\/\/yonannlock.com\/online-hotel-card-lock-system\/#primaryimage"},"thumbnailUrl":"https:\/\/yonannlock.com\/wp-content\/uploads\/2021\/10\/Custom-Made-Print-LOGO-and-Number-Wristband-Key-1.jpg","datePublished":"2021-11-05T01:22:27+00:00","dateModified":"2025-10-09T17:05:03+00:00","description":"Kh\u00f3a kh\u00e1ch s\u1ea1n tr\u1ef1c tuy\u1ebfn cho ph\u00e9p ki\u1ec3m tra d\u1eef li\u1ec7u tr\u1ef1c tuy\u1ebfn, ki\u1ec3m tra thi\u1ebft b\u1ecb kh\u00e1ch s\u1ea1n, t\u00ecnh tr\u1ea1ng ph\u00f2ng v\u00e0 ekey tr\u00ean \u1ee9ng d\u1ee5ng, d\u1ec5 v\u1eadn h\u00e0nh.","breadcrumb":{"@id":"https:\/\/yonannlock.com\/online-hotel-card-lock-system\/#breadcrumb"},"inLanguage":"vi","potentialAction":[{"@type":"ReadAction","target":["https:\/\/yonannlock.com\/online-hotel-card-lock-system\/"]}]},{"@type":"ImageObject","inLanguage":"vi","@id":"https:\/\/yonannlock.com\/online-hotel-card-lock-system\/#primaryimage","url":"https:\/\/yonannlock.com\/wp-content\/uploads\/2021\/10\/Custom-Made-Print-LOGO-and-Number-Wristband-Key-1.jpg","contentUrl":"https:\/\/yonannlock.com\/wp-content\/uploads\/2021\/10\/Custom-Made-Print-LOGO-and-Number-Wristband-Key-1.jpg","width":362,"height":262,"caption":"S4 wristband key , different colors, can print LOGO and Numbers on it, silica materail"},{"@type":"BreadcrumbList","@id":"https:\/\/yonannlock.com\/online-hotel-card-lock-system\/#breadcrumb","itemListElement":[{"@type":"ListItem","position":1,"name":"Home","item":"https:\/\/yonannlock.com\/vi\/"},{"@type":"ListItem","position":2,"name":"Online Hotel Card Lock System"}]},{"@type":"WebSite","@id":"https:\/\/yonannlock.com\/vi\/#website","url":"https:\/\/yonannlock.com\/vi\/","name":"Nh\u00e0 s\u1ea3n xu\u1ea5t v\u00e0 cung c\u1ea5p kh\u00f3a th\u00f4ng minh t\u1ea1i Trung Qu\u1ed1c","description":"","publisher":{"@id":"https:\/\/yonannlock.com\/vi\/#organization"},"potentialAction":[{"@type":"SearchAction","target":{"@type":"EntryPoint","urlTemplate":"https:\/\/yonannlock.com\/vi\/?s={search_term_string}"},"query-input":{"@type":"PropertyValueSpecification","valueRequired":true,"valueName":"search_term_string"}}],"inLanguage":"vi"},{"@type":"Organization","@id":"https:\/\/yonannlock.com\/vi\/#organization","name":"Nh\u00e0 s\u1ea3n xu\u1ea5t v\u00e0 cung c\u1ea5p kh\u00f3a th\u00f4ng minh t\u1ea1i Trung Qu\u1ed1c","url":"https:\/\/yonannlock.com\/vi\/","logo":{"@type":"ImageObject","inLanguage":"vi","@id":"https:\/\/yonannlock.com\/vi\/#\/schema\/logo\/image\/","url":"https:\/\/yonannlock.com\/wp-content\/uploads\/2026\/03\/cropped-LOGO-1.png","contentUrl":"https:\/\/yonannlock.com\/wp-content\/uploads\/2026\/03\/cropped-LOGO-1.png","width":482,"height":167,"caption":"Smart Lock Manufacturer And Supplier in China"},"image":{"@id":"https:\/\/yonannlock.com\/vi\/#\/schema\/logo\/image\/"}}]}},"_links":{"self":[{"href":"https:\/\/yonannlock.com\/vi\/wp-json\/wp\/v2\/pages\/3136","targetHints":{"allow":["GET"]}}],"collection":[{"href":"https:\/\/yonannlock.com\/vi\/wp-json\/wp\/v2\/pages"}],"about":[{"href":"https:\/\/yonannlock.com\/vi\/wp-json\/wp\/v2\/types\/page"}],"author":[{"embeddable":true,"href":"https:\/\/yonannlock.com\/vi\/wp-json\/wp\/v2\/users\/1"}],"replies":[{"embeddable":true,"href":"https:\/\/yonannlock.com\/vi\/wp-json\/wp\/v2\/comments?post=3136"}],"version-history":[{"count":49,"href":"https:\/\/yonannlock.com\/vi\/wp-json\/wp\/v2\/pages\/3136\/revisions"}],"predecessor-version":[{"id":9432,"href":"https:\/\/yonannlock.com\/vi\/wp-json\/wp\/v2\/pages\/3136\/revisions\/9432"}],"wp:featuredmedia":[{"embeddable":true,"href":"https:\/\/yonannlock.com\/vi\/wp-json\/wp\/v2\/media\/2704"}],"wp:attachment":[{"href":"https:\/\/yonannlock.com\/vi\/wp-json\/wp\/v2\/media?parent=3136"}],"curies":[{"name":"wp","href":"https:\/\/api.w.org\/{rel}","templated":true}]}}