{"id":2975,"date":"2021-10-30T07:45:34","date_gmt":"2021-10-30T07:45:34","guid":{"rendered":"https:\/\/yonann.leizi.xyz\/?page_id=2975"},"modified":"2022-04-28T09:35:02","modified_gmt":"2022-04-28T09:35:02","slug":"professional-glass-door-smart-lock-supplier-and-manufacturer-in-china","status":"publish","type":"page","link":"https:\/\/yonannlock.com\/vi\/glass-door-smart-lock\/","title":{"rendered":"Kh\u00f3a th\u00f4ng minh c\u1eeda k\u00ednh"},"content":{"rendered":"<!-- AddThis Advanced Settings generic via filter on the_content --><!-- AddThis Share Buttons generic via filter on the_content -->","protected":false},"excerpt":{"rendered":"<p><!-- AddThis Advanced Settings generic via filter on get_the_excerpt --><!-- AddThis Share Buttons generic via filter on get_the_excerpt --><\/p>","protected":false},"author":1,"featured_media":0,"parent":0,"menu_order":0,"comment_status":"closed","ping_status":"closed","template":"product-category3.php","meta":{"_acf_changed":false,"site-sidebar-layout":"default","site-content-layout":"page-builder","ast-site-content-layout":"default","site-content-style":"default","site-sidebar-style":"default","ast-global-header-display":"","ast-banner-title-visibility":"","ast-main-header-display":"","ast-hfb-above-header-display":"","ast-hfb-below-header-display":"","ast-hfb-mobile-header-display":"","site-post-title":"","ast-breadcrumbs-content":"disabled","ast-featured-img":"","footer-sml-layout":"","ast-disable-related-posts":"","theme-transparent-header-meta":"default","adv-header-id-meta":"","stick-header-meta":"default","header-above-stick-meta":"","header-main-stick-meta":"","header-below-stick-meta":"","astra-migrate-meta-layouts":"default","ast-page-background-enabled":"default","ast-page-background-meta":{"desktop":{"background-color":"","background-image":"","background-repeat":"repeat","background-position":"center center","background-size":"auto","background-attachment":"scroll","background-type":"","background-media":"","overlay-type":"","overlay-color":"","overlay-opacity":"","overlay-gradient":""},"tablet":{"background-color":"","background-image":"","background-repeat":"repeat","background-position":"center center","background-size":"auto","background-attachment":"scroll","background-type":"","background-media":"","overlay-type":"","overlay-color":"","overlay-opacity":"","overlay-gradient":""},"mobile":{"background-color":"","background-image":"","background-repeat":"repeat","background-position":"center center","background-size":"auto","background-attachment":"scroll","background-type":"","background-media":"","overlay-type":"","overlay-color":"","overlay-opacity":"","overlay-gradient":""}},"ast-content-background-meta":{"desktop":{"background-color":"var(--ast-global-color-5)","background-image":"","background-repeat":"repeat","background-position":"center center","background-size":"auto","background-attachment":"scroll","background-type":"","background-media":"","overlay-type":"","overlay-color":"","overlay-opacity":"","overlay-gradient":""},"tablet":{"background-color":"var(--ast-global-color-5)","background-image":"","background-repeat":"repeat","background-position":"center center","background-size":"auto","background-attachment":"scroll","background-type":"","background-media":"","overlay-type":"","overlay-color":"","overlay-opacity":"","overlay-gradient":""},"mobile":{"background-color":"var(--ast-global-color-5)","background-image":"","background-repeat":"repeat","background-position":"center center","background-size":"auto","background-attachment":"scroll","background-type":"","background-media":"","overlay-type":"","overlay-color":"","overlay-opacity":"","overlay-gradient":""}},"footnotes":""},"class_list":["post-2975","page","type-page","status-publish","hentry"],"acf":[],"yoast_head":"<!-- This site is optimized with the Yoast SEO plugin v27.3 - https:\/\/yoast.com\/product\/yoast-seo-wordpress\/ -->\n<title>Professional Glass Door Smart Lock Supplier and Manufacturer in China.<\/title>\n<meta name=\"description\" content=\"YonAnn Glass Door Smart Lock can use fingerprints, smart cards, and passwords and bluetooth ,be widely use for modern office buildings.\" \/>\n<meta name=\"robots\" content=\"index, follow, max-snippet:-1, max-image-preview:large, max-video-preview:-1\" \/>\n<link rel=\"canonical\" href=\"https:\/\/yonannlock.com\/vi\/khoa-thong-minh-cua-kinh\/\" \/>\n<meta property=\"og:locale\" content=\"vi_VN\" \/>\n<meta property=\"og:type\" content=\"article\" \/>\n<meta property=\"og:title\" content=\"Professional Glass Door Smart Lock Supplier and Manufacturer in China.\" \/>\n<meta property=\"og:description\" content=\"YonAnn Glass Door Smart Lock can use fingerprints, smart cards, and passwords and bluetooth ,be widely use for modern office buildings.\" \/>\n<meta property=\"og:url\" content=\"https:\/\/yonannlock.com\/vi\/khoa-thong-minh-cua-kinh\/\" \/>\n<meta property=\"og:site_name\" content=\"Smart Lock Manufacturer And Supplier in China\" \/>\n<meta property=\"article:modified_time\" content=\"2022-04-28T09:35:02+00:00\" \/>\n<meta name=\"twitter:card\" content=\"summary_large_image\" \/>\n<script type=\"application\/ld+json\" class=\"yoast-schema-graph\">{\"@context\":\"https:\\\/\\\/schema.org\",\"@graph\":[{\"@type\":\"WebPage\",\"@id\":\"https:\\\/\\\/yonannlock.com\\\/glass-door-smart-lock\\\/\",\"url\":\"https:\\\/\\\/yonannlock.com\\\/glass-door-smart-lock\\\/\",\"name\":\"Professional Glass Door Smart Lock Supplier and Manufacturer in China.\",\"isPartOf\":{\"@id\":\"https:\\\/\\\/yonannlock.com\\\/vi\\\/#website\"},\"datePublished\":\"2021-10-30T07:45:34+00:00\",\"dateModified\":\"2022-04-28T09:35:02+00:00\",\"description\":\"YonAnn Glass Door Smart Lock can use fingerprints, smart cards, and passwords and bluetooth ,be widely use for modern office buildings.\",\"breadcrumb\":{\"@id\":\"https:\\\/\\\/yonannlock.com\\\/glass-door-smart-lock\\\/#breadcrumb\"},\"inLanguage\":\"vi\",\"potentialAction\":[{\"@type\":\"ReadAction\",\"target\":[\"https:\\\/\\\/yonannlock.com\\\/glass-door-smart-lock\\\/\"]}]},{\"@type\":\"BreadcrumbList\",\"@id\":\"https:\\\/\\\/yonannlock.com\\\/glass-door-smart-lock\\\/#breadcrumb\",\"itemListElement\":[{\"@type\":\"ListItem\",\"position\":1,\"name\":\"Home\",\"item\":\"https:\\\/\\\/yonannlock.com\\\/vi\\\/\"},{\"@type\":\"ListItem\",\"position\":2,\"name\":\"Glass Door Smart Lock\"}]},{\"@type\":\"WebSite\",\"@id\":\"https:\\\/\\\/yonannlock.com\\\/vi\\\/#website\",\"url\":\"https:\\\/\\\/yonannlock.com\\\/vi\\\/\",\"name\":\"Smart Lock Manufacturer And Supplier in China\",\"description\":\"\",\"publisher\":{\"@id\":\"https:\\\/\\\/yonannlock.com\\\/vi\\\/#organization\"},\"potentialAction\":[{\"@type\":\"SearchAction\",\"target\":{\"@type\":\"EntryPoint\",\"urlTemplate\":\"https:\\\/\\\/yonannlock.com\\\/vi\\\/?s={search_term_string}\"},\"query-input\":{\"@type\":\"PropertyValueSpecification\",\"valueRequired\":true,\"valueName\":\"search_term_string\"}}],\"inLanguage\":\"vi\"},{\"@type\":\"Organization\",\"@id\":\"https:\\\/\\\/yonannlock.com\\\/vi\\\/#organization\",\"name\":\"Smart Lock Manufacturer And Supplier in China\",\"url\":\"https:\\\/\\\/yonannlock.com\\\/vi\\\/\",\"logo\":{\"@type\":\"ImageObject\",\"inLanguage\":\"vi\",\"@id\":\"https:\\\/\\\/yonannlock.com\\\/vi\\\/#\\\/schema\\\/logo\\\/image\\\/\",\"url\":\"https:\\\/\\\/yonannlock.com\\\/wp-content\\\/uploads\\\/2026\\\/03\\\/cropped-LOGO-1.png\",\"contentUrl\":\"https:\\\/\\\/yonannlock.com\\\/wp-content\\\/uploads\\\/2026\\\/03\\\/cropped-LOGO-1.png\",\"width\":482,\"height\":167,\"caption\":\"Smart Lock Manufacturer And Supplier in China\"},\"image\":{\"@id\":\"https:\\\/\\\/yonannlock.com\\\/vi\\\/#\\\/schema\\\/logo\\\/image\\\/\"}}]}<\/script>\n<!-- \/ Yoast SEO plugin. -->","yoast_head_json":{"title":"Nh\u00e0 cung c\u1ea5p v\u00e0 s\u1ea3n xu\u1ea5t kh\u00f3a th\u00f4ng minh c\u1eeda k\u00ednh chuy\u00ean nghi\u1ec7p t\u1ea1i Trung Qu\u1ed1c.","description":"Kh\u00f3a c\u1eeda th\u00f4ng minh YonAnn Glass Door c\u00f3 th\u1ec3 s\u1eed d\u1ee5ng d\u1ea5u v\u00e2n tay, th\u1ebb th\u00f4ng minh, m\u1eadt kh\u1ea9u v\u00e0 bluetooth, \u0111\u01b0\u1ee3c s\u1eed d\u1ee5ng r\u1ed9ng r\u00e3i trong c\u00e1c t\u00f2a nh\u00e0 v\u0103n ph\u00f2ng hi\u1ec7n \u0111\u1ea1i.","robots":{"index":"index","follow":"follow","max-snippet":"max-snippet:-1","max-image-preview":"max-image-preview:large","max-video-preview":"max-video-preview:-1"},"canonical":"https:\/\/yonannlock.com\/vi\/khoa-thong-minh-cua-kinh\/","og_locale":"vi_VN","og_type":"article","og_title":"Professional Glass Door Smart Lock Supplier and Manufacturer in China.","og_description":"YonAnn Glass Door Smart Lock can use fingerprints, smart cards, and passwords and bluetooth ,be widely use for modern office buildings.","og_url":"https:\/\/yonannlock.com\/vi\/khoa-thong-minh-cua-kinh\/","og_site_name":"Smart Lock Manufacturer And Supplier in China","article_modified_time":"2022-04-28T09:35:02+00:00","twitter_card":"summary_large_image","schema":{"@context":"https:\/\/schema.org","@graph":[{"@type":"WebPage","@id":"https:\/\/yonannlock.com\/glass-door-smart-lock\/","url":"https:\/\/yonannlock.com\/glass-door-smart-lock\/","name":"Nh\u00e0 cung c\u1ea5p v\u00e0 s\u1ea3n xu\u1ea5t kh\u00f3a th\u00f4ng minh c\u1eeda k\u00ednh chuy\u00ean nghi\u1ec7p t\u1ea1i Trung Qu\u1ed1c.","isPartOf":{"@id":"https:\/\/yonannlock.com\/vi\/#website"},"datePublished":"2021-10-30T07:45:34+00:00","dateModified":"2022-04-28T09:35:02+00:00","description":"Kh\u00f3a c\u1eeda th\u00f4ng minh YonAnn Glass Door c\u00f3 th\u1ec3 s\u1eed d\u1ee5ng d\u1ea5u v\u00e2n tay, th\u1ebb th\u00f4ng minh, m\u1eadt kh\u1ea9u v\u00e0 bluetooth, \u0111\u01b0\u1ee3c s\u1eed d\u1ee5ng r\u1ed9ng r\u00e3i trong c\u00e1c t\u00f2a nh\u00e0 v\u0103n ph\u00f2ng hi\u1ec7n \u0111\u1ea1i.","breadcrumb":{"@id":"https:\/\/yonannlock.com\/glass-door-smart-lock\/#breadcrumb"},"inLanguage":"vi","potentialAction":[{"@type":"ReadAction","target":["https:\/\/yonannlock.com\/glass-door-smart-lock\/"]}]},{"@type":"BreadcrumbList","@id":"https:\/\/yonannlock.com\/glass-door-smart-lock\/#breadcrumb","itemListElement":[{"@type":"ListItem","position":1,"name":"Home","item":"https:\/\/yonannlock.com\/vi\/"},{"@type":"ListItem","position":2,"name":"Glass Door Smart Lock"}]},{"@type":"WebSite","@id":"https:\/\/yonannlock.com\/vi\/#website","url":"https:\/\/yonannlock.com\/vi\/","name":"Nh\u00e0 s\u1ea3n xu\u1ea5t v\u00e0 cung c\u1ea5p kh\u00f3a th\u00f4ng minh t\u1ea1i Trung Qu\u1ed1c","description":"","publisher":{"@id":"https:\/\/yonannlock.com\/vi\/#organization"},"potentialAction":[{"@type":"SearchAction","target":{"@type":"EntryPoint","urlTemplate":"https:\/\/yonannlock.com\/vi\/?s={search_term_string}"},"query-input":{"@type":"PropertyValueSpecification","valueRequired":true,"valueName":"search_term_string"}}],"inLanguage":"vi"},{"@type":"Organization","@id":"https:\/\/yonannlock.com\/vi\/#organization","name":"Nh\u00e0 s\u1ea3n xu\u1ea5t v\u00e0 cung c\u1ea5p kh\u00f3a th\u00f4ng minh t\u1ea1i Trung Qu\u1ed1c","url":"https:\/\/yonannlock.com\/vi\/","logo":{"@type":"ImageObject","inLanguage":"vi","@id":"https:\/\/yonannlock.com\/vi\/#\/schema\/logo\/image\/","url":"https:\/\/yonannlock.com\/wp-content\/uploads\/2026\/03\/cropped-LOGO-1.png","contentUrl":"https:\/\/yonannlock.com\/wp-content\/uploads\/2026\/03\/cropped-LOGO-1.png","width":482,"height":167,"caption":"Smart Lock Manufacturer And Supplier in China"},"image":{"@id":"https:\/\/yonannlock.com\/vi\/#\/schema\/logo\/image\/"}}]}},"_links":{"self":[{"href":"https:\/\/yonannlock.com\/vi\/wp-json\/wp\/v2\/pages\/2975","targetHints":{"allow":["GET"]}}],"collection":[{"href":"https:\/\/yonannlock.com\/vi\/wp-json\/wp\/v2\/pages"}],"about":[{"href":"https:\/\/yonannlock.com\/vi\/wp-json\/wp\/v2\/types\/page"}],"author":[{"embeddable":true,"href":"https:\/\/yonannlock.com\/vi\/wp-json\/wp\/v2\/users\/1"}],"replies":[{"embeddable":true,"href":"https:\/\/yonannlock.com\/vi\/wp-json\/wp\/v2\/comments?post=2975"}],"version-history":[{"count":13,"href":"https:\/\/yonannlock.com\/vi\/wp-json\/wp\/v2\/pages\/2975\/revisions"}],"predecessor-version":[{"id":4984,"href":"https:\/\/yonannlock.com\/vi\/wp-json\/wp\/v2\/pages\/2975\/revisions\/4984"}],"wp:attachment":[{"href":"https:\/\/yonannlock.com\/vi\/wp-json\/wp\/v2\/media?parent=2975"}],"curies":[{"name":"wp","href":"https:\/\/api.w.org\/{rel}","templated":true}]}}