{"id":2677,"date":"2021-10-08T03:56:47","date_gmt":"2021-10-08T03:56:47","guid":{"rendered":"http:\/\/yonann.leizi.xyz\/?page_id=2677"},"modified":"2022-05-01T12:42:49","modified_gmt":"2022-05-01T12:42:49","slug":"yonann-lora-wireless-digital-door-lock","status":"publish","type":"page","link":"https:\/\/yonannlock.com\/vi\/lora-wireless-digital-door-lock\/","title":{"rendered":"Kh\u00f3a c\u1eeda k\u1ef9 thu\u1eadt s\u1ed1 kh\u00f4ng d\u00e2y Lora"},"content":{"rendered":"<!-- AddThis Advanced Settings generic via filter on the_content --><!-- AddThis Share Buttons generic via filter on the_content -->","protected":false},"excerpt":{"rendered":"<p><!-- AddThis Advanced Settings generic via filter on get_the_excerpt --><!-- AddThis Share Buttons generic via filter on get_the_excerpt --><\/p>","protected":false},"author":1,"featured_media":0,"parent":0,"menu_order":0,"comment_status":"closed","ping_status":"closed","template":"product-category2.php","meta":{"_acf_changed":false,"site-sidebar-layout":"no-sidebar","site-content-layout":"page-builder","ast-site-content-layout":"default","site-content-style":"default","site-sidebar-style":"default","ast-global-header-display":"","ast-banner-title-visibility":"","ast-main-header-display":"","ast-hfb-above-header-display":"","ast-hfb-below-header-display":"","ast-hfb-mobile-header-display":"","site-post-title":"disabled","ast-breadcrumbs-content":"disabled","ast-featured-img":"","footer-sml-layout":"","ast-disable-related-posts":"","theme-transparent-header-meta":"default","adv-header-id-meta":"","stick-header-meta":"default","header-above-stick-meta":"","header-main-stick-meta":"","header-below-stick-meta":"","astra-migrate-meta-layouts":"default","ast-page-background-enabled":"default","ast-page-background-meta":{"desktop":{"background-color":"","background-image":"","background-repeat":"repeat","background-position":"center center","background-size":"auto","background-attachment":"scroll","background-type":"","background-media":"","overlay-type":"","overlay-color":"","overlay-opacity":"","overlay-gradient":""},"tablet":{"background-color":"","background-image":"","background-repeat":"repeat","background-position":"center center","background-size":"auto","background-attachment":"scroll","background-type":"","background-media":"","overlay-type":"","overlay-color":"","overlay-opacity":"","overlay-gradient":""},"mobile":{"background-color":"","background-image":"","background-repeat":"repeat","background-position":"center center","background-size":"auto","background-attachment":"scroll","background-type":"","background-media":"","overlay-type":"","overlay-color":"","overlay-opacity":"","overlay-gradient":""}},"ast-content-background-meta":{"desktop":{"background-color":"var(--ast-global-color-5)","background-image":"","background-repeat":"repeat","background-position":"center center","background-size":"auto","background-attachment":"scroll","background-type":"","background-media":"","overlay-type":"","overlay-color":"","overlay-opacity":"","overlay-gradient":""},"tablet":{"background-color":"var(--ast-global-color-5)","background-image":"","background-repeat":"repeat","background-position":"center center","background-size":"auto","background-attachment":"scroll","background-type":"","background-media":"","overlay-type":"","overlay-color":"","overlay-opacity":"","overlay-gradient":""},"mobile":{"background-color":"var(--ast-global-color-5)","background-image":"","background-repeat":"repeat","background-position":"center center","background-size":"auto","background-attachment":"scroll","background-type":"","background-media":"","overlay-type":"","overlay-color":"","overlay-opacity":"","overlay-gradient":""}},"footnotes":""},"class_list":["post-2677","page","type-page","status-publish","hentry"],"acf":[],"yoast_head":"<!-- This site is optimized with the Yoast SEO plugin v27.3 - https:\/\/yoast.com\/product\/yoast-seo-wordpress\/ -->\n<title>YonAnn Lora Wireless Digital Door Lock<\/title>\n<meta name=\"description\" content=\"YonAnn Lora Wireless Digital Door Lock work with QRcode, gateway ,IC card, passcode, remote control ,and network card switch can gain power from app control .\" \/>\n<meta name=\"robots\" content=\"index, follow, max-snippet:-1, max-image-preview:large, max-video-preview:-1\" \/>\n<link rel=\"canonical\" href=\"https:\/\/yonannlock.com\/vi\/khoa-cua-ky-thuat-so-khong-day-lora\/\" \/>\n<meta property=\"og:locale\" content=\"vi_VN\" \/>\n<meta property=\"og:type\" content=\"article\" \/>\n<meta property=\"og:title\" content=\"YonAnn Lora Wireless Digital Door Lock\" \/>\n<meta property=\"og:description\" content=\"YonAnn Lora Wireless Digital Door Lock work with QRcode, gateway ,IC card, passcode, remote control ,and network card switch can gain power from app control .\" \/>\n<meta property=\"og:url\" content=\"https:\/\/yonannlock.com\/vi\/khoa-cua-ky-thuat-so-khong-day-lora\/\" \/>\n<meta property=\"og:site_name\" content=\"Smart Lock Manufacturer And Supplier in China\" \/>\n<meta property=\"article:modified_time\" content=\"2022-05-01T12:42:49+00:00\" \/>\n<meta name=\"twitter:card\" content=\"summary_large_image\" \/>\n<script type=\"application\/ld+json\" class=\"yoast-schema-graph\">{\"@context\":\"https:\\\/\\\/schema.org\",\"@graph\":[{\"@type\":\"WebPage\",\"@id\":\"https:\\\/\\\/yonannlock.com\\\/lora-wireless-digital-door-lock\\\/\",\"url\":\"https:\\\/\\\/yonannlock.com\\\/lora-wireless-digital-door-lock\\\/\",\"name\":\"YonAnn Lora Wireless Digital Door Lock\",\"isPartOf\":{\"@id\":\"https:\\\/\\\/yonannlock.com\\\/vi\\\/#website\"},\"datePublished\":\"2021-10-08T03:56:47+00:00\",\"dateModified\":\"2022-05-01T12:42:49+00:00\",\"description\":\"YonAnn Lora Wireless Digital Door Lock work with QRcode, gateway ,IC card, passcode, remote control ,and network card switch can gain power from app control .\",\"breadcrumb\":{\"@id\":\"https:\\\/\\\/yonannlock.com\\\/lora-wireless-digital-door-lock\\\/#breadcrumb\"},\"inLanguage\":\"vi\",\"potentialAction\":[{\"@type\":\"ReadAction\",\"target\":[\"https:\\\/\\\/yonannlock.com\\\/lora-wireless-digital-door-lock\\\/\"]}]},{\"@type\":\"BreadcrumbList\",\"@id\":\"https:\\\/\\\/yonannlock.com\\\/lora-wireless-digital-door-lock\\\/#breadcrumb\",\"itemListElement\":[{\"@type\":\"ListItem\",\"position\":1,\"name\":\"Home\",\"item\":\"https:\\\/\\\/yonannlock.com\\\/vi\\\/\"},{\"@type\":\"ListItem\",\"position\":2,\"name\":\"Lora Wireless Digital Door Lock\"}]},{\"@type\":\"WebSite\",\"@id\":\"https:\\\/\\\/yonannlock.com\\\/vi\\\/#website\",\"url\":\"https:\\\/\\\/yonannlock.com\\\/vi\\\/\",\"name\":\"Smart Lock Manufacturer And Supplier in China\",\"description\":\"\",\"publisher\":{\"@id\":\"https:\\\/\\\/yonannlock.com\\\/vi\\\/#organization\"},\"potentialAction\":[{\"@type\":\"SearchAction\",\"target\":{\"@type\":\"EntryPoint\",\"urlTemplate\":\"https:\\\/\\\/yonannlock.com\\\/vi\\\/?s={search_term_string}\"},\"query-input\":{\"@type\":\"PropertyValueSpecification\",\"valueRequired\":true,\"valueName\":\"search_term_string\"}}],\"inLanguage\":\"vi\"},{\"@type\":\"Organization\",\"@id\":\"https:\\\/\\\/yonannlock.com\\\/vi\\\/#organization\",\"name\":\"Smart Lock Manufacturer And Supplier in China\",\"url\":\"https:\\\/\\\/yonannlock.com\\\/vi\\\/\",\"logo\":{\"@type\":\"ImageObject\",\"inLanguage\":\"vi\",\"@id\":\"https:\\\/\\\/yonannlock.com\\\/vi\\\/#\\\/schema\\\/logo\\\/image\\\/\",\"url\":\"https:\\\/\\\/yonannlock.com\\\/wp-content\\\/uploads\\\/2026\\\/03\\\/cropped-LOGO-1.png\",\"contentUrl\":\"https:\\\/\\\/yonannlock.com\\\/wp-content\\\/uploads\\\/2026\\\/03\\\/cropped-LOGO-1.png\",\"width\":482,\"height\":167,\"caption\":\"Smart Lock Manufacturer And Supplier in China\"},\"image\":{\"@id\":\"https:\\\/\\\/yonannlock.com\\\/vi\\\/#\\\/schema\\\/logo\\\/image\\\/\"}}]}<\/script>\n<!-- \/ Yoast SEO plugin. -->","yoast_head_json":{"title":"Kh\u00f3a c\u1eeda k\u1ef9 thu\u1eadt s\u1ed1 kh\u00f4ng d\u00e2y YonAnn Lora","description":"Kh\u00f3a c\u1eeda k\u1ef9 thu\u1eadt s\u1ed1 kh\u00f4ng d\u00e2y YonAnn Lora ho\u1ea1t \u0111\u1ed9ng v\u1edbi m\u00e3 QR, c\u1ed5ng, th\u1ebb IC, m\u1eadt m\u00e3, \u0111i\u1ec1u khi\u1ec3n t\u1eeb xa v\u00e0 c\u00f4ng t\u1eafc card m\u1ea1ng c\u00f3 th\u1ec3 l\u1ea5y ngu\u1ed3n t\u1eeb \u1ee9ng d\u1ee5ng \u0111i\u1ec1u khi\u1ec3n.","robots":{"index":"index","follow":"follow","max-snippet":"max-snippet:-1","max-image-preview":"max-image-preview:large","max-video-preview":"max-video-preview:-1"},"canonical":"https:\/\/yonannlock.com\/vi\/khoa-cua-ky-thuat-so-khong-day-lora\/","og_locale":"vi_VN","og_type":"article","og_title":"YonAnn Lora Wireless Digital Door Lock","og_description":"YonAnn Lora Wireless Digital Door Lock work with QRcode, gateway ,IC card, passcode, remote control ,and network card switch can gain power from app control .","og_url":"https:\/\/yonannlock.com\/vi\/khoa-cua-ky-thuat-so-khong-day-lora\/","og_site_name":"Smart Lock Manufacturer And Supplier in China","article_modified_time":"2022-05-01T12:42:49+00:00","twitter_card":"summary_large_image","schema":{"@context":"https:\/\/schema.org","@graph":[{"@type":"WebPage","@id":"https:\/\/yonannlock.com\/lora-wireless-digital-door-lock\/","url":"https:\/\/yonannlock.com\/lora-wireless-digital-door-lock\/","name":"Kh\u00f3a c\u1eeda k\u1ef9 thu\u1eadt s\u1ed1 kh\u00f4ng d\u00e2y YonAnn Lora","isPartOf":{"@id":"https:\/\/yonannlock.com\/vi\/#website"},"datePublished":"2021-10-08T03:56:47+00:00","dateModified":"2022-05-01T12:42:49+00:00","description":"Kh\u00f3a c\u1eeda k\u1ef9 thu\u1eadt s\u1ed1 kh\u00f4ng d\u00e2y YonAnn Lora ho\u1ea1t \u0111\u1ed9ng v\u1edbi m\u00e3 QR, c\u1ed5ng, th\u1ebb IC, m\u1eadt m\u00e3, \u0111i\u1ec1u khi\u1ec3n t\u1eeb xa v\u00e0 c\u00f4ng t\u1eafc card m\u1ea1ng c\u00f3 th\u1ec3 l\u1ea5y ngu\u1ed3n t\u1eeb \u1ee9ng d\u1ee5ng \u0111i\u1ec1u khi\u1ec3n.","breadcrumb":{"@id":"https:\/\/yonannlock.com\/lora-wireless-digital-door-lock\/#breadcrumb"},"inLanguage":"vi","potentialAction":[{"@type":"ReadAction","target":["https:\/\/yonannlock.com\/lora-wireless-digital-door-lock\/"]}]},{"@type":"BreadcrumbList","@id":"https:\/\/yonannlock.com\/lora-wireless-digital-door-lock\/#breadcrumb","itemListElement":[{"@type":"ListItem","position":1,"name":"Home","item":"https:\/\/yonannlock.com\/vi\/"},{"@type":"ListItem","position":2,"name":"Lora Wireless Digital Door Lock"}]},{"@type":"WebSite","@id":"https:\/\/yonannlock.com\/vi\/#website","url":"https:\/\/yonannlock.com\/vi\/","name":"Nh\u00e0 s\u1ea3n xu\u1ea5t v\u00e0 cung c\u1ea5p kh\u00f3a th\u00f4ng minh t\u1ea1i Trung Qu\u1ed1c","description":"","publisher":{"@id":"https:\/\/yonannlock.com\/vi\/#organization"},"potentialAction":[{"@type":"SearchAction","target":{"@type":"EntryPoint","urlTemplate":"https:\/\/yonannlock.com\/vi\/?s={search_term_string}"},"query-input":{"@type":"PropertyValueSpecification","valueRequired":true,"valueName":"search_term_string"}}],"inLanguage":"vi"},{"@type":"Organization","@id":"https:\/\/yonannlock.com\/vi\/#organization","name":"Nh\u00e0 s\u1ea3n xu\u1ea5t v\u00e0 cung c\u1ea5p kh\u00f3a th\u00f4ng minh t\u1ea1i Trung Qu\u1ed1c","url":"https:\/\/yonannlock.com\/vi\/","logo":{"@type":"ImageObject","inLanguage":"vi","@id":"https:\/\/yonannlock.com\/vi\/#\/schema\/logo\/image\/","url":"https:\/\/yonannlock.com\/wp-content\/uploads\/2026\/03\/cropped-LOGO-1.png","contentUrl":"https:\/\/yonannlock.com\/wp-content\/uploads\/2026\/03\/cropped-LOGO-1.png","width":482,"height":167,"caption":"Smart Lock Manufacturer And Supplier in China"},"image":{"@id":"https:\/\/yonannlock.com\/vi\/#\/schema\/logo\/image\/"}}]}},"_links":{"self":[{"href":"https:\/\/yonannlock.com\/vi\/wp-json\/wp\/v2\/pages\/2677","targetHints":{"allow":["GET"]}}],"collection":[{"href":"https:\/\/yonannlock.com\/vi\/wp-json\/wp\/v2\/pages"}],"about":[{"href":"https:\/\/yonannlock.com\/vi\/wp-json\/wp\/v2\/types\/page"}],"author":[{"embeddable":true,"href":"https:\/\/yonannlock.com\/vi\/wp-json\/wp\/v2\/users\/1"}],"replies":[{"embeddable":true,"href":"https:\/\/yonannlock.com\/vi\/wp-json\/wp\/v2\/comments?post=2677"}],"version-history":[{"count":11,"href":"https:\/\/yonannlock.com\/vi\/wp-json\/wp\/v2\/pages\/2677\/revisions"}],"predecessor-version":[{"id":5047,"href":"https:\/\/yonannlock.com\/vi\/wp-json\/wp\/v2\/pages\/2677\/revisions\/5047"}],"wp:attachment":[{"href":"https:\/\/yonannlock.com\/vi\/wp-json\/wp\/v2\/media?parent=2677"}],"curies":[{"name":"wp","href":"https:\/\/api.w.org\/{rel}","templated":true}]}}