{"id":1226,"date":"2021-01-16T09:54:56","date_gmt":"2021-01-16T09:54:56","guid":{"rendered":"http:\/\/yonannlock.com\/?page_id=1226"},"modified":"2021-10-23T03:13:25","modified_gmt":"2021-10-23T03:13:25","slug":"khoa-tu-thong-minh-rfid","status":"publish","type":"page","link":"https:\/\/yonannlock.com\/vi\/smart-rfid-cabinet-lock\/","title":{"rendered":"Kh\u00f3a t\u1ee7 th\u00f4ng minh RFID"},"content":{"rendered":"<!-- AddThis Advanced Settings generic via filter on the_content --><!-- AddThis Share Buttons generic via filter on the_content -->","protected":false},"excerpt":{"rendered":"<p><!-- AddThis Advanced Settings generic via filter on get_the_excerpt --><!-- AddThis Share Buttons generic via filter on get_the_excerpt --><\/p>","protected":false},"author":1,"featured_media":2704,"parent":0,"menu_order":0,"comment_status":"closed","ping_status":"closed","template":"product-category2.php","meta":{"_acf_changed":false,"site-sidebar-layout":"no-sidebar","site-content-layout":"page-builder","ast-site-content-layout":"default","site-content-style":"default","site-sidebar-style":"default","ast-global-header-display":"","ast-banner-title-visibility":"","ast-main-header-display":"","ast-hfb-above-header-display":"","ast-hfb-below-header-display":"","ast-hfb-mobile-header-display":"","site-post-title":"disabled","ast-breadcrumbs-content":"disabled","ast-featured-img":"","footer-sml-layout":"","ast-disable-related-posts":"","theme-transparent-header-meta":"default","adv-header-id-meta":"","stick-header-meta":"default","header-above-stick-meta":"","header-main-stick-meta":"","header-below-stick-meta":"","astra-migrate-meta-layouts":"default","ast-page-background-enabled":"default","ast-page-background-meta":{"desktop":{"background-color":"","background-image":"","background-repeat":"repeat","background-position":"center center","background-size":"auto","background-attachment":"scroll","background-type":"","background-media":"","overlay-type":"","overlay-color":"","overlay-opacity":"","overlay-gradient":""},"tablet":{"background-color":"","background-image":"","background-repeat":"repeat","background-position":"center center","background-size":"auto","background-attachment":"scroll","background-type":"","background-media":"","overlay-type":"","overlay-color":"","overlay-opacity":"","overlay-gradient":""},"mobile":{"background-color":"","background-image":"","background-repeat":"repeat","background-position":"center center","background-size":"auto","background-attachment":"scroll","background-type":"","background-media":"","overlay-type":"","overlay-color":"","overlay-opacity":"","overlay-gradient":""}},"ast-content-background-meta":{"desktop":{"background-color":"var(--ast-global-color-5)","background-image":"","background-repeat":"repeat","background-position":"center center","background-size":"auto","background-attachment":"scroll","background-type":"","background-media":"","overlay-type":"","overlay-color":"","overlay-opacity":"","overlay-gradient":""},"tablet":{"background-color":"var(--ast-global-color-5)","background-image":"","background-repeat":"repeat","background-position":"center center","background-size":"auto","background-attachment":"scroll","background-type":"","background-media":"","overlay-type":"","overlay-color":"","overlay-opacity":"","overlay-gradient":""},"mobile":{"background-color":"var(--ast-global-color-5)","background-image":"","background-repeat":"repeat","background-position":"center center","background-size":"auto","background-attachment":"scroll","background-type":"","background-media":"","overlay-type":"","overlay-color":"","overlay-opacity":"","overlay-gradient":""}},"footnotes":""},"class_list":["post-1226","page","type-page","status-publish","has-post-thumbnail","hentry"],"acf":[],"yoast_head":"<!-- This site is optimized with the Yoast SEO plugin v27.3 - https:\/\/yoast.com\/product\/yoast-seo-wordpress\/ -->\n<title>Smart RFID Cabinet Lock<\/title>\n<meta name=\"description\" content=\"Offer one waterproof and dustproof wristband key each lock free, offer custom made LOGO and name for the locks and wristband keys .\" \/>\n<meta name=\"robots\" content=\"index, follow, max-snippet:-1, max-image-preview:large, max-video-preview:-1\" \/>\n<link rel=\"canonical\" href=\"https:\/\/yonannlock.com\/vi\/khoa-tu-thong-minh-rfid\/\" \/>\n<meta property=\"og:locale\" content=\"vi_VN\" \/>\n<meta property=\"og:type\" content=\"article\" \/>\n<meta property=\"og:title\" content=\"Smart RFID Cabinet Lock\" \/>\n<meta property=\"og:description\" content=\"Offer one waterproof and dustproof wristband key each lock free, offer custom made LOGO and name for the locks and wristband keys .\" \/>\n<meta property=\"og:url\" content=\"https:\/\/yonannlock.com\/vi\/khoa-tu-thong-minh-rfid\/\" \/>\n<meta property=\"og:site_name\" content=\"Smart Lock Manufacturer And Supplier in China\" \/>\n<meta property=\"article:modified_time\" content=\"2021-10-23T03:13:25+00:00\" \/>\n<meta property=\"og:image\" content=\"https:\/\/yonannlock.com\/wp-content\/uploads\/2021\/10\/Custom-Made-Print-LOGO-and-Number-Wristband-Key-1.jpg\" \/>\n\t<meta property=\"og:image:width\" content=\"362\" \/>\n\t<meta property=\"og:image:height\" content=\"262\" \/>\n\t<meta property=\"og:image:type\" content=\"image\/jpeg\" \/>\n<meta name=\"twitter:card\" content=\"summary_large_image\" \/>\n<script type=\"application\/ld+json\" class=\"yoast-schema-graph\">{\"@context\":\"https:\\\/\\\/schema.org\",\"@graph\":[{\"@type\":\"WebPage\",\"@id\":\"https:\\\/\\\/yonannlock.com\\\/smart-rfid-cabinet-lock\\\/\",\"url\":\"https:\\\/\\\/yonannlock.com\\\/smart-rfid-cabinet-lock\\\/\",\"name\":\"Smart RFID Cabinet Lock\",\"isPartOf\":{\"@id\":\"https:\\\/\\\/yonannlock.com\\\/vi\\\/#website\"},\"primaryImageOfPage\":{\"@id\":\"https:\\\/\\\/yonannlock.com\\\/smart-rfid-cabinet-lock\\\/#primaryimage\"},\"image\":{\"@id\":\"https:\\\/\\\/yonannlock.com\\\/smart-rfid-cabinet-lock\\\/#primaryimage\"},\"thumbnailUrl\":\"https:\\\/\\\/yonannlock.com\\\/wp-content\\\/uploads\\\/2021\\\/10\\\/Custom-Made-Print-LOGO-and-Number-Wristband-Key-1.jpg\",\"datePublished\":\"2021-01-16T09:54:56+00:00\",\"dateModified\":\"2021-10-23T03:13:25+00:00\",\"description\":\"Offer one waterproof and dustproof wristband key each lock free, offer custom made LOGO and name for the locks and wristband keys .\",\"breadcrumb\":{\"@id\":\"https:\\\/\\\/yonannlock.com\\\/smart-rfid-cabinet-lock\\\/#breadcrumb\"},\"inLanguage\":\"vi\",\"potentialAction\":[{\"@type\":\"ReadAction\",\"target\":[\"https:\\\/\\\/yonannlock.com\\\/smart-rfid-cabinet-lock\\\/\"]}]},{\"@type\":\"ImageObject\",\"inLanguage\":\"vi\",\"@id\":\"https:\\\/\\\/yonannlock.com\\\/smart-rfid-cabinet-lock\\\/#primaryimage\",\"url\":\"https:\\\/\\\/yonannlock.com\\\/wp-content\\\/uploads\\\/2021\\\/10\\\/Custom-Made-Print-LOGO-and-Number-Wristband-Key-1.jpg\",\"contentUrl\":\"https:\\\/\\\/yonannlock.com\\\/wp-content\\\/uploads\\\/2021\\\/10\\\/Custom-Made-Print-LOGO-and-Number-Wristband-Key-1.jpg\",\"width\":362,\"height\":262,\"caption\":\"S4 wristband key , different colors, can print LOGO and Numbers on it, silica materail\"},{\"@type\":\"BreadcrumbList\",\"@id\":\"https:\\\/\\\/yonannlock.com\\\/smart-rfid-cabinet-lock\\\/#breadcrumb\",\"itemListElement\":[{\"@type\":\"ListItem\",\"position\":1,\"name\":\"Home\",\"item\":\"https:\\\/\\\/yonannlock.com\\\/vi\\\/\"},{\"@type\":\"ListItem\",\"position\":2,\"name\":\"Smart RFID Cabinet Lock\"}]},{\"@type\":\"WebSite\",\"@id\":\"https:\\\/\\\/yonannlock.com\\\/vi\\\/#website\",\"url\":\"https:\\\/\\\/yonannlock.com\\\/vi\\\/\",\"name\":\"Smart Lock Manufacturer And Supplier in China\",\"description\":\"\",\"publisher\":{\"@id\":\"https:\\\/\\\/yonannlock.com\\\/vi\\\/#organization\"},\"potentialAction\":[{\"@type\":\"SearchAction\",\"target\":{\"@type\":\"EntryPoint\",\"urlTemplate\":\"https:\\\/\\\/yonannlock.com\\\/vi\\\/?s={search_term_string}\"},\"query-input\":{\"@type\":\"PropertyValueSpecification\",\"valueRequired\":true,\"valueName\":\"search_term_string\"}}],\"inLanguage\":\"vi\"},{\"@type\":\"Organization\",\"@id\":\"https:\\\/\\\/yonannlock.com\\\/vi\\\/#organization\",\"name\":\"Smart Lock Manufacturer And Supplier in China\",\"url\":\"https:\\\/\\\/yonannlock.com\\\/vi\\\/\",\"logo\":{\"@type\":\"ImageObject\",\"inLanguage\":\"vi\",\"@id\":\"https:\\\/\\\/yonannlock.com\\\/vi\\\/#\\\/schema\\\/logo\\\/image\\\/\",\"url\":\"https:\\\/\\\/yonannlock.com\\\/wp-content\\\/uploads\\\/2026\\\/03\\\/cropped-LOGO-1.png\",\"contentUrl\":\"https:\\\/\\\/yonannlock.com\\\/wp-content\\\/uploads\\\/2026\\\/03\\\/cropped-LOGO-1.png\",\"width\":482,\"height\":167,\"caption\":\"Smart Lock Manufacturer And Supplier in China\"},\"image\":{\"@id\":\"https:\\\/\\\/yonannlock.com\\\/vi\\\/#\\\/schema\\\/logo\\\/image\\\/\"}}]}<\/script>\n<!-- \/ Yoast SEO plugin. -->","yoast_head_json":{"title":"Kh\u00f3a t\u1ee7 th\u00f4ng minh RFID","description":"T\u1eb7ng m\u1ed9t ch\u00eca kh\u00f3a v\u00f2ng \u0111eo tay ch\u1ed1ng n\u01b0\u1edbc v\u00e0 b\u1ee5i, m\u1ed7i \u1ed5 kh\u00f3a mi\u1ec5n ph\u00ed, cung c\u1ea5p LOGO v\u00e0 t\u00ean t\u00f9y ch\u1ec9nh cho \u1ed5 kh\u00f3a v\u00e0 ch\u00eca kh\u00f3a v\u00f2ng \u0111eo tay.","robots":{"index":"index","follow":"follow","max-snippet":"max-snippet:-1","max-image-preview":"max-image-preview:large","max-video-preview":"max-video-preview:-1"},"canonical":"https:\/\/yonannlock.com\/vi\/khoa-tu-thong-minh-rfid\/","og_locale":"vi_VN","og_type":"article","og_title":"Smart RFID Cabinet Lock","og_description":"Offer one waterproof and dustproof wristband key each lock free, offer custom made LOGO and name for the locks and wristband keys .","og_url":"https:\/\/yonannlock.com\/vi\/khoa-tu-thong-minh-rfid\/","og_site_name":"Smart Lock Manufacturer And Supplier in China","article_modified_time":"2021-10-23T03:13:25+00:00","og_image":[{"width":362,"height":262,"url":"https:\/\/yonannlock.com\/wp-content\/uploads\/2021\/10\/Custom-Made-Print-LOGO-and-Number-Wristband-Key-1.jpg","type":"image\/jpeg"}],"twitter_card":"summary_large_image","schema":{"@context":"https:\/\/schema.org","@graph":[{"@type":"WebPage","@id":"https:\/\/yonannlock.com\/smart-rfid-cabinet-lock\/","url":"https:\/\/yonannlock.com\/smart-rfid-cabinet-lock\/","name":"Kh\u00f3a t\u1ee7 th\u00f4ng minh RFID","isPartOf":{"@id":"https:\/\/yonannlock.com\/vi\/#website"},"primaryImageOfPage":{"@id":"https:\/\/yonannlock.com\/smart-rfid-cabinet-lock\/#primaryimage"},"image":{"@id":"https:\/\/yonannlock.com\/smart-rfid-cabinet-lock\/#primaryimage"},"thumbnailUrl":"https:\/\/yonannlock.com\/wp-content\/uploads\/2021\/10\/Custom-Made-Print-LOGO-and-Number-Wristband-Key-1.jpg","datePublished":"2021-01-16T09:54:56+00:00","dateModified":"2021-10-23T03:13:25+00:00","description":"T\u1eb7ng m\u1ed9t ch\u00eca kh\u00f3a v\u00f2ng \u0111eo tay ch\u1ed1ng n\u01b0\u1edbc v\u00e0 b\u1ee5i, m\u1ed7i \u1ed5 kh\u00f3a mi\u1ec5n ph\u00ed, cung c\u1ea5p LOGO v\u00e0 t\u00ean t\u00f9y ch\u1ec9nh cho \u1ed5 kh\u00f3a v\u00e0 ch\u00eca kh\u00f3a v\u00f2ng \u0111eo tay.","breadcrumb":{"@id":"https:\/\/yonannlock.com\/smart-rfid-cabinet-lock\/#breadcrumb"},"inLanguage":"vi","potentialAction":[{"@type":"ReadAction","target":["https:\/\/yonannlock.com\/smart-rfid-cabinet-lock\/"]}]},{"@type":"ImageObject","inLanguage":"vi","@id":"https:\/\/yonannlock.com\/smart-rfid-cabinet-lock\/#primaryimage","url":"https:\/\/yonannlock.com\/wp-content\/uploads\/2021\/10\/Custom-Made-Print-LOGO-and-Number-Wristband-Key-1.jpg","contentUrl":"https:\/\/yonannlock.com\/wp-content\/uploads\/2021\/10\/Custom-Made-Print-LOGO-and-Number-Wristband-Key-1.jpg","width":362,"height":262,"caption":"S4 wristband key , different colors, can print LOGO and Numbers on it, silica materail"},{"@type":"BreadcrumbList","@id":"https:\/\/yonannlock.com\/smart-rfid-cabinet-lock\/#breadcrumb","itemListElement":[{"@type":"ListItem","position":1,"name":"Home","item":"https:\/\/yonannlock.com\/vi\/"},{"@type":"ListItem","position":2,"name":"Smart RFID Cabinet Lock"}]},{"@type":"WebSite","@id":"https:\/\/yonannlock.com\/vi\/#website","url":"https:\/\/yonannlock.com\/vi\/","name":"Nh\u00e0 s\u1ea3n xu\u1ea5t v\u00e0 cung c\u1ea5p kh\u00f3a th\u00f4ng minh t\u1ea1i Trung Qu\u1ed1c","description":"","publisher":{"@id":"https:\/\/yonannlock.com\/vi\/#organization"},"potentialAction":[{"@type":"SearchAction","target":{"@type":"EntryPoint","urlTemplate":"https:\/\/yonannlock.com\/vi\/?s={search_term_string}"},"query-input":{"@type":"PropertyValueSpecification","valueRequired":true,"valueName":"search_term_string"}}],"inLanguage":"vi"},{"@type":"Organization","@id":"https:\/\/yonannlock.com\/vi\/#organization","name":"Nh\u00e0 s\u1ea3n xu\u1ea5t v\u00e0 cung c\u1ea5p kh\u00f3a th\u00f4ng minh t\u1ea1i Trung Qu\u1ed1c","url":"https:\/\/yonannlock.com\/vi\/","logo":{"@type":"ImageObject","inLanguage":"vi","@id":"https:\/\/yonannlock.com\/vi\/#\/schema\/logo\/image\/","url":"https:\/\/yonannlock.com\/wp-content\/uploads\/2026\/03\/cropped-LOGO-1.png","contentUrl":"https:\/\/yonannlock.com\/wp-content\/uploads\/2026\/03\/cropped-LOGO-1.png","width":482,"height":167,"caption":"Smart Lock Manufacturer And Supplier in China"},"image":{"@id":"https:\/\/yonannlock.com\/vi\/#\/schema\/logo\/image\/"}}]}},"_links":{"self":[{"href":"https:\/\/yonannlock.com\/vi\/wp-json\/wp\/v2\/pages\/1226","targetHints":{"allow":["GET"]}}],"collection":[{"href":"https:\/\/yonannlock.com\/vi\/wp-json\/wp\/v2\/pages"}],"about":[{"href":"https:\/\/yonannlock.com\/vi\/wp-json\/wp\/v2\/types\/page"}],"author":[{"embeddable":true,"href":"https:\/\/yonannlock.com\/vi\/wp-json\/wp\/v2\/users\/1"}],"replies":[{"embeddable":true,"href":"https:\/\/yonannlock.com\/vi\/wp-json\/wp\/v2\/comments?post=1226"}],"version-history":[{"count":44,"href":"https:\/\/yonannlock.com\/vi\/wp-json\/wp\/v2\/pages\/1226\/revisions"}],"predecessor-version":[{"id":2876,"href":"https:\/\/yonannlock.com\/vi\/wp-json\/wp\/v2\/pages\/1226\/revisions\/2876"}],"wp:featuredmedia":[{"embeddable":true,"href":"https:\/\/yonannlock.com\/vi\/wp-json\/wp\/v2\/media\/2704"}],"wp:attachment":[{"href":"https:\/\/yonannlock.com\/vi\/wp-json\/wp\/v2\/media?parent=1226"}],"curies":[{"name":"wp","href":"https:\/\/api.w.org\/{rel}","templated":true}]}}