{"id":4912,"date":"2022-04-22T13:48:49","date_gmt":"2022-04-22T13:48:49","guid":{"rendered":"http:\/\/yonannlock.com\/?page_id=4912"},"modified":"2022-04-23T11:04:18","modified_gmt":"2022-04-23T11:04:18","slug":"cerradura-de-puerta-inteligente-con-huella-dactilar","status":"publish","type":"page","link":"https:\/\/yonannlock.com\/es\/fingerprint-smart-door-lock\/","title":{"rendered":"Cerradura de puerta inteligente con huella dactilar"},"content":{"rendered":"<!-- AddThis Advanced Settings generic via filter on the_content --><!-- AddThis Share Buttons generic via filter on the_content -->","protected":false},"excerpt":{"rendered":"<p><!-- AddThis Advanced Settings generic via filter on get_the_excerpt --><!-- AddThis Share Buttons generic via filter on get_the_excerpt --><\/p>","protected":false},"author":1,"featured_media":0,"parent":0,"menu_order":0,"comment_status":"closed","ping_status":"closed","template":"product-category3.php","meta":{"_acf_changed":false,"site-sidebar-layout":"default","site-content-layout":"page-builder","ast-site-content-layout":"default","site-content-style":"default","site-sidebar-style":"default","ast-global-header-display":"","ast-banner-title-visibility":"","ast-main-header-display":"","ast-hfb-above-header-display":"","ast-hfb-below-header-display":"","ast-hfb-mobile-header-display":"","site-post-title":"","ast-breadcrumbs-content":"disabled","ast-featured-img":"","footer-sml-layout":"","ast-disable-related-posts":"","theme-transparent-header-meta":"default","adv-header-id-meta":"","stick-header-meta":"default","header-above-stick-meta":"","header-main-stick-meta":"","header-below-stick-meta":"","astra-migrate-meta-layouts":"default","ast-page-background-enabled":"default","ast-page-background-meta":{"desktop":{"background-color":"","background-image":"","background-repeat":"repeat","background-position":"center center","background-size":"auto","background-attachment":"scroll","background-type":"","background-media":"","overlay-type":"","overlay-color":"","overlay-opacity":"","overlay-gradient":""},"tablet":{"background-color":"","background-image":"","background-repeat":"repeat","background-position":"center center","background-size":"auto","background-attachment":"scroll","background-type":"","background-media":"","overlay-type":"","overlay-color":"","overlay-opacity":"","overlay-gradient":""},"mobile":{"background-color":"","background-image":"","background-repeat":"repeat","background-position":"center center","background-size":"auto","background-attachment":"scroll","background-type":"","background-media":"","overlay-type":"","overlay-color":"","overlay-opacity":"","overlay-gradient":""}},"ast-content-background-meta":{"desktop":{"background-color":"var(--ast-global-color-5)","background-image":"","background-repeat":"repeat","background-position":"center center","background-size":"auto","background-attachment":"scroll","background-type":"","background-media":"","overlay-type":"","overlay-color":"","overlay-opacity":"","overlay-gradient":""},"tablet":{"background-color":"var(--ast-global-color-5)","background-image":"","background-repeat":"repeat","background-position":"center center","background-size":"auto","background-attachment":"scroll","background-type":"","background-media":"","overlay-type":"","overlay-color":"","overlay-opacity":"","overlay-gradient":""},"mobile":{"background-color":"var(--ast-global-color-5)","background-image":"","background-repeat":"repeat","background-position":"center center","background-size":"auto","background-attachment":"scroll","background-type":"","background-media":"","overlay-type":"","overlay-color":"","overlay-opacity":"","overlay-gradient":""}},"footnotes":""},"class_list":["post-4912","page","type-page","status-publish","hentry"],"acf":[],"yoast_head":"<!-- This site is optimized with the Yoast SEO plugin v27.3 - https:\/\/yoast.com\/product\/yoast-seo-wordpress\/ -->\n<title>Fingerprint Smart Door Lock\u00a0Supplier and Manufacturer<\/title>\n<meta name=\"description\" content=\"As a professional Fingerprint Smart Door Lock ,YonAnn offer 2 years warranty and lifetime maintance ,many fashion and good design models for choose.\" \/>\n<meta name=\"robots\" content=\"index, follow, max-snippet:-1, max-image-preview:large, max-video-preview:-1\" \/>\n<link rel=\"canonical\" href=\"https:\/\/yonannlock.com\/es\/cerradura-de-puerta-inteligente-con-huella-dactilar\/\" \/>\n<meta property=\"og:locale\" content=\"es_ES\" \/>\n<meta property=\"og:type\" content=\"article\" \/>\n<meta property=\"og:title\" content=\"Fingerprint Smart Door Lock\u00a0Supplier and Manufacturer\" \/>\n<meta property=\"og:description\" content=\"As a professional Fingerprint Smart Door Lock ,YonAnn offer 2 years warranty and lifetime maintance ,many fashion and good design models for choose.\" \/>\n<meta property=\"og:url\" content=\"https:\/\/yonannlock.com\/es\/cerradura-de-puerta-inteligente-con-huella-dactilar\/\" \/>\n<meta property=\"og:site_name\" content=\"Smart Lock Manufacturer And Supplier in China\" \/>\n<meta property=\"article:modified_time\" content=\"2022-04-23T11:04:18+00:00\" \/>\n<meta name=\"twitter:card\" content=\"summary_large_image\" \/>\n<script type=\"application\/ld+json\" class=\"yoast-schema-graph\">{\"@context\":\"https:\\\/\\\/schema.org\",\"@graph\":[{\"@type\":\"WebPage\",\"@id\":\"https:\\\/\\\/yonannlock.com\\\/fingerprint-smart-door-lock\\\/\",\"url\":\"https:\\\/\\\/yonannlock.com\\\/fingerprint-smart-door-lock\\\/\",\"name\":\"Fingerprint Smart Door Lock\u00a0Supplier and Manufacturer\",\"isPartOf\":{\"@id\":\"https:\\\/\\\/yonannlock.com\\\/vi\\\/#website\"},\"datePublished\":\"2022-04-22T13:48:49+00:00\",\"dateModified\":\"2022-04-23T11:04:18+00:00\",\"description\":\"As a professional Fingerprint Smart Door Lock ,YonAnn offer 2 years warranty and lifetime maintance ,many fashion and good design models for choose.\",\"breadcrumb\":{\"@id\":\"https:\\\/\\\/yonannlock.com\\\/fingerprint-smart-door-lock\\\/#breadcrumb\"},\"inLanguage\":\"es\",\"potentialAction\":[{\"@type\":\"ReadAction\",\"target\":[\"https:\\\/\\\/yonannlock.com\\\/fingerprint-smart-door-lock\\\/\"]}]},{\"@type\":\"BreadcrumbList\",\"@id\":\"https:\\\/\\\/yonannlock.com\\\/fingerprint-smart-door-lock\\\/#breadcrumb\",\"itemListElement\":[{\"@type\":\"ListItem\",\"position\":1,\"name\":\"Home\",\"item\":\"https:\\\/\\\/yonannlock.com\\\/vi\\\/\"},{\"@type\":\"ListItem\",\"position\":2,\"name\":\"Fingerprint Smart Door Lock\"}]},{\"@type\":\"WebSite\",\"@id\":\"https:\\\/\\\/yonannlock.com\\\/vi\\\/#website\",\"url\":\"https:\\\/\\\/yonannlock.com\\\/vi\\\/\",\"name\":\"Smart Lock Manufacturer And Supplier in China\",\"description\":\"\",\"publisher\":{\"@id\":\"https:\\\/\\\/yonannlock.com\\\/vi\\\/#organization\"},\"potentialAction\":[{\"@type\":\"SearchAction\",\"target\":{\"@type\":\"EntryPoint\",\"urlTemplate\":\"https:\\\/\\\/yonannlock.com\\\/vi\\\/?s={search_term_string}\"},\"query-input\":{\"@type\":\"PropertyValueSpecification\",\"valueRequired\":true,\"valueName\":\"search_term_string\"}}],\"inLanguage\":\"es\"},{\"@type\":\"Organization\",\"@id\":\"https:\\\/\\\/yonannlock.com\\\/vi\\\/#organization\",\"name\":\"Smart Lock Manufacturer And Supplier in China\",\"url\":\"https:\\\/\\\/yonannlock.com\\\/vi\\\/\",\"logo\":{\"@type\":\"ImageObject\",\"inLanguage\":\"es\",\"@id\":\"https:\\\/\\\/yonannlock.com\\\/vi\\\/#\\\/schema\\\/logo\\\/image\\\/\",\"url\":\"https:\\\/\\\/yonannlock.com\\\/wp-content\\\/uploads\\\/2026\\\/03\\\/cropped-LOGO-1.png\",\"contentUrl\":\"https:\\\/\\\/yonannlock.com\\\/wp-content\\\/uploads\\\/2026\\\/03\\\/cropped-LOGO-1.png\",\"width\":482,\"height\":167,\"caption\":\"Smart Lock Manufacturer And Supplier in China\"},\"image\":{\"@id\":\"https:\\\/\\\/yonannlock.com\\\/vi\\\/#\\\/schema\\\/logo\\\/image\\\/\"}}]}<\/script>\n<!-- \/ Yoast SEO plugin. -->","yoast_head_json":{"title":"Proveedor y fabricante de cerraduras de puerta inteligentes con huella dactilar","description":"Como cerradura de puerta inteligente con huella dactilar profesional, YonAnn ofrece 2 a\u00f1os de garant\u00eda y mantenimiento de por vida, muchos modelos de moda y buen dise\u00f1o para elegir.","robots":{"index":"index","follow":"follow","max-snippet":"max-snippet:-1","max-image-preview":"max-image-preview:large","max-video-preview":"max-video-preview:-1"},"canonical":"https:\/\/yonannlock.com\/es\/cerradura-de-puerta-inteligente-con-huella-dactilar\/","og_locale":"es_ES","og_type":"article","og_title":"Fingerprint Smart Door Lock\u00a0Supplier and Manufacturer","og_description":"As a professional Fingerprint Smart Door Lock ,YonAnn offer 2 years warranty and lifetime maintance ,many fashion and good design models for choose.","og_url":"https:\/\/yonannlock.com\/es\/cerradura-de-puerta-inteligente-con-huella-dactilar\/","og_site_name":"Smart Lock Manufacturer And Supplier in China","article_modified_time":"2022-04-23T11:04:18+00:00","twitter_card":"summary_large_image","schema":{"@context":"https:\/\/schema.org","@graph":[{"@type":"WebPage","@id":"https:\/\/yonannlock.com\/fingerprint-smart-door-lock\/","url":"https:\/\/yonannlock.com\/fingerprint-smart-door-lock\/","name":"Proveedor y fabricante de cerraduras de puerta inteligentes con huella dactilar","isPartOf":{"@id":"https:\/\/yonannlock.com\/vi\/#website"},"datePublished":"2022-04-22T13:48:49+00:00","dateModified":"2022-04-23T11:04:18+00:00","description":"Como cerradura de puerta inteligente con huella dactilar profesional, YonAnn ofrece 2 a\u00f1os de garant\u00eda y mantenimiento de por vida, muchos modelos de moda y buen dise\u00f1o para elegir.","breadcrumb":{"@id":"https:\/\/yonannlock.com\/fingerprint-smart-door-lock\/#breadcrumb"},"inLanguage":"es","potentialAction":[{"@type":"ReadAction","target":["https:\/\/yonannlock.com\/fingerprint-smart-door-lock\/"]}]},{"@type":"BreadcrumbList","@id":"https:\/\/yonannlock.com\/fingerprint-smart-door-lock\/#breadcrumb","itemListElement":[{"@type":"ListItem","position":1,"name":"Home","item":"https:\/\/yonannlock.com\/vi\/"},{"@type":"ListItem","position":2,"name":"Fingerprint Smart Door Lock"}]},{"@type":"WebSite","@id":"https:\/\/yonannlock.com\/vi\/#website","url":"https:\/\/yonannlock.com\/vi\/","name":"Fabricante y proveedor de cerraduras inteligentes en China","description":"","publisher":{"@id":"https:\/\/yonannlock.com\/vi\/#organization"},"potentialAction":[{"@type":"SearchAction","target":{"@type":"EntryPoint","urlTemplate":"https:\/\/yonannlock.com\/vi\/?s={search_term_string}"},"query-input":{"@type":"PropertyValueSpecification","valueRequired":true,"valueName":"search_term_string"}}],"inLanguage":"es"},{"@type":"Organization","@id":"https:\/\/yonannlock.com\/vi\/#organization","name":"Fabricante y proveedor de cerraduras inteligentes en China","url":"https:\/\/yonannlock.com\/vi\/","logo":{"@type":"ImageObject","inLanguage":"es","@id":"https:\/\/yonannlock.com\/vi\/#\/schema\/logo\/image\/","url":"https:\/\/yonannlock.com\/wp-content\/uploads\/2026\/03\/cropped-LOGO-1.png","contentUrl":"https:\/\/yonannlock.com\/wp-content\/uploads\/2026\/03\/cropped-LOGO-1.png","width":482,"height":167,"caption":"Smart Lock Manufacturer And Supplier in China"},"image":{"@id":"https:\/\/yonannlock.com\/vi\/#\/schema\/logo\/image\/"}}]}},"_links":{"self":[{"href":"https:\/\/yonannlock.com\/es\/wp-json\/wp\/v2\/pages\/4912","targetHints":{"allow":["GET"]}}],"collection":[{"href":"https:\/\/yonannlock.com\/es\/wp-json\/wp\/v2\/pages"}],"about":[{"href":"https:\/\/yonannlock.com\/es\/wp-json\/wp\/v2\/types\/page"}],"author":[{"embeddable":true,"href":"https:\/\/yonannlock.com\/es\/wp-json\/wp\/v2\/users\/1"}],"replies":[{"embeddable":true,"href":"https:\/\/yonannlock.com\/es\/wp-json\/wp\/v2\/comments?post=4912"}],"version-history":[{"count":6,"href":"https:\/\/yonannlock.com\/es\/wp-json\/wp\/v2\/pages\/4912\/revisions"}],"predecessor-version":[{"id":4924,"href":"https:\/\/yonannlock.com\/es\/wp-json\/wp\/v2\/pages\/4912\/revisions\/4924"}],"wp:attachment":[{"href":"https:\/\/yonannlock.com\/es\/wp-json\/wp\/v2\/media?parent=4912"}],"curies":[{"name":"gracias","href":"https:\/\/api.w.org\/{rel}","templated":true}]}}