{"id":4164,"date":"2022-01-14T08:08:17","date_gmt":"2022-01-14T08:08:17","guid":{"rendered":"http:\/\/yonannlock.com\/?page_id=4164"},"modified":"2025-05-22T09:41:34","modified_gmt":"2025-05-22T09:41:34","slug":"sino-mtd-detail-2-6-2-2","status":"publish","type":"page","link":"https:\/\/yonannlock.com\/es\/125khz-rfid-hotel-room-key-card-system\/","title":{"rendered":"Sistema de tarjeta llave para habitaci\u00f3n de hotel RFID de 125 kHz"},"content":{"rendered":"<!-- AddThis Advanced Settings generic via filter on the_content --><!-- AddThis Share Buttons generic via filter on the_content -->","protected":false},"excerpt":{"rendered":"<p><!-- AddThis Advanced Settings generic via filter on get_the_excerpt --><!-- AddThis Share Buttons generic via filter on get_the_excerpt --><\/p>","protected":false},"author":1,"featured_media":0,"parent":0,"menu_order":0,"comment_status":"closed","ping_status":"closed","template":"product-details3.php","meta":{"_acf_changed":false,"site-sidebar-layout":"default","site-content-layout":"page-builder","ast-site-content-layout":"full-width-container","site-content-style":"unboxed","site-sidebar-style":"unboxed","ast-global-header-display":"","ast-banner-title-visibility":"","ast-main-header-display":"","ast-hfb-above-header-display":"","ast-hfb-below-header-display":"","ast-hfb-mobile-header-display":"","site-post-title":"","ast-breadcrumbs-content":"disabled","ast-featured-img":"","footer-sml-layout":"","ast-disable-related-posts":"","theme-transparent-header-meta":"default","adv-header-id-meta":"","stick-header-meta":"default","header-above-stick-meta":"","header-main-stick-meta":"","header-below-stick-meta":"","astra-migrate-meta-layouts":"set","ast-page-background-enabled":"default","ast-page-background-meta":{"desktop":{"background-color":"","background-image":"","background-repeat":"repeat","background-position":"center center","background-size":"auto","background-attachment":"scroll","background-type":"","background-media":"","overlay-type":"","overlay-color":"","overlay-opacity":"","overlay-gradient":""},"tablet":{"background-color":"","background-image":"","background-repeat":"repeat","background-position":"center center","background-size":"auto","background-attachment":"scroll","background-type":"","background-media":"","overlay-type":"","overlay-color":"","overlay-opacity":"","overlay-gradient":""},"mobile":{"background-color":"","background-image":"","background-repeat":"repeat","background-position":"center center","background-size":"auto","background-attachment":"scroll","background-type":"","background-media":"","overlay-type":"","overlay-color":"","overlay-opacity":"","overlay-gradient":""}},"ast-content-background-meta":{"desktop":{"background-color":"var(--ast-global-color-5)","background-image":"","background-repeat":"repeat","background-position":"center center","background-size":"auto","background-attachment":"scroll","background-type":"","background-media":"","overlay-type":"","overlay-color":"","overlay-opacity":"","overlay-gradient":""},"tablet":{"background-color":"var(--ast-global-color-5)","background-image":"","background-repeat":"repeat","background-position":"center center","background-size":"auto","background-attachment":"scroll","background-type":"","background-media":"","overlay-type":"","overlay-color":"","overlay-opacity":"","overlay-gradient":""},"mobile":{"background-color":"var(--ast-global-color-5)","background-image":"","background-repeat":"repeat","background-position":"center center","background-size":"auto","background-attachment":"scroll","background-type":"","background-media":"","overlay-type":"","overlay-color":"","overlay-opacity":"","overlay-gradient":""}},"footnotes":""},"class_list":["post-4164","page","type-page","status-publish","hentry"],"acf":[],"yoast_head":"<!-- This site is optimized with the Yoast SEO plugin v27.3 - https:\/\/yoast.com\/product\/yoast-seo-wordpress\/ -->\n<title>125Khz RFID Hotel Room Key Card System<\/title>\n<meta name=\"description\" content=\"Professional RFID hotel room key card system supplier and manufacturer for 10 years,we offer 2 years warranty , free hotel door lock software.\" \/>\n<meta name=\"robots\" content=\"index, follow, max-snippet:-1, max-image-preview:large, max-video-preview:-1\" \/>\n<link rel=\"canonical\" href=\"https:\/\/yonannlock.com\/es\/sistema-de-tarjeta-de-acceso-para-habitaciones-de-hotel-rfid-de-125-khz\/\" \/>\n<meta property=\"og:locale\" content=\"es_ES\" \/>\n<meta property=\"og:type\" content=\"article\" \/>\n<meta property=\"og:title\" content=\"125Khz RFID Hotel Room Key Card System\" \/>\n<meta property=\"og:description\" content=\"Professional RFID hotel room key card system supplier and manufacturer for 10 years,we offer 2 years warranty , free hotel door lock software.\" \/>\n<meta property=\"og:url\" content=\"https:\/\/yonannlock.com\/es\/sistema-de-tarjeta-de-acceso-para-habitaciones-de-hotel-rfid-de-125-khz\/\" \/>\n<meta property=\"og:site_name\" content=\"Smart Lock Manufacturer And Supplier in China\" \/>\n<meta property=\"article:modified_time\" content=\"2025-05-22T09:41:34+00:00\" \/>\n<meta name=\"twitter:card\" content=\"summary_large_image\" \/>\n<script type=\"application\/ld+json\" class=\"yoast-schema-graph\">{\"@context\":\"https:\\\/\\\/schema.org\",\"@graph\":[{\"@type\":\"WebPage\",\"@id\":\"https:\\\/\\\/yonannlock.com\\\/125khz-rfid-hotel-room-key-card-system\\\/\",\"url\":\"https:\\\/\\\/yonannlock.com\\\/125khz-rfid-hotel-room-key-card-system\\\/\",\"name\":\"125Khz RFID Hotel Room Key Card System\",\"isPartOf\":{\"@id\":\"https:\\\/\\\/yonannlock.com\\\/vi\\\/#website\"},\"datePublished\":\"2022-01-14T08:08:17+00:00\",\"dateModified\":\"2025-05-22T09:41:34+00:00\",\"description\":\"Professional RFID hotel room key card system supplier and manufacturer for 10 years,we offer 2 years warranty , free hotel door lock software.\",\"breadcrumb\":{\"@id\":\"https:\\\/\\\/yonannlock.com\\\/125khz-rfid-hotel-room-key-card-system\\\/#breadcrumb\"},\"inLanguage\":\"es\",\"potentialAction\":[{\"@type\":\"ReadAction\",\"target\":[\"https:\\\/\\\/yonannlock.com\\\/125khz-rfid-hotel-room-key-card-system\\\/\"]}]},{\"@type\":\"BreadcrumbList\",\"@id\":\"https:\\\/\\\/yonannlock.com\\\/125khz-rfid-hotel-room-key-card-system\\\/#breadcrumb\",\"itemListElement\":[{\"@type\":\"ListItem\",\"position\":1,\"name\":\"Home\",\"item\":\"https:\\\/\\\/yonannlock.com\\\/vi\\\/\"},{\"@type\":\"ListItem\",\"position\":2,\"name\":\"125Khz RFID Hotel Room Key Card System\"}]},{\"@type\":\"WebSite\",\"@id\":\"https:\\\/\\\/yonannlock.com\\\/vi\\\/#website\",\"url\":\"https:\\\/\\\/yonannlock.com\\\/vi\\\/\",\"name\":\"Smart Lock Manufacturer And Supplier in China\",\"description\":\"\",\"publisher\":{\"@id\":\"https:\\\/\\\/yonannlock.com\\\/vi\\\/#organization\"},\"potentialAction\":[{\"@type\":\"SearchAction\",\"target\":{\"@type\":\"EntryPoint\",\"urlTemplate\":\"https:\\\/\\\/yonannlock.com\\\/vi\\\/?s={search_term_string}\"},\"query-input\":{\"@type\":\"PropertyValueSpecification\",\"valueRequired\":true,\"valueName\":\"search_term_string\"}}],\"inLanguage\":\"es\"},{\"@type\":\"Organization\",\"@id\":\"https:\\\/\\\/yonannlock.com\\\/vi\\\/#organization\",\"name\":\"Smart Lock Manufacturer And Supplier in China\",\"url\":\"https:\\\/\\\/yonannlock.com\\\/vi\\\/\",\"logo\":{\"@type\":\"ImageObject\",\"inLanguage\":\"es\",\"@id\":\"https:\\\/\\\/yonannlock.com\\\/vi\\\/#\\\/schema\\\/logo\\\/image\\\/\",\"url\":\"https:\\\/\\\/yonannlock.com\\\/wp-content\\\/uploads\\\/2026\\\/03\\\/cropped-LOGO-1.png\",\"contentUrl\":\"https:\\\/\\\/yonannlock.com\\\/wp-content\\\/uploads\\\/2026\\\/03\\\/cropped-LOGO-1.png\",\"width\":482,\"height\":167,\"caption\":\"Smart Lock Manufacturer And Supplier in China\"},\"image\":{\"@id\":\"https:\\\/\\\/yonannlock.com\\\/vi\\\/#\\\/schema\\\/logo\\\/image\\\/\"}}]}<\/script>\n<!-- \/ Yoast SEO plugin. -->","yoast_head_json":{"title":"Sistema de tarjeta llave para habitaci\u00f3n de hotel RFID de 125 kHz","description":"Proveedor y fabricante profesional de sistemas de tarjetas de acceso para habitaciones de hotel RFID durante 10 a\u00f1os, ofrecemos 2 a\u00f1os de garant\u00eda, software de cerradura de puerta de hotel gratuito.","robots":{"index":"index","follow":"follow","max-snippet":"max-snippet:-1","max-image-preview":"max-image-preview:large","max-video-preview":"max-video-preview:-1"},"canonical":"https:\/\/yonannlock.com\/es\/sistema-de-tarjeta-de-acceso-para-habitaciones-de-hotel-rfid-de-125-khz\/","og_locale":"es_ES","og_type":"article","og_title":"125Khz RFID Hotel Room Key Card System","og_description":"Professional RFID hotel room key card system supplier and manufacturer for 10 years,we offer 2 years warranty , free hotel door lock software.","og_url":"https:\/\/yonannlock.com\/es\/sistema-de-tarjeta-de-acceso-para-habitaciones-de-hotel-rfid-de-125-khz\/","og_site_name":"Smart Lock Manufacturer And Supplier in China","article_modified_time":"2025-05-22T09:41:34+00:00","twitter_card":"summary_large_image","schema":{"@context":"https:\/\/schema.org","@graph":[{"@type":"WebPage","@id":"https:\/\/yonannlock.com\/125khz-rfid-hotel-room-key-card-system\/","url":"https:\/\/yonannlock.com\/125khz-rfid-hotel-room-key-card-system\/","name":"Sistema de tarjeta llave para habitaci\u00f3n de hotel RFID de 125 kHz","isPartOf":{"@id":"https:\/\/yonannlock.com\/vi\/#website"},"datePublished":"2022-01-14T08:08:17+00:00","dateModified":"2025-05-22T09:41:34+00:00","description":"Proveedor y fabricante profesional de sistemas de tarjetas de acceso para habitaciones de hotel RFID durante 10 a\u00f1os, ofrecemos 2 a\u00f1os de garant\u00eda, software de cerradura de puerta de hotel gratuito.","breadcrumb":{"@id":"https:\/\/yonannlock.com\/125khz-rfid-hotel-room-key-card-system\/#breadcrumb"},"inLanguage":"es","potentialAction":[{"@type":"ReadAction","target":["https:\/\/yonannlock.com\/125khz-rfid-hotel-room-key-card-system\/"]}]},{"@type":"BreadcrumbList","@id":"https:\/\/yonannlock.com\/125khz-rfid-hotel-room-key-card-system\/#breadcrumb","itemListElement":[{"@type":"ListItem","position":1,"name":"Home","item":"https:\/\/yonannlock.com\/vi\/"},{"@type":"ListItem","position":2,"name":"125Khz RFID Hotel Room Key Card System"}]},{"@type":"WebSite","@id":"https:\/\/yonannlock.com\/vi\/#website","url":"https:\/\/yonannlock.com\/vi\/","name":"Fabricante y proveedor de cerraduras inteligentes en China","description":"","publisher":{"@id":"https:\/\/yonannlock.com\/vi\/#organization"},"potentialAction":[{"@type":"SearchAction","target":{"@type":"EntryPoint","urlTemplate":"https:\/\/yonannlock.com\/vi\/?s={search_term_string}"},"query-input":{"@type":"PropertyValueSpecification","valueRequired":true,"valueName":"search_term_string"}}],"inLanguage":"es"},{"@type":"Organization","@id":"https:\/\/yonannlock.com\/vi\/#organization","name":"Fabricante y proveedor de cerraduras inteligentes en China","url":"https:\/\/yonannlock.com\/vi\/","logo":{"@type":"ImageObject","inLanguage":"es","@id":"https:\/\/yonannlock.com\/vi\/#\/schema\/logo\/image\/","url":"https:\/\/yonannlock.com\/wp-content\/uploads\/2026\/03\/cropped-LOGO-1.png","contentUrl":"https:\/\/yonannlock.com\/wp-content\/uploads\/2026\/03\/cropped-LOGO-1.png","width":482,"height":167,"caption":"Smart Lock Manufacturer And Supplier in China"},"image":{"@id":"https:\/\/yonannlock.com\/vi\/#\/schema\/logo\/image\/"}}]}},"_links":{"self":[{"href":"https:\/\/yonannlock.com\/es\/wp-json\/wp\/v2\/pages\/4164","targetHints":{"allow":["GET"]}}],"collection":[{"href":"https:\/\/yonannlock.com\/es\/wp-json\/wp\/v2\/pages"}],"about":[{"href":"https:\/\/yonannlock.com\/es\/wp-json\/wp\/v2\/types\/page"}],"author":[{"embeddable":true,"href":"https:\/\/yonannlock.com\/es\/wp-json\/wp\/v2\/users\/1"}],"replies":[{"embeddable":true,"href":"https:\/\/yonannlock.com\/es\/wp-json\/wp\/v2\/comments?post=4164"}],"version-history":[{"count":10,"href":"https:\/\/yonannlock.com\/es\/wp-json\/wp\/v2\/pages\/4164\/revisions"}],"predecessor-version":[{"id":8857,"href":"https:\/\/yonannlock.com\/es\/wp-json\/wp\/v2\/pages\/4164\/revisions\/8857"}],"wp:attachment":[{"href":"https:\/\/yonannlock.com\/es\/wp-json\/wp\/v2\/media?parent=4164"}],"curies":[{"name":"gracias","href":"https:\/\/api.w.org\/{rel}","templated":true}]}}